{"id":12913,"date":"2026-03-12T16:54:49","date_gmt":"2026-03-12T16:54:49","guid":{"rendered":"https:\/\/trade.colart.com\/fr\/product\/lefranc-bourgeois-enfants-pinceau-grippy-poney-rond-assotiment-n61014\/"},"modified":"2026-04-15T14:23:04","modified_gmt":"2026-04-15T14:23:04","slug":"lefranc-bourgeois-enfants-pinceaux-grippy-en-poney-rond-n61014","status":"publish","type":"product","link":"https:\/\/trade.colart.com\/fr\/product\/lefranc-bourgeois-enfants-pinceaux-grippy-en-poney-rond-n61014\/","title":{"rendered":"Lefranc Bourgeois Enfants Pinceaux Grippy en Poney Rond (N\u00b06\/10\/14)"},"content":{"rendered":"<p>Regardez vos jeunes artistes am\u00e9liorer leur contr\u00f4le du pinceau avec nos sets de pinceaux pour enfants. Chaque set comprend trois pinceaux de qualit\u00e9 pour enfants avec poign\u00e9es antid\u00e9rapantes.<\/p>\n<p>Disponibles en mod\u00e8les et tailles diff\u00e9rents, nos pinceaux ronds en poils de poney sont id\u00e9aux pour dessiner les contours, les pinceaux ronds synth\u00e9tiques pour les d\u00e9tails et les pinceaux plats en poils de porc pour la couvrance. Nourrissez leur cr\u00e9ativit\u00e9 avec des sets de pinceaux de qualit\u00e9 pour l&#8217;\u00e9cole et la maison.<\/p>\n","protected":false},"excerpt":{"rendered":"<p>Regardez vos jeunes artistes am\u00e9liorer leur contr\u00f4le du pinceau avec nos sets de pinceaux pour enfants. Chaque set comprend trois pinceaux de qualit\u00e9 pour enfants avec poign\u00e9es antid\u00e9rapantes.<\/p>\n<p>Disponibles en mod\u00e8les et tailles diff\u00e9rents, nos pinceaux ronds en poils de poney sont id\u00e9aux pour dessiner les contours, les pinceaux ronds synth\u00e9tiques pour les d\u00e9tails et les pinceaux plats en poils de porc pour la couvrance. Nourrissez leur cr\u00e9ativit\u00e9 avec des sets de pinceaux de qualit\u00e9 pour l&#8217;\u00e9cole et la maison. <span class=\"more_dots\">&#8230;<\/span><\/p>\n<p><a class=\"btn btn-secondary understrap-read-more-link\" href=\"https:\/\/trade.colart.com\/fr\/product\/lefranc-bourgeois-enfants-pinceaux-grippy-en-poney-rond-n61014\/\">Read More&#8230;<span class=\"screen-reader-text\"> from Lefranc Bourgeois Enfants Pinceaux Grippy en Poney Rond (N\u00b06\/10\/14)<\/span><\/a><\/p>\n","protected":false},"featured_media":13597,"comment_status":"closed","ping_status":"closed","template":"","meta":{"_acf_changed":false},"product_brand":[],"product_cat":[2803],"product_tag":[],"class_list":{"0":"post-12913","1":"product","2":"type-product","3":"status-publish","4":"has-post-thumbnail","6":"product_cat-lefranc-bourgeois-enfants-10-ans-education-artistique-brosses-pinceaux-pinceaux-ergonomiques","8":"first","9":"instock","10":"shipping-taxable","11":"purchasable","12":"product-type-simple"},"acf":[],"_links":{"self":[{"href":"https:\/\/trade.colart.com\/fr\/wp-json\/wp\/v2\/product\/12913","targetHints":{"allow":["GET"]}}],"collection":[{"href":"https:\/\/trade.colart.com\/fr\/wp-json\/wp\/v2\/product"}],"about":[{"href":"https:\/\/trade.colart.com\/fr\/wp-json\/wp\/v2\/types\/product"}],"replies":[{"embeddable":true,"href":"https:\/\/trade.colart.com\/fr\/wp-json\/wp\/v2\/comments?post=12913"}],"wp:featuredmedia":[{"embeddable":true,"href":"https:\/\/trade.colart.com\/fr\/wp-json\/wp\/v2\/media\/13597"}],"wp:attachment":[{"href":"https:\/\/trade.colart.com\/fr\/wp-json\/wp\/v2\/media?parent=12913"}],"wp:term":[{"taxonomy":"product_brand","embeddable":true,"href":"https:\/\/trade.colart.com\/fr\/wp-json\/wp\/v2\/product_brand?post=12913"},{"taxonomy":"product_cat","embeddable":true,"href":"https:\/\/trade.colart.com\/fr\/wp-json\/wp\/v2\/product_cat?post=12913"},{"taxonomy":"product_tag","embeddable":true,"href":"https:\/\/trade.colart.com\/fr\/wp-json\/wp\/v2\/product_tag?post=12913"}],"curies":[{"name":"wp","href":"https:\/\/api.w.org\/{rel}","templated":true}]}}