{"id":12921,"date":"2026-03-12T15:52:29","date_gmt":"2026-03-12T15:52:29","guid":{"rendered":"https:\/\/trade.colart.com\/fr\/product\/lefranc-bourgeois-set-2-mini-chevalets\/"},"modified":"2026-04-15T15:21:10","modified_gmt":"2026-04-15T15:21:10","slug":"lefranc-bourgeois-pack-2-minis-chevalets","status":"publish","type":"product","link":"https:\/\/trade.colart.com\/fr\/product\/lefranc-bourgeois-pack-2-minis-chevalets\/","title":{"rendered":"Lefranc Bourgeois Pack 2 Minis Chevalets"},"content":{"rendered":"<p>Cr\u00e9ez et exposez vos propres petits chefs-d&#8217;\u0153uvre avec notre kit de deux mini chevalets. D&#8217;une taille de 12,5 cm, les deux chevalets de ce kit sont id\u00e9aux pour d\u00e9corer, rendre les f\u00eates encore plus sp\u00e9ciales et inspirer de jeunes artistes \u00e0 cr\u00e9er.<\/p>\n<p>Avec leur pied arri\u00e8re r\u00e9glable, vous pouvez ajuster chaque chevalet pour trouver l&#8217;angle d&#8217;affichage qui vous convient. Usage recommand\u00e9 \u00e0 partit de 8 ans.<\/p>\n","protected":false},"excerpt":{"rendered":"<p>Cr\u00e9ez et exposez vos propres petits chefs-d&#8217;\u0153uvre avec notre kit de deux mini chevalets. D&#8217;une taille de 12,5 cm, les deux chevalets de ce kit sont id\u00e9aux pour d\u00e9corer, rendre les f\u00eates encore plus sp\u00e9ciales et inspirer de jeunes artistes \u00e0 cr\u00e9er.<\/p>\n<p>Avec leur pied arri\u00e8re r\u00e9glable, vous pouvez ajuster chaque chevalet pour trouver l&#8217;angle d&#8217;affichage qui vous convient. Usage recommand\u00e9 \u00e0 partit de 8 ans. <span class=\"more_dots\">&#8230;<\/span><\/p>\n<p><a class=\"btn btn-secondary understrap-read-more-link\" href=\"https:\/\/trade.colart.com\/fr\/product\/lefranc-bourgeois-pack-2-minis-chevalets\/\">Read More&#8230;<span class=\"screen-reader-text\"> from Lefranc Bourgeois Pack 2 Minis Chevalets<\/span><\/a><\/p>\n","protected":false},"featured_media":13614,"comment_status":"closed","ping_status":"closed","template":"","meta":{"_acf_changed":false},"product_brand":[],"product_cat":[2858],"product_tag":[],"class_list":{"0":"post-12921","1":"product","2":"type-product","3":"status-publish","4":"has-post-thumbnail","6":"product_cat-lefranc-bourgeois-beaux-arts-chevalets-mannequins-chevalets","8":"first","9":"instock","10":"shipping-taxable","11":"purchasable","12":"product-type-simple"},"acf":[],"_links":{"self":[{"href":"https:\/\/trade.colart.com\/fr\/wp-json\/wp\/v2\/product\/12921","targetHints":{"allow":["GET"]}}],"collection":[{"href":"https:\/\/trade.colart.com\/fr\/wp-json\/wp\/v2\/product"}],"about":[{"href":"https:\/\/trade.colart.com\/fr\/wp-json\/wp\/v2\/types\/product"}],"replies":[{"embeddable":true,"href":"https:\/\/trade.colart.com\/fr\/wp-json\/wp\/v2\/comments?post=12921"}],"wp:featuredmedia":[{"embeddable":true,"href":"https:\/\/trade.colart.com\/fr\/wp-json\/wp\/v2\/media\/13614"}],"wp:attachment":[{"href":"https:\/\/trade.colart.com\/fr\/wp-json\/wp\/v2\/media?parent=12921"}],"wp:term":[{"taxonomy":"product_brand","embeddable":true,"href":"https:\/\/trade.colart.com\/fr\/wp-json\/wp\/v2\/product_brand?post=12921"},{"taxonomy":"product_cat","embeddable":true,"href":"https:\/\/trade.colart.com\/fr\/wp-json\/wp\/v2\/product_cat?post=12921"},{"taxonomy":"product_tag","embeddable":true,"href":"https:\/\/trade.colart.com\/fr\/wp-json\/wp\/v2\/product_tag?post=12921"}],"curies":[{"name":"wp","href":"https:\/\/api.w.org\/{rel}","templated":true}]}}