{"id":12922,"date":"2026-03-12T16:47:43","date_gmt":"2026-03-12T16:47:43","guid":{"rendered":"https:\/\/trade.colart.com\/fr\/product\/lefranc-bourgeois-chevalet-campagne-universel-titien\/"},"modified":"2026-04-13T09:57:25","modified_gmt":"2026-04-13T09:57:25","slug":"lefranc-bourgeois-chevalet-campagne-universel-titien","status":"publish","type":"product","link":"https:\/\/trade.colart.com\/fr\/product\/lefranc-bourgeois-chevalet-campagne-universel-titien\/","title":{"rendered":"Lefranc Bourgeois Chevalet Campagne Universel Titien"},"content":{"rendered":"<p>Peignez o\u00f9 vous voulez, en atelier ou en plein air avec notre chevalet portable Country. En bois de h\u00eatre huil\u00e9, ce chevalet de campagne est l\u00e9ger et durable avec une finition de haute qualit\u00e9.<\/p>\n<p>Facile \u00e0 assembler gr\u00e2ce \u00e0 ses supports de toile r\u00e9glables, il est id\u00e9al pour capturer des sc\u00e8nes ext\u00e9rieures avec confort. D&#8217;une hauteur de 90 cm lorsqu&#8217;il est r\u00e9tract\u00e9, il s&#8217;\u00e9tend \u00e0 1,86 m lorsqu&#8217;il est relev\u00e9, avec des dimensions de base de 77 x 75 cm.<\/p>\n","protected":false},"excerpt":{"rendered":"<p>Peignez o\u00f9 vous voulez, en atelier ou en plein air avec notre chevalet portable Country. En bois de h\u00eatre huil\u00e9, ce chevalet de campagne est l\u00e9ger et durable avec une finition de haute qualit\u00e9.<\/p>\n<p>Facile \u00e0 assembler gr\u00e2ce \u00e0 ses supports de toile r\u00e9glables, il est id\u00e9al pour capturer des sc\u00e8nes ext\u00e9rieures avec confort. D&#8217;une hauteur de 90 cm lorsqu&#8217;il est r\u00e9tract\u00e9, il s&#8217;\u00e9tend \u00e0 1,86 m lorsqu&#8217;il est relev\u00e9, avec des dimensions de base de 77 x 75 cm. <span class=\"more_dots\">&#8230;<\/span><\/p>\n<p><a class=\"btn btn-secondary understrap-read-more-link\" href=\"https:\/\/trade.colart.com\/fr\/product\/lefranc-bourgeois-chevalet-campagne-universel-titien\/\">Read More&#8230;<span class=\"screen-reader-text\"> from Lefranc Bourgeois Chevalet Campagne Universel Titien<\/span><\/a><\/p>\n","protected":false},"featured_media":13616,"comment_status":"closed","ping_status":"closed","template":"","meta":{"_acf_changed":false},"product_brand":[],"product_cat":[2858],"product_tag":[],"class_list":{"0":"post-12922","1":"product","2":"type-product","3":"status-publish","4":"has-post-thumbnail","6":"product_cat-lefranc-bourgeois-beaux-arts-chevalets-mannequins-chevalets","8":"first","9":"instock","10":"shipping-taxable","11":"purchasable","12":"product-type-simple"},"acf":[],"_links":{"self":[{"href":"https:\/\/trade.colart.com\/fr\/wp-json\/wp\/v2\/product\/12922","targetHints":{"allow":["GET"]}}],"collection":[{"href":"https:\/\/trade.colart.com\/fr\/wp-json\/wp\/v2\/product"}],"about":[{"href":"https:\/\/trade.colart.com\/fr\/wp-json\/wp\/v2\/types\/product"}],"replies":[{"embeddable":true,"href":"https:\/\/trade.colart.com\/fr\/wp-json\/wp\/v2\/comments?post=12922"}],"wp:featuredmedia":[{"embeddable":true,"href":"https:\/\/trade.colart.com\/fr\/wp-json\/wp\/v2\/media\/13616"}],"wp:attachment":[{"href":"https:\/\/trade.colart.com\/fr\/wp-json\/wp\/v2\/media?parent=12922"}],"wp:term":[{"taxonomy":"product_brand","embeddable":true,"href":"https:\/\/trade.colart.com\/fr\/wp-json\/wp\/v2\/product_brand?post=12922"},{"taxonomy":"product_cat","embeddable":true,"href":"https:\/\/trade.colart.com\/fr\/wp-json\/wp\/v2\/product_cat?post=12922"},{"taxonomy":"product_tag","embeddable":true,"href":"https:\/\/trade.colart.com\/fr\/wp-json\/wp\/v2\/product_tag?post=12922"}],"curies":[{"name":"wp","href":"https:\/\/api.w.org\/{rel}","templated":true}]}}