{"id":12923,"date":"2026-03-12T15:50:39","date_gmt":"2026-03-12T15:50:39","guid":{"rendered":"https:\/\/trade.colart.com\/fr\/product\/lefranc-bourgeois-chevalet-atelier-corot-studio\/"},"modified":"2026-04-15T10:37:57","modified_gmt":"2026-04-15T10:37:57","slug":"lefranc-bourgeois-chevalet-datelier-corot-studio","status":"publish","type":"product","link":"https:\/\/trade.colart.com\/fr\/product\/lefranc-bourgeois-chevalet-datelier-corot-studio\/","title":{"rendered":"Lefranc Bourgeois Chevalet d&#8217;Atelier Corot Studio"},"content":{"rendered":"<p>Cr\u00e9ez des \u0153uvres d&#8217;art inspirantes dans votre atelier avec notre chevalet Etudes Corot. Ce chevalet professionnel en bois de h\u00eatre est durable et enti\u00e8rement r\u00e9glable. Modifiez l&#8217;angle d&#8217;inclinaison pour trouver votre position id\u00e9ale et r\u00e9glez la hauteur de votre toile avec la cr\u00e9maill\u00e8re m\u00e9tallique.<\/p>\n<p>Id\u00e9al pour les grandes pi\u00e8ces, il convient aux toiles d&#8217;une hauteur maximale de 1,31 m. Dimensions pli\u00e9es &#8211; 1,98 x 0,55 x 0,15m. Dimensions ouvertes &#8211; 2,46 x 0,55 x 1,14 m. Poids : 6 kg<\/p>\n","protected":false},"excerpt":{"rendered":"<p>Cr\u00e9ez des \u0153uvres d&#8217;art inspirantes dans votre atelier avec notre chevalet Etudes Corot. Ce chevalet professionnel en bois de h\u00eatre est durable et enti\u00e8rement r\u00e9glable. Modifiez l&#8217;angle d&#8217;inclinaison pour trouver votre position id\u00e9ale et r\u00e9glez la hauteur de votre toile avec la cr\u00e9maill\u00e8re m\u00e9tallique.<\/p>\n<p>Id\u00e9al pour les grandes pi\u00e8ces, il convient aux toiles d&#8217;une hauteur maximale de 1,31 m. Dimensions pli\u00e9es &#8211; 1,98 x 0,55 x 0,15m. Dimensions ouvertes &#8211; 2,46 x 0,55 x 1,14 m. Poids : 6 kg <span class=\"more_dots\">&#8230;<\/span><\/p>\n<p><a class=\"btn btn-secondary understrap-read-more-link\" href=\"https:\/\/trade.colart.com\/fr\/product\/lefranc-bourgeois-chevalet-datelier-corot-studio\/\">Read More&#8230;<span class=\"screen-reader-text\"> from Lefranc Bourgeois Chevalet d&#8217;Atelier Corot Studio<\/span><\/a><\/p>\n","protected":false},"featured_media":13617,"comment_status":"closed","ping_status":"closed","template":"","meta":{"_acf_changed":false},"product_brand":[],"product_cat":[2858],"product_tag":[],"class_list":{"0":"post-12923","1":"product","2":"type-product","3":"status-publish","4":"has-post-thumbnail","6":"product_cat-lefranc-bourgeois-beaux-arts-chevalets-mannequins-chevalets","8":"first","9":"instock","10":"shipping-taxable","11":"purchasable","12":"product-type-simple"},"acf":[],"_links":{"self":[{"href":"https:\/\/trade.colart.com\/fr\/wp-json\/wp\/v2\/product\/12923","targetHints":{"allow":["GET"]}}],"collection":[{"href":"https:\/\/trade.colart.com\/fr\/wp-json\/wp\/v2\/product"}],"about":[{"href":"https:\/\/trade.colart.com\/fr\/wp-json\/wp\/v2\/types\/product"}],"replies":[{"embeddable":true,"href":"https:\/\/trade.colart.com\/fr\/wp-json\/wp\/v2\/comments?post=12923"}],"wp:featuredmedia":[{"embeddable":true,"href":"https:\/\/trade.colart.com\/fr\/wp-json\/wp\/v2\/media\/13617"}],"wp:attachment":[{"href":"https:\/\/trade.colart.com\/fr\/wp-json\/wp\/v2\/media?parent=12923"}],"wp:term":[{"taxonomy":"product_brand","embeddable":true,"href":"https:\/\/trade.colart.com\/fr\/wp-json\/wp\/v2\/product_brand?post=12923"},{"taxonomy":"product_cat","embeddable":true,"href":"https:\/\/trade.colart.com\/fr\/wp-json\/wp\/v2\/product_cat?post=12923"},{"taxonomy":"product_tag","embeddable":true,"href":"https:\/\/trade.colart.com\/fr\/wp-json\/wp\/v2\/product_tag?post=12923"}],"curies":[{"name":"wp","href":"https:\/\/api.w.org\/{rel}","templated":true}]}}