{"id":12924,"date":"2026-03-12T15:53:51","date_gmt":"2026-03-12T15:53:51","guid":{"rendered":"https:\/\/trade.colart.com\/fr\/product\/lefranc-bourgeois-chevalet-atelier-pin-courbet\/"},"modified":"2026-04-16T11:13:15","modified_gmt":"2026-04-16T11:13:15","slug":"lefranc-bourgeois-chevalet-datelier-pin-courbet","status":"publish","type":"product","link":"https:\/\/trade.colart.com\/fr\/product\/lefranc-bourgeois-chevalet-datelier-pin-courbet\/","title":{"rendered":"Lefranc Bourgeois Chevalet d&#8217;Atelier Pin Courbet"},"content":{"rendered":"<p>Peignez et dessinez en toute libert\u00e9 gr\u00e2ce \u00e0 notre chevalet d&#8217;atelier en pin Courbet. Ce chevalet d&#8217;atelier en pin massif est id\u00e9al pour les \u00e9tudiants et les professionnels. Parfait pour les grandes pi\u00e8ces, il peut accueillir des toiles mesurant jusqu&#8217;\u00e0 1,1 m.<\/p>\n<p>Enti\u00e8rement r\u00e9glable, vous pouvez modifier la hauteur et l&#8217;angle pour obtenir la position qui vous convient le mieux. Dimensions ouvert : 1,55 x 0,56 m. Poids : 2,75 kg<\/p>\n","protected":false},"excerpt":{"rendered":"<p>Peignez et dessinez en toute libert\u00e9 gr\u00e2ce \u00e0 notre chevalet d&#8217;atelier en pin Courbet. Ce chevalet d&#8217;atelier en pin massif est id\u00e9al pour les \u00e9tudiants et les professionnels. Parfait pour les grandes pi\u00e8ces, il peut accueillir des toiles mesurant jusqu&#8217;\u00e0 1,1 m.<\/p>\n<p>Enti\u00e8rement r\u00e9glable, vous pouvez modifier la hauteur et l&#8217;angle pour obtenir la position qui vous convient le mieux. Dimensions ouvert : 1,55 x 0,56 m. Poids : 2,75 kg <span class=\"more_dots\">&#8230;<\/span><\/p>\n<p><a class=\"btn btn-secondary understrap-read-more-link\" href=\"https:\/\/trade.colart.com\/fr\/product\/lefranc-bourgeois-chevalet-datelier-pin-courbet\/\">Read More&#8230;<span class=\"screen-reader-text\"> from Lefranc Bourgeois Chevalet d&#8217;Atelier Pin Courbet<\/span><\/a><\/p>\n","protected":false},"featured_media":13619,"comment_status":"closed","ping_status":"closed","template":"","meta":{"_acf_changed":false},"product_brand":[],"product_cat":[2858],"product_tag":[],"class_list":{"0":"post-12924","1":"product","2":"type-product","3":"status-publish","4":"has-post-thumbnail","6":"product_cat-lefranc-bourgeois-beaux-arts-chevalets-mannequins-chevalets","8":"first","9":"instock","10":"shipping-taxable","11":"purchasable","12":"product-type-simple"},"acf":[],"_links":{"self":[{"href":"https:\/\/trade.colart.com\/fr\/wp-json\/wp\/v2\/product\/12924","targetHints":{"allow":["GET"]}}],"collection":[{"href":"https:\/\/trade.colart.com\/fr\/wp-json\/wp\/v2\/product"}],"about":[{"href":"https:\/\/trade.colart.com\/fr\/wp-json\/wp\/v2\/types\/product"}],"replies":[{"embeddable":true,"href":"https:\/\/trade.colart.com\/fr\/wp-json\/wp\/v2\/comments?post=12924"}],"wp:featuredmedia":[{"embeddable":true,"href":"https:\/\/trade.colart.com\/fr\/wp-json\/wp\/v2\/media\/13619"}],"wp:attachment":[{"href":"https:\/\/trade.colart.com\/fr\/wp-json\/wp\/v2\/media?parent=12924"}],"wp:term":[{"taxonomy":"product_brand","embeddable":true,"href":"https:\/\/trade.colart.com\/fr\/wp-json\/wp\/v2\/product_brand?post=12924"},{"taxonomy":"product_cat","embeddable":true,"href":"https:\/\/trade.colart.com\/fr\/wp-json\/wp\/v2\/product_cat?post=12924"},{"taxonomy":"product_tag","embeddable":true,"href":"https:\/\/trade.colart.com\/fr\/wp-json\/wp\/v2\/product_tag?post=12924"}],"curies":[{"name":"wp","href":"https:\/\/api.w.org\/{rel}","templated":true}]}}