{"id":12925,"date":"2026-03-12T15:50:50","date_gmt":"2026-03-12T15:50:50","guid":{"rendered":"https:\/\/trade.colart.com\/fr\/product\/lefranc-bourgeois-chevalet-table-petit-modele-bazille\/"},"modified":"2026-04-14T11:38:24","modified_gmt":"2026-04-14T11:38:24","slug":"lefranc-bourgeois-chevalet-de-table-bazille","status":"publish","type":"product","link":"https:\/\/trade.colart.com\/fr\/product\/lefranc-bourgeois-chevalet-de-table-bazille\/","title":{"rendered":"Lefranc Bourgeois Chevalet de Table Bazille"},"content":{"rendered":"<p>Cr\u00e9ez des \u0153uvres d&#8217;art depuis votre bureau avec notre chevalet de table Bazille. Ce chevalet de table l\u00e9ger et portable est fabriqu\u00e9 en bois de h\u00eatre huil\u00e9 et ne p\u00e8se que 400 g. Petit chevalet \u00e0 patins, il est muni de pieds sup\u00e9rieurs mobiles permettant de r\u00e9gler la hauteur.<\/p>\n<p>Id\u00e9al pour cr\u00e9er de petites pi\u00e8ces, ce chevalet convient aux toiles jusqu&#8217;\u00e0 29 cm. Dimensions pli\u00e9 &amp; ouvert 43 x 16 x 14 cm<\/p>\n","protected":false},"excerpt":{"rendered":"<p>Cr\u00e9ez des \u0153uvres d&#8217;art depuis votre bureau avec notre chevalet de table Bazille. Ce chevalet de table l\u00e9ger et portable est fabriqu\u00e9 en bois de h\u00eatre huil\u00e9 et ne p\u00e8se que 400 g. Petit chevalet \u00e0 patins, il est muni de pieds sup\u00e9rieurs mobiles permettant de r\u00e9gler la hauteur.<\/p>\n<p>Id\u00e9al pour cr\u00e9er de petites pi\u00e8ces, ce chevalet convient aux toiles jusqu&#8217;\u00e0 29 cm. Dimensions pli\u00e9 &amp; ouvert 43 x 16 x 14 cm <span class=\"more_dots\">&#8230;<\/span><\/p>\n<p><a class=\"btn btn-secondary understrap-read-more-link\" href=\"https:\/\/trade.colart.com\/fr\/product\/lefranc-bourgeois-chevalet-de-table-bazille\/\">Read More&#8230;<span class=\"screen-reader-text\"> from Lefranc Bourgeois Chevalet de Table Bazille<\/span><\/a><\/p>\n","protected":false},"featured_media":13622,"comment_status":"closed","ping_status":"closed","template":"","meta":{"_acf_changed":false},"product_brand":[],"product_cat":[2858],"product_tag":[],"class_list":{"0":"post-12925","1":"product","2":"type-product","3":"status-publish","4":"has-post-thumbnail","6":"product_cat-lefranc-bourgeois-beaux-arts-chevalets-mannequins-chevalets","8":"first","9":"instock","10":"shipping-taxable","11":"purchasable","12":"product-type-simple"},"acf":[],"_links":{"self":[{"href":"https:\/\/trade.colart.com\/fr\/wp-json\/wp\/v2\/product\/12925","targetHints":{"allow":["GET"]}}],"collection":[{"href":"https:\/\/trade.colart.com\/fr\/wp-json\/wp\/v2\/product"}],"about":[{"href":"https:\/\/trade.colart.com\/fr\/wp-json\/wp\/v2\/types\/product"}],"replies":[{"embeddable":true,"href":"https:\/\/trade.colart.com\/fr\/wp-json\/wp\/v2\/comments?post=12925"}],"wp:featuredmedia":[{"embeddable":true,"href":"https:\/\/trade.colart.com\/fr\/wp-json\/wp\/v2\/media\/13622"}],"wp:attachment":[{"href":"https:\/\/trade.colart.com\/fr\/wp-json\/wp\/v2\/media?parent=12925"}],"wp:term":[{"taxonomy":"product_brand","embeddable":true,"href":"https:\/\/trade.colart.com\/fr\/wp-json\/wp\/v2\/product_brand?post=12925"},{"taxonomy":"product_cat","embeddable":true,"href":"https:\/\/trade.colart.com\/fr\/wp-json\/wp\/v2\/product_cat?post=12925"},{"taxonomy":"product_tag","embeddable":true,"href":"https:\/\/trade.colart.com\/fr\/wp-json\/wp\/v2\/product_tag?post=12925"}],"curies":[{"name":"wp","href":"https:\/\/api.w.org\/{rel}","templated":true}]}}