{"id":12926,"date":"2026-03-12T15:50:29","date_gmt":"2026-03-12T15:50:29","guid":{"rendered":"https:\/\/trade.colart.com\/fr\/product\/lefranc-bourgeois-chevalet-table-a-tablette-fixe-van-eyck\/"},"modified":"2026-04-10T11:55:17","modified_gmt":"2026-04-10T11:55:17","slug":"lefranc-bourgeois-chevalet-de-table-van-eyck","status":"publish","type":"product","link":"https:\/\/trade.colart.com\/fr\/product\/lefranc-bourgeois-chevalet-de-table-van-eyck\/","title":{"rendered":"Lefranc Bourgeois Chevalet de Table Van Eyck"},"content":{"rendered":"<p>Peignez et dessinez \u00e0 votre bureau en utilisant notre chevalet de table Van Eyck. En bois de h\u00eatre huil\u00e9, ce chevalet de table est l\u00e9ger et enti\u00e8rement r\u00e9glable, avec un support de toile inclinable. Compact, il se range facilement en se pliant \u00e0 plat.<\/p>\n<p>Id\u00e9al pour les petite espaces, il convient aux toiles jusqu&#8217;\u00e0 62 cm. Dimensions pli\u00e9es 90 x 29 x 9 cm. Dimensions ouvertes 110 x 28 x 33 cm. Poids : 1,4 kg<\/p>\n","protected":false},"excerpt":{"rendered":"<p>Peignez et dessinez \u00e0 votre bureau en utilisant notre chevalet de table Van Eyck. En bois de h\u00eatre huil\u00e9, ce chevalet de table est l\u00e9ger et enti\u00e8rement r\u00e9glable, avec un support de toile inclinable. Compact, il se range facilement en se pliant \u00e0 plat.<\/p>\n<p>Id\u00e9al pour les petite espaces, il convient aux toiles jusqu&#8217;\u00e0 62 cm. Dimensions pli\u00e9es 90 x 29 x 9 cm. Dimensions ouvertes 110 x 28 x 33 cm. Poids : 1,4 kg <span class=\"more_dots\">&#8230;<\/span><\/p>\n<p><a class=\"btn btn-secondary understrap-read-more-link\" href=\"https:\/\/trade.colart.com\/fr\/product\/lefranc-bourgeois-chevalet-de-table-van-eyck\/\">Read More&#8230;<span class=\"screen-reader-text\"> from Lefranc Bourgeois Chevalet de Table Van Eyck<\/span><\/a><\/p>\n","protected":false},"featured_media":13621,"comment_status":"closed","ping_status":"closed","template":"","meta":{"_acf_changed":false},"product_brand":[],"product_cat":[2858],"product_tag":[],"class_list":{"0":"post-12926","1":"product","2":"type-product","3":"status-publish","4":"has-post-thumbnail","6":"product_cat-lefranc-bourgeois-beaux-arts-chevalets-mannequins-chevalets","8":"first","9":"instock","10":"shipping-taxable","11":"purchasable","12":"product-type-simple"},"acf":[],"_links":{"self":[{"href":"https:\/\/trade.colart.com\/fr\/wp-json\/wp\/v2\/product\/12926","targetHints":{"allow":["GET"]}}],"collection":[{"href":"https:\/\/trade.colart.com\/fr\/wp-json\/wp\/v2\/product"}],"about":[{"href":"https:\/\/trade.colart.com\/fr\/wp-json\/wp\/v2\/types\/product"}],"replies":[{"embeddable":true,"href":"https:\/\/trade.colart.com\/fr\/wp-json\/wp\/v2\/comments?post=12926"}],"wp:featuredmedia":[{"embeddable":true,"href":"https:\/\/trade.colart.com\/fr\/wp-json\/wp\/v2\/media\/13621"}],"wp:attachment":[{"href":"https:\/\/trade.colart.com\/fr\/wp-json\/wp\/v2\/media?parent=12926"}],"wp:term":[{"taxonomy":"product_brand","embeddable":true,"href":"https:\/\/trade.colart.com\/fr\/wp-json\/wp\/v2\/product_brand?post=12926"},{"taxonomy":"product_cat","embeddable":true,"href":"https:\/\/trade.colart.com\/fr\/wp-json\/wp\/v2\/product_cat?post=12926"},{"taxonomy":"product_tag","embeddable":true,"href":"https:\/\/trade.colart.com\/fr\/wp-json\/wp\/v2\/product_tag?post=12926"}],"curies":[{"name":"wp","href":"https:\/\/api.w.org\/{rel}","templated":true}]}}