{"id":12927,"date":"2026-03-12T15:52:55","date_gmt":"2026-03-12T15:52:55","guid":{"rendered":"https:\/\/trade.colart.com\/fr\/product\/lefranc-bourgeois-chevalet-de-table-mini-velazquez\/"},"modified":"2026-04-13T09:56:04","modified_gmt":"2026-04-13T09:56:04","slug":"lefranc-bourgeois-chevalet-de-table-mini-velazquez","status":"publish","type":"product","link":"https:\/\/trade.colart.com\/fr\/product\/lefranc-bourgeois-chevalet-de-table-mini-velazquez\/","title":{"rendered":"Lefranc Bourgeois Chevalet de Table Mini Velazquez"},"content":{"rendered":"<p>Peignez et dessinez \u00e0 votre bureau avec plus de libert\u00e9 gr\u00e2ce \u00e0 notre mini chevalet de table Velazquez. Ce chevalet compact se range facilement : une fois pli\u00e9, son \u00e9paisseur  n&#8217;est que de 7 cm. Id\u00e9al pour les petites pi\u00e8ces, il dispose de trois pieds pliables avec des embouts en caoutchouc antid\u00e9rapants. <\/p>\n<p>En bois de h\u00eatre huil\u00e9, il est durable et peut accueillir des toiles mesurant jusqu&#8217;\u00e0 63 cm. Dimensions pli\u00e9es<br \/>\n 48 x 7 x 6 cm. Dimensions ouvertes 75 x 40 x 27 cm. Poids : 0,5 kg<\/p>\n","protected":false},"excerpt":{"rendered":"<p>Peignez et dessinez \u00e0 votre bureau avec plus de libert\u00e9 gr\u00e2ce \u00e0 notre mini chevalet de table Velazquez. Ce chevalet compact se range facilement : une fois pli\u00e9, son \u00e9paisseur  n&#8217;est que de 7 cm. Id\u00e9al pour les petites pi\u00e8ces, il dispose de trois pieds pliables avec des embouts en caoutchouc antid\u00e9rapants. <\/p>\n<p>En bois de h\u00eatre huil\u00e9, il est durable et peut accueillir des toiles mesurant jusqu&#8217;\u00e0 63 cm. Dimensions pli\u00e9es<br \/>\n 48 x 7 x 6 cm. Dimensions ouvertes 75 x 40 x 27 cm. Poids : 0,5 kg <span class=\"more_dots\">&#8230;<\/span><\/p>\n<p><a class=\"btn btn-secondary understrap-read-more-link\" href=\"https:\/\/trade.colart.com\/fr\/product\/lefranc-bourgeois-chevalet-de-table-mini-velazquez\/\">Read More&#8230;<span class=\"screen-reader-text\"> from Lefranc Bourgeois Chevalet de Table Mini Velazquez<\/span><\/a><\/p>\n","protected":false},"featured_media":13623,"comment_status":"closed","ping_status":"closed","template":"","meta":{"_acf_changed":false},"product_brand":[],"product_cat":[2858],"product_tag":[],"class_list":{"0":"post-12927","1":"product","2":"type-product","3":"status-publish","4":"has-post-thumbnail","6":"product_cat-lefranc-bourgeois-beaux-arts-chevalets-mannequins-chevalets","8":"first","9":"instock","10":"shipping-taxable","11":"purchasable","12":"product-type-simple"},"acf":[],"_links":{"self":[{"href":"https:\/\/trade.colart.com\/fr\/wp-json\/wp\/v2\/product\/12927","targetHints":{"allow":["GET"]}}],"collection":[{"href":"https:\/\/trade.colart.com\/fr\/wp-json\/wp\/v2\/product"}],"about":[{"href":"https:\/\/trade.colart.com\/fr\/wp-json\/wp\/v2\/types\/product"}],"replies":[{"embeddable":true,"href":"https:\/\/trade.colart.com\/fr\/wp-json\/wp\/v2\/comments?post=12927"}],"wp:featuredmedia":[{"embeddable":true,"href":"https:\/\/trade.colart.com\/fr\/wp-json\/wp\/v2\/media\/13623"}],"wp:attachment":[{"href":"https:\/\/trade.colart.com\/fr\/wp-json\/wp\/v2\/media?parent=12927"}],"wp:term":[{"taxonomy":"product_brand","embeddable":true,"href":"https:\/\/trade.colart.com\/fr\/wp-json\/wp\/v2\/product_brand?post=12927"},{"taxonomy":"product_cat","embeddable":true,"href":"https:\/\/trade.colart.com\/fr\/wp-json\/wp\/v2\/product_cat?post=12927"},{"taxonomy":"product_tag","embeddable":true,"href":"https:\/\/trade.colart.com\/fr\/wp-json\/wp\/v2\/product_tag?post=12927"}],"curies":[{"name":"wp","href":"https:\/\/api.w.org\/{rel}","templated":true}]}}