{"id":12928,"date":"2026-03-12T15:54:02","date_gmt":"2026-03-12T15:54:02","guid":{"rendered":"https:\/\/trade.colart.com\/fr\/product\/lefranc-bourgeois-chevalet-de-table-miro\/"},"modified":"2026-03-30T07:38:53","modified_gmt":"2026-03-30T07:38:53","slug":"lefranc-bourgeois-chevalet-de-table-miro","status":"publish","type":"product","link":"https:\/\/trade.colart.com\/fr\/product\/lefranc-bourgeois-chevalet-de-table-miro\/","title":{"rendered":"Lefranc Bourgeois Chevalet de Table Miro"},"content":{"rendered":"<p>Cr\u00e9ez de petites peintures et exposez-les avec notre chevalet de table Miro. Ce mini chevalet de table est fabriqu\u00e9 en bois de h\u00eatre huil\u00e9. Il procure une plus grande libert\u00e9 de mouvements lors de la cr\u00e9ation de petites pi\u00e8ces. <\/p>\n<p>Id\u00e9al pour exposer des \u0153uvres, il supporte des toiles mesurant jusqu&#8217;\u00e0 23cm de haut. Il s&#8217;agit d&#8217;un chevalet fixe. Dimensions 26 x 20 x 16 cm. Poids : 250 g<\/p>\n","protected":false},"excerpt":{"rendered":"<p>Cr\u00e9ez de petites peintures et exposez-les avec notre chevalet de table Miro. Ce mini chevalet de table est fabriqu\u00e9 en bois de h\u00eatre huil\u00e9. Il procure une plus grande libert\u00e9 de mouvements lors de la cr\u00e9ation de petites pi\u00e8ces. <\/p>\n<p>Id\u00e9al pour exposer des \u0153uvres, il supporte des toiles mesurant jusqu&#8217;\u00e0 23cm de haut. Il s&#8217;agit d&#8217;un chevalet fixe. Dimensions 26 x 20 x 16 cm. Poids : 250 g <span class=\"more_dots\">&#8230;<\/span><\/p>\n<p><a class=\"btn btn-secondary understrap-read-more-link\" href=\"https:\/\/trade.colart.com\/fr\/product\/lefranc-bourgeois-chevalet-de-table-miro\/\">Read More&#8230;<span class=\"screen-reader-text\"> from Lefranc Bourgeois Chevalet de Table Miro<\/span><\/a><\/p>\n","protected":false},"featured_media":13624,"comment_status":"closed","ping_status":"closed","template":"","meta":{"_acf_changed":false},"product_brand":[],"product_cat":[2858],"product_tag":[],"class_list":{"0":"post-12928","1":"product","2":"type-product","3":"status-publish","4":"has-post-thumbnail","6":"product_cat-lefranc-bourgeois-beaux-arts-chevalets-mannequins-chevalets","8":"first","9":"outofstock","10":"shipping-taxable","11":"purchasable","12":"product-type-simple"},"acf":[],"_links":{"self":[{"href":"https:\/\/trade.colart.com\/fr\/wp-json\/wp\/v2\/product\/12928","targetHints":{"allow":["GET"]}}],"collection":[{"href":"https:\/\/trade.colart.com\/fr\/wp-json\/wp\/v2\/product"}],"about":[{"href":"https:\/\/trade.colart.com\/fr\/wp-json\/wp\/v2\/types\/product"}],"replies":[{"embeddable":true,"href":"https:\/\/trade.colart.com\/fr\/wp-json\/wp\/v2\/comments?post=12928"}],"wp:featuredmedia":[{"embeddable":true,"href":"https:\/\/trade.colart.com\/fr\/wp-json\/wp\/v2\/media\/13624"}],"wp:attachment":[{"href":"https:\/\/trade.colart.com\/fr\/wp-json\/wp\/v2\/media?parent=12928"}],"wp:term":[{"taxonomy":"product_brand","embeddable":true,"href":"https:\/\/trade.colart.com\/fr\/wp-json\/wp\/v2\/product_brand?post=12928"},{"taxonomy":"product_cat","embeddable":true,"href":"https:\/\/trade.colart.com\/fr\/wp-json\/wp\/v2\/product_cat?post=12928"},{"taxonomy":"product_tag","embeddable":true,"href":"https:\/\/trade.colart.com\/fr\/wp-json\/wp\/v2\/product_tag?post=12928"}],"curies":[{"name":"wp","href":"https:\/\/api.w.org\/{rel}","templated":true}]}}