{"id":12929,"date":"2026-03-12T15:53:07","date_gmt":"2026-03-12T15:53:07","guid":{"rendered":"https:\/\/trade.colart.com\/fr\/product\/lefranc-bourgeois-boite-chevalet-de-table-lutrin-ouv-cote-botticelli\/"},"modified":"2026-04-13T10:56:54","modified_gmt":"2026-04-13T10:56:54","slug":"lefranc-bourgeois-chevalet-de-table-et-lutrin-botticelli","status":"publish","type":"product","link":"https:\/\/trade.colart.com\/fr\/product\/lefranc-bourgeois-chevalet-de-table-et-lutrin-botticelli\/","title":{"rendered":"Lefranc Bourgeois Chevalet de table et Lutrin Botticelli"},"content":{"rendered":"<p>Peignez partout avec notre bo\u00eete chevalet de table lutrin Botticelli portable. Cette bo\u00eete chevalet en bois de h\u00eatre huil\u00e9 permet de ranger vos mat\u00e9riaux dans son tiroir pratique. Avec sa poign\u00e9e confortable, il est \u00e9galement facile \u00e0 transporter.<\/p>\n<p>R\u00e9glable, il est id\u00e9al pour le travail en atelier et en ext\u00e9rieur. il peut contenir des toiles jusqu&#8217;\u00e0 84 cm. Dimensions ferm\u00e9 13 x 42 x 37 cm. Dimensions ouvert : 87 x 42 x 37 cm. Poids : 4,2 kg<\/p>\n","protected":false},"excerpt":{"rendered":"<p>Peignez partout avec notre bo\u00eete chevalet de table lutrin Botticelli portable. Cette bo\u00eete chevalet en bois de h\u00eatre huil\u00e9 permet de ranger vos mat\u00e9riaux dans son tiroir pratique. Avec sa poign\u00e9e confortable, il est \u00e9galement facile \u00e0 transporter.<\/p>\n<p>R\u00e9glable, il est id\u00e9al pour le travail en atelier et en ext\u00e9rieur. il peut contenir des toiles jusqu&#8217;\u00e0 84 cm. Dimensions ferm\u00e9 13 x 42 x 37 cm. Dimensions ouvert : 87 x 42 x 37 cm. Poids : 4,2 kg <span class=\"more_dots\">&#8230;<\/span><\/p>\n<p><a class=\"btn btn-secondary understrap-read-more-link\" href=\"https:\/\/trade.colart.com\/fr\/product\/lefranc-bourgeois-chevalet-de-table-et-lutrin-botticelli\/\">Read More&#8230;<span class=\"screen-reader-text\"> from Lefranc Bourgeois Chevalet de table et Lutrin Botticelli<\/span><\/a><\/p>\n","protected":false},"featured_media":13627,"comment_status":"closed","ping_status":"closed","template":"","meta":{"_acf_changed":false},"product_brand":[],"product_cat":[2858],"product_tag":[],"class_list":{"0":"post-12929","1":"product","2":"type-product","3":"status-publish","4":"has-post-thumbnail","6":"product_cat-lefranc-bourgeois-beaux-arts-chevalets-mannequins-chevalets","8":"first","9":"instock","10":"shipping-taxable","11":"purchasable","12":"product-type-simple"},"acf":[],"_links":{"self":[{"href":"https:\/\/trade.colart.com\/fr\/wp-json\/wp\/v2\/product\/12929","targetHints":{"allow":["GET"]}}],"collection":[{"href":"https:\/\/trade.colart.com\/fr\/wp-json\/wp\/v2\/product"}],"about":[{"href":"https:\/\/trade.colart.com\/fr\/wp-json\/wp\/v2\/types\/product"}],"replies":[{"embeddable":true,"href":"https:\/\/trade.colart.com\/fr\/wp-json\/wp\/v2\/comments?post=12929"}],"wp:featuredmedia":[{"embeddable":true,"href":"https:\/\/trade.colart.com\/fr\/wp-json\/wp\/v2\/media\/13627"}],"wp:attachment":[{"href":"https:\/\/trade.colart.com\/fr\/wp-json\/wp\/v2\/media?parent=12929"}],"wp:term":[{"taxonomy":"product_brand","embeddable":true,"href":"https:\/\/trade.colart.com\/fr\/wp-json\/wp\/v2\/product_brand?post=12929"},{"taxonomy":"product_cat","embeddable":true,"href":"https:\/\/trade.colart.com\/fr\/wp-json\/wp\/v2\/product_cat?post=12929"},{"taxonomy":"product_tag","embeddable":true,"href":"https:\/\/trade.colart.com\/fr\/wp-json\/wp\/v2\/product_tag?post=12929"}],"curies":[{"name":"wp","href":"https:\/\/api.w.org\/{rel}","templated":true}]}}