{"id":12932,"date":"2026-01-02T02:37:12","date_gmt":"2026-01-02T02:37:12","guid":{"rendered":"https:\/\/trade.colart.com\/fr\/product\/lefranc-bourgeois-pack-pinceaux-mixte-grippy-enfants\/"},"modified":"2026-04-09T12:53:26","modified_gmt":"2026-04-09T12:53:26","slug":"lefranc-bourgeois-enfants-coffret-de-144-pinceaux-argonomiques-ronds-et-plats","status":"publish","type":"product","link":"https:\/\/trade.colart.com\/fr\/product\/lefranc-bourgeois-enfants-coffret-de-144-pinceaux-argonomiques-ronds-et-plats\/","title":{"rendered":"Lefranc Bourgeois Enfants Coffret de 144 Pinceaux Argonomiques Ronds et Plats"},"content":{"rendered":"<p>Ne soyez plus jamais \u00e0 court de pinceaux gr\u00e2ce \u00e0 nos pinceaux ronds et plats Easy Grip Kids School Pack. 144 pinceaux assortis avec des poign\u00e9es faciles \u00e0 saisir. <\/p>\n<p>Cet \u00e9norme ensemble contient 72 pinceaux ronds (No2, 4, 6, 8, 10 et 12) pour remplir la couleur, 36 pinceaux synth\u00e9tiques ronds (No2, 8 et 12) pour peindre les d\u00e9tails et 36 pinceaux plats en poils de porc (No8, 10 et 12) pour couvrir et faire des traits courts. Id\u00e9al pour les \u00e9coles.<\/p>\n","protected":false},"excerpt":{"rendered":"<p>Ne soyez plus jamais \u00e0 court de pinceaux gr\u00e2ce \u00e0 nos pinceaux ronds et plats Easy Grip Kids School Pack. 144 pinceaux assortis avec des poign\u00e9es faciles \u00e0 saisir. <\/p>\n<p>Cet \u00e9norme ensemble contient 72 pinceaux ronds (No2, 4, 6, 8, 10 et 12) pour remplir la couleur, 36 pinceaux synth\u00e9tiques ronds (No2, 8 et 12) pour peindre les d\u00e9tails et 36 pinceaux plats en poils de porc (No8, 10 et 12) pour couvrir et faire des traits courts. Id\u00e9al pour les \u00e9coles. <span class=\"more_dots\">&#8230;<\/span><\/p>\n<p><a class=\"btn btn-secondary understrap-read-more-link\" href=\"https:\/\/trade.colart.com\/fr\/product\/lefranc-bourgeois-enfants-coffret-de-144-pinceaux-argonomiques-ronds-et-plats\/\">Read More&#8230;<span class=\"screen-reader-text\"> from Lefranc Bourgeois Enfants Coffret de 144 Pinceaux Argonomiques Ronds et Plats<\/span><\/a><\/p>\n","protected":false},"featured_media":13631,"comment_status":"closed","ping_status":"closed","template":"","meta":{"_acf_changed":false},"product_brand":[],"product_cat":[2805],"product_tag":[],"class_list":{"0":"post-12932","1":"product","2":"type-product","3":"status-publish","4":"has-post-thumbnail","6":"product_cat-lefranc-bourgeois-enfants-school-packs","8":"first","9":"instock","10":"shipping-taxable","11":"purchasable","12":"product-type-simple"},"acf":[],"_links":{"self":[{"href":"https:\/\/trade.colart.com\/fr\/wp-json\/wp\/v2\/product\/12932","targetHints":{"allow":["GET"]}}],"collection":[{"href":"https:\/\/trade.colart.com\/fr\/wp-json\/wp\/v2\/product"}],"about":[{"href":"https:\/\/trade.colart.com\/fr\/wp-json\/wp\/v2\/types\/product"}],"replies":[{"embeddable":true,"href":"https:\/\/trade.colart.com\/fr\/wp-json\/wp\/v2\/comments?post=12932"}],"wp:featuredmedia":[{"embeddable":true,"href":"https:\/\/trade.colart.com\/fr\/wp-json\/wp\/v2\/media\/13631"}],"wp:attachment":[{"href":"https:\/\/trade.colart.com\/fr\/wp-json\/wp\/v2\/media?parent=12932"}],"wp:term":[{"taxonomy":"product_brand","embeddable":true,"href":"https:\/\/trade.colart.com\/fr\/wp-json\/wp\/v2\/product_brand?post=12932"},{"taxonomy":"product_cat","embeddable":true,"href":"https:\/\/trade.colart.com\/fr\/wp-json\/wp\/v2\/product_cat?post=12932"},{"taxonomy":"product_tag","embeddable":true,"href":"https:\/\/trade.colart.com\/fr\/wp-json\/wp\/v2\/product_tag?post=12932"}],"curies":[{"name":"wp","href":"https:\/\/api.w.org\/{rel}","templated":true}]}}