{"id":12934,"date":"2026-04-07T10:04:08","date_gmt":"2026-04-07T10:04:08","guid":{"rendered":"https:\/\/trade.colart.com\/fr\/product\/lefranc-bourgeois-value-pack-multi-3-pinceaux\/"},"modified":"2026-04-16T10:57:07","modified_gmt":"2026-04-16T10:57:07","slug":"lefranc-bourgeois-enfants-assortiment-de-3-pinceaux-synth%c3%a9tique","status":"publish","type":"product","link":"https:\/\/trade.colart.com\/fr\/product\/lefranc-bourgeois-enfants-assortiment-de-3-pinceaux-synth%c3%a9tique\/","title":{"rendered":"Lefranc Bourgeois Enfants Assortiment de 3 Pinceaux Synth\u00e9tique"},"content":{"rendered":"<p>Cr\u00e9ez des \u0153uvres d&#8217;art avec toutes les techniques gr\u00e2ce \u00e0 nos packs de pinceaux synth\u00e9tiques multi-usages. Ce kit de pinceaux \u00e0 pointe synth\u00e9tique assortis est aussi bien adapt\u00e9 \u00e0 l&#8217;acrylique, la gouache, l&#8217;encre et l&#8217;aquarelle.<\/p>\n<p>Chaque kit inclut des pinceaux \u00e0 bouts ronds pour les d\u00e9tails et les contours et des pinceaux \u00e0 bouts plats pour les traits gras et les grandes surfaces. Fabriqu\u00e9s en fibres synth\u00e9tiques solides et durables, ils sont parfaits pour les \u00e9tudiants. Choisissez votre kit d\u00e8s \u00e0 pr\u00e9sent<\/p>\n","protected":false},"excerpt":{"rendered":"<p>Cr\u00e9ez des \u0153uvres d&#8217;art avec toutes les techniques gr\u00e2ce \u00e0 nos packs de pinceaux synth\u00e9tiques multi-usages. Ce kit de pinceaux \u00e0 pointe synth\u00e9tique assortis est aussi bien adapt\u00e9 \u00e0 l&#8217;acrylique, la gouache, l&#8217;encre et l&#8217;aquarelle.<\/p>\n<p>Chaque kit inclut des pinceaux \u00e0 bouts ronds pour les d\u00e9tails et les contours et des pinceaux \u00e0 bouts plats pour les traits gras et les grandes surfaces. Fabriqu\u00e9s en fibres synth\u00e9tiques solides et durables, ils sont parfaits pour les \u00e9tudiants. Choisissez votre kit d\u00e8s \u00e0 pr\u00e9sent <span class=\"more_dots\">&#8230;<\/span><\/p>\n<p><a class=\"btn btn-secondary understrap-read-more-link\" href=\"https:\/\/trade.colart.com\/fr\/product\/lefranc-bourgeois-enfants-assortiment-de-3-pinceaux-synth%c3%a9tique\/\">Read More&#8230;<span class=\"screen-reader-text\"> from Lefranc Bourgeois Enfants Assortiment de 3 Pinceaux Synth\u00e9tique<\/span><\/a><\/p>\n","protected":false},"featured_media":13632,"comment_status":"closed","ping_status":"closed","template":"","meta":{"_acf_changed":false},"product_brand":[],"product_cat":[2853],"product_tag":[],"class_list":{"0":"post-12934","1":"product","2":"type-product","3":"status-publish","4":"has-post-thumbnail","6":"product_cat-lefranc-bourgeois-beaux-arts-applicateurs-pinceaux-pinceaux-huile-acrylique","8":"first","9":"instock","10":"shipping-taxable","11":"purchasable","12":"product-type-simple"},"acf":[],"_links":{"self":[{"href":"https:\/\/trade.colart.com\/fr\/wp-json\/wp\/v2\/product\/12934","targetHints":{"allow":["GET"]}}],"collection":[{"href":"https:\/\/trade.colart.com\/fr\/wp-json\/wp\/v2\/product"}],"about":[{"href":"https:\/\/trade.colart.com\/fr\/wp-json\/wp\/v2\/types\/product"}],"replies":[{"embeddable":true,"href":"https:\/\/trade.colart.com\/fr\/wp-json\/wp\/v2\/comments?post=12934"}],"wp:featuredmedia":[{"embeddable":true,"href":"https:\/\/trade.colart.com\/fr\/wp-json\/wp\/v2\/media\/13632"}],"wp:attachment":[{"href":"https:\/\/trade.colart.com\/fr\/wp-json\/wp\/v2\/media?parent=12934"}],"wp:term":[{"taxonomy":"product_brand","embeddable":true,"href":"https:\/\/trade.colart.com\/fr\/wp-json\/wp\/v2\/product_brand?post=12934"},{"taxonomy":"product_cat","embeddable":true,"href":"https:\/\/trade.colart.com\/fr\/wp-json\/wp\/v2\/product_cat?post=12934"},{"taxonomy":"product_tag","embeddable":true,"href":"https:\/\/trade.colart.com\/fr\/wp-json\/wp\/v2\/product_tag?post=12934"}],"curies":[{"name":"wp","href":"https:\/\/api.w.org\/{rel}","templated":true}]}}