{"id":12935,"date":"2026-03-12T12:14:06","date_gmt":"2026-03-12T12:14:06","guid":{"rendered":"https:\/\/trade.colart.com\/fr\/product\/lefranc-bourgeois-linel-gouache-extra-fine-pinceaux-multi-usage-set\/"},"modified":"2026-04-12T10:48:58","modified_gmt":"2026-04-12T10:48:58","slug":"lefranc-bourgeois-assortiment-de-4-pinceaux-synth%c3%a9tique","status":"publish","type":"product","link":"https:\/\/trade.colart.com\/fr\/product\/lefranc-bourgeois-assortiment-de-4-pinceaux-synth%c3%a9tique\/","title":{"rendered":"Lefranc Bourgeois Assortiment de 4 Pinceaux Synth\u00e9tique"},"content":{"rendered":"<p>Exprimez-vous davantage avec notre kit de pinceaux synth\u00e9tiques pour gouache extra-fine. 4 pinceaux professionnels assortis pour la gouache, l&#8217;aquarelle et l&#8217;encre. Ce kit comprend les pinceaux ronds N\u00b00 et N\u00b04, les pinceaux lettres N\u00b01 et les pinceaux lavis 10 mm, sp\u00e9cialement adapt\u00e9s \u00e0 la peinture de d\u00e9tails et de glacis, et pour couvrir et estomper.<\/p>\n<p>Fabriqu\u00e9 \u00e0 partir de fibres synth\u00e9tiques de haute qualit\u00e9, chaque pinceau a une bon \u00e9lasticit\u00e9 et une excellente charge de couleur. Con\u00e7us pour les artistes, les manches courts sont faits pour faciliter leu travail de pr\u00e9cision.<\/p>\n","protected":false},"excerpt":{"rendered":"<p>Exprimez-vous davantage avec notre kit de pinceaux synth\u00e9tiques pour gouache extra-fine. 4 pinceaux professionnels assortis pour la gouache, l&#8217;aquarelle et l&#8217;encre. Ce kit comprend les pinceaux ronds N\u00b00 et N\u00b04, les pinceaux lettres N\u00b01 et les pinceaux lavis 10 mm, sp\u00e9cialement adapt\u00e9s \u00e0 la peinture de d\u00e9tails et de glacis, et pour couvrir et estomper.<\/p>\n<p>Fabriqu\u00e9 \u00e0 partir de fibres synth\u00e9tiques de haute qualit\u00e9, chaque pinceau a une bon \u00e9lasticit\u00e9 et une excellente charge de couleur. Con\u00e7us pour les artistes, les manches courts sont faits pour faciliter leu travail de pr\u00e9cision. <span class=\"more_dots\">&#8230;<\/span><\/p>\n<p><a class=\"btn btn-secondary understrap-read-more-link\" href=\"https:\/\/trade.colart.com\/fr\/product\/lefranc-bourgeois-assortiment-de-4-pinceaux-synth%c3%a9tique\/\">Read More&#8230;<span class=\"screen-reader-text\"> from Lefranc Bourgeois Assortiment de 4 Pinceaux Synth\u00e9tique<\/span><\/a><\/p>\n","protected":false},"featured_media":13633,"comment_status":"closed","ping_status":"closed","template":"","meta":{"_acf_changed":false},"product_brand":[],"product_cat":[2853],"product_tag":[],"class_list":{"0":"post-12935","1":"product","2":"type-product","3":"status-publish","4":"has-post-thumbnail","6":"product_cat-lefranc-bourgeois-beaux-arts-applicateurs-pinceaux-pinceaux-huile-acrylique","8":"first","9":"instock","10":"shipping-taxable","11":"purchasable","12":"product-type-simple"},"acf":[],"_links":{"self":[{"href":"https:\/\/trade.colart.com\/fr\/wp-json\/wp\/v2\/product\/12935","targetHints":{"allow":["GET"]}}],"collection":[{"href":"https:\/\/trade.colart.com\/fr\/wp-json\/wp\/v2\/product"}],"about":[{"href":"https:\/\/trade.colart.com\/fr\/wp-json\/wp\/v2\/types\/product"}],"replies":[{"embeddable":true,"href":"https:\/\/trade.colart.com\/fr\/wp-json\/wp\/v2\/comments?post=12935"}],"wp:featuredmedia":[{"embeddable":true,"href":"https:\/\/trade.colart.com\/fr\/wp-json\/wp\/v2\/media\/13633"}],"wp:attachment":[{"href":"https:\/\/trade.colart.com\/fr\/wp-json\/wp\/v2\/media?parent=12935"}],"wp:term":[{"taxonomy":"product_brand","embeddable":true,"href":"https:\/\/trade.colart.com\/fr\/wp-json\/wp\/v2\/product_brand?post=12935"},{"taxonomy":"product_cat","embeddable":true,"href":"https:\/\/trade.colart.com\/fr\/wp-json\/wp\/v2\/product_cat?post=12935"},{"taxonomy":"product_tag","embeddable":true,"href":"https:\/\/trade.colart.com\/fr\/wp-json\/wp\/v2\/product_tag?post=12935"}],"curies":[{"name":"wp","href":"https:\/\/api.w.org\/{rel}","templated":true}]}}