{"id":12936,"date":"2026-03-12T09:09:22","date_gmt":"2026-03-12T09:09:22","guid":{"rendered":"https:\/\/trade.colart.com\/fr\/product\/lefranc-bourgeois-enfants-pack-20-baby-brosses\/"},"modified":"2026-04-17T09:07:56","modified_gmt":"2026-04-17T09:07:56","slug":"lefranc-bourgeois-enfants-pack-de-20-pinceaux-brosses-pour-b%c3%a9b%c3%a9","status":"publish","type":"product","link":"https:\/\/trade.colart.com\/fr\/product\/lefranc-bourgeois-enfants-pack-de-20-pinceaux-brosses-pour-b%c3%a9b%c3%a9\/","title":{"rendered":"Lefranc Bourgeois Enfants Pack de 20 Pinceaux Brosses pour B\u00e9b\u00e9"},"content":{"rendered":"<p>Obtenez des pinceaux faits pour les petites mains avec notre pack Mes Premiers Pinceaux pour enfants. 20 pinceaux pour b\u00e9b\u00e9s dans cinq couleurs passionnantes. Facile \u00e0 nettoyer, chaque pinceau est dot\u00e9 d&#8217;une pointe en poils de porc r\u00e9sistante et d&#8217;un manche court et ergonomique con\u00e7u pour les artistes en herbe. <\/p>\n<p>Ce pack est id\u00e9al pour d\u00e9couvrir les couleurs et la peinture \u00e0 la cr\u00e8che et \u00e0 l&#8217;\u00e9cole. Convient aux enfants de 2 ans et plus.<\/p>\n","protected":false},"excerpt":{"rendered":"<p>Obtenez des pinceaux faits pour les petites mains avec notre pack Mes Premiers Pinceaux pour enfants. 20 pinceaux pour b\u00e9b\u00e9s dans cinq couleurs passionnantes. Facile \u00e0 nettoyer, chaque pinceau est dot\u00e9 d&#8217;une pointe en poils de porc r\u00e9sistante et d&#8217;un manche court et ergonomique con\u00e7u pour les artistes en herbe. <\/p>\n<p>Ce pack est id\u00e9al pour d\u00e9couvrir les couleurs et la peinture \u00e0 la cr\u00e8che et \u00e0 l&#8217;\u00e9cole. Convient aux enfants de 2 ans et plus. <span class=\"more_dots\">&#8230;<\/span><\/p>\n<p><a class=\"btn btn-secondary understrap-read-more-link\" href=\"https:\/\/trade.colart.com\/fr\/product\/lefranc-bourgeois-enfants-pack-de-20-pinceaux-brosses-pour-b%c3%a9b%c3%a9\/\">Read More&#8230;<span class=\"screen-reader-text\"> from Lefranc Bourgeois Enfants Pack de 20 Pinceaux Brosses pour B\u00e9b\u00e9<\/span><\/a><\/p>\n","protected":false},"featured_media":13634,"comment_status":"closed","ping_status":"closed","template":"","meta":{"_acf_changed":false},"product_brand":[],"product_cat":[2805],"product_tag":[],"class_list":{"0":"post-12936","1":"product","2":"type-product","3":"status-publish","4":"has-post-thumbnail","6":"product_cat-lefranc-bourgeois-enfants-school-packs","8":"first","9":"instock","10":"shipping-taxable","11":"purchasable","12":"product-type-simple"},"acf":[],"_links":{"self":[{"href":"https:\/\/trade.colart.com\/fr\/wp-json\/wp\/v2\/product\/12936","targetHints":{"allow":["GET"]}}],"collection":[{"href":"https:\/\/trade.colart.com\/fr\/wp-json\/wp\/v2\/product"}],"about":[{"href":"https:\/\/trade.colart.com\/fr\/wp-json\/wp\/v2\/types\/product"}],"replies":[{"embeddable":true,"href":"https:\/\/trade.colart.com\/fr\/wp-json\/wp\/v2\/comments?post=12936"}],"wp:featuredmedia":[{"embeddable":true,"href":"https:\/\/trade.colart.com\/fr\/wp-json\/wp\/v2\/media\/13634"}],"wp:attachment":[{"href":"https:\/\/trade.colart.com\/fr\/wp-json\/wp\/v2\/media?parent=12936"}],"wp:term":[{"taxonomy":"product_brand","embeddable":true,"href":"https:\/\/trade.colart.com\/fr\/wp-json\/wp\/v2\/product_brand?post=12936"},{"taxonomy":"product_cat","embeddable":true,"href":"https:\/\/trade.colart.com\/fr\/wp-json\/wp\/v2\/product_cat?post=12936"},{"taxonomy":"product_tag","embeddable":true,"href":"https:\/\/trade.colart.com\/fr\/wp-json\/wp\/v2\/product_tag?post=12936"}],"curies":[{"name":"wp","href":"https:\/\/api.w.org\/{rel}","templated":true}]}}