{"id":12939,"date":"2026-01-02T06:09:38","date_gmt":"2026-01-02T06:09:38","guid":{"rendered":"https:\/\/trade.colart.com\/fr\/product\/lefranc-bourgeois-assortiment-pastel-huile-x24\/"},"modified":"2026-04-16T13:51:39","modified_gmt":"2026-04-16T13:51:39","slug":"lefranc-bourgeois-assortiment-louvre-de-pastel-%c3%a0-lhuile-2","status":"publish","type":"product","link":"https:\/\/trade.colart.com\/fr\/product\/lefranc-bourgeois-assortiment-louvre-de-pastel-%c3%a0-lhuile-2\/","title":{"rendered":"Lefranc Bourgeois Assortiment Louvre de Pastel \u00e0 l&#8217;Huile"},"content":{"rendered":"<p>Faites des croquis, des glacis et des m\u00e9langes avec nos sets de pastels \u00e0 l&#8217;huile Louvre. Ce set de pastels de qualit\u00e9 artistique pr\u00e9sente des couleurs riches et brillantes, adapt\u00e9es au papier, \u00e0 la toile et au carton. D&#8217;une texture douce et mall\u00e9able, chaque pastel peut \u00eatre taill\u00e9.<\/p>\n<p>Id\u00e9al pour les m\u00e9langes, chaque pastel est fait pour \u00eatre m\u00e9lang\u00e9 et peut \u00eatre transform\u00e9 avec des additifs, y compris de la t\u00e9r\u00e9benthine pour des lavis transparents et superpos\u00e9 pour des effets d&#8217;emp\u00e2tement en relief.<\/p>\n","protected":false},"excerpt":{"rendered":"<p>Faites des croquis, des glacis et des m\u00e9langes avec nos sets de pastels \u00e0 l&#8217;huile Louvre. Ce set de pastels de qualit\u00e9 artistique pr\u00e9sente des couleurs riches et brillantes, adapt\u00e9es au papier, \u00e0 la toile et au carton. D&#8217;une texture douce et mall\u00e9able, chaque pastel peut \u00eatre taill\u00e9.<\/p>\n<p>Id\u00e9al pour les m\u00e9langes, chaque pastel est fait pour \u00eatre m\u00e9lang\u00e9 et peut \u00eatre transform\u00e9 avec des additifs, y compris de la t\u00e9r\u00e9benthine pour des lavis transparents et superpos\u00e9 pour des effets d&#8217;emp\u00e2tement en relief. <span class=\"more_dots\">&#8230;<\/span><\/p>\n<p><a class=\"btn btn-secondary understrap-read-more-link\" href=\"https:\/\/trade.colart.com\/fr\/product\/lefranc-bourgeois-assortiment-louvre-de-pastel-%c3%a0-lhuile-2\/\">Read More&#8230;<span class=\"screen-reader-text\"> from Lefranc Bourgeois Assortiment Louvre de Pastel \u00e0 l&#8217;Huile<\/span><\/a><\/p>\n","protected":false},"featured_media":53794,"comment_status":"closed","ping_status":"closed","template":"","meta":{"_acf_changed":false},"product_brand":[],"product_cat":[2817],"product_tag":[],"class_list":{"0":"post-12939","1":"product","2":"type-product","3":"status-publish","4":"has-post-thumbnail","6":"product_cat-lefranc-bourgeois-beaux-arts-huile-pastels-a-lhuile","8":"first","9":"instock","10":"shipping-taxable","11":"purchasable","12":"product-type-simple"},"acf":[],"_links":{"self":[{"href":"https:\/\/trade.colart.com\/fr\/wp-json\/wp\/v2\/product\/12939","targetHints":{"allow":["GET"]}}],"collection":[{"href":"https:\/\/trade.colart.com\/fr\/wp-json\/wp\/v2\/product"}],"about":[{"href":"https:\/\/trade.colart.com\/fr\/wp-json\/wp\/v2\/types\/product"}],"replies":[{"embeddable":true,"href":"https:\/\/trade.colart.com\/fr\/wp-json\/wp\/v2\/comments?post=12939"}],"wp:featuredmedia":[{"embeddable":true,"href":"https:\/\/trade.colart.com\/fr\/wp-json\/wp\/v2\/media\/53794"}],"wp:attachment":[{"href":"https:\/\/trade.colart.com\/fr\/wp-json\/wp\/v2\/media?parent=12939"}],"wp:term":[{"taxonomy":"product_brand","embeddable":true,"href":"https:\/\/trade.colart.com\/fr\/wp-json\/wp\/v2\/product_brand?post=12939"},{"taxonomy":"product_cat","embeddable":true,"href":"https:\/\/trade.colart.com\/fr\/wp-json\/wp\/v2\/product_cat?post=12939"},{"taxonomy":"product_tag","embeddable":true,"href":"https:\/\/trade.colart.com\/fr\/wp-json\/wp\/v2\/product_tag?post=12939"}],"curies":[{"name":"wp","href":"https:\/\/api.w.org\/{rel}","templated":true}]}}