{"id":12941,"date":"2026-01-17T04:08:50","date_gmt":"2026-01-17T04:08:50","guid":{"rendered":"https:\/\/trade.colart.com\/fr\/product\/lefranc-bourgeois-assortiment-vitrail-10x50ml\/"},"modified":"2026-04-08T17:25:31","modified_gmt":"2026-04-08T17:25:31","slug":"lefranc-bourgeois-set-de-peinture-vitrail-couleur-transparente-pour-verre-et-m%c3%a9tal","status":"publish","type":"product","link":"https:\/\/trade.colart.com\/fr\/product\/lefranc-bourgeois-set-de-peinture-vitrail-couleur-transparente-pour-verre-et-m%c3%a9tal\/","title":{"rendered":"Lefranc Bourgeois Set de Peinture Vitrail, Couleur Transparente pour Verre et M\u00e9tal"},"content":{"rendered":"<p>D\u00e9corez le verre et le m\u00e9tal avec les couleurs vives de notre kit Vitrail 10x50ml. Cette collection de peinture Vitrail comprend 10 couleurs vives et transparentes. Interm\u00e9langeables et avec une finition lisse et laqu\u00e9e, elles sont id\u00e9ales pour transformer les objets.<\/p>\n<p>Dot\u00e9es d&#8217;excellentes propri\u00e9t\u00e9s adh\u00e9sives, ces peintures conviennent \u00e0 une large gamme de supports non poreux, telles que le verre, le plastique et le m\u00e9tal.<\/p>\n","protected":false},"excerpt":{"rendered":"<p>D\u00e9corez le verre et le m\u00e9tal avec les couleurs vives de notre kit Vitrail 10x50ml. Cette collection de peinture Vitrail comprend 10 couleurs vives et transparentes. Interm\u00e9langeables et avec une finition lisse et laqu\u00e9e, elles sont id\u00e9ales pour transformer les objets.<\/p>\n<p>Dot\u00e9es d&#8217;excellentes propri\u00e9t\u00e9s adh\u00e9sives, ces peintures conviennent \u00e0 une large gamme de supports non poreux, telles que le verre, le plastique et le m\u00e9tal. <span class=\"more_dots\">&#8230;<\/span><\/p>\n<p><a class=\"btn btn-secondary understrap-read-more-link\" href=\"https:\/\/trade.colart.com\/fr\/product\/lefranc-bourgeois-set-de-peinture-vitrail-couleur-transparente-pour-verre-et-m%c3%a9tal\/\">Read More&#8230;<span class=\"screen-reader-text\"> from Lefranc Bourgeois Set de Peinture Vitrail, Couleur Transparente pour Verre et M\u00e9tal<\/span><\/a><\/p>\n","protected":false},"featured_media":0,"comment_status":"closed","ping_status":"closed","template":"","meta":{"_acf_changed":false},"product_brand":[],"product_cat":[2866],"product_tag":[],"class_list":{"0":"post-12941","1":"product","2":"type-product","3":"status-publish","5":"product_cat-lefranc-bourgeois-loisirs","7":"first","8":"instock","9":"shipping-taxable","10":"purchasable","11":"product-type-simple"},"acf":[],"_links":{"self":[{"href":"https:\/\/trade.colart.com\/fr\/wp-json\/wp\/v2\/product\/12941","targetHints":{"allow":["GET"]}}],"collection":[{"href":"https:\/\/trade.colart.com\/fr\/wp-json\/wp\/v2\/product"}],"about":[{"href":"https:\/\/trade.colart.com\/fr\/wp-json\/wp\/v2\/types\/product"}],"replies":[{"embeddable":true,"href":"https:\/\/trade.colart.com\/fr\/wp-json\/wp\/v2\/comments?post=12941"}],"wp:attachment":[{"href":"https:\/\/trade.colart.com\/fr\/wp-json\/wp\/v2\/media?parent=12941"}],"wp:term":[{"taxonomy":"product_brand","embeddable":true,"href":"https:\/\/trade.colart.com\/fr\/wp-json\/wp\/v2\/product_brand?post=12941"},{"taxonomy":"product_cat","embeddable":true,"href":"https:\/\/trade.colart.com\/fr\/wp-json\/wp\/v2\/product_cat?post=12941"},{"taxonomy":"product_tag","embeddable":true,"href":"https:\/\/trade.colart.com\/fr\/wp-json\/wp\/v2\/product_tag?post=12941"}],"curies":[{"name":"wp","href":"https:\/\/api.w.org\/{rel}","templated":true}]}}