{"id":12943,"date":"2026-03-12T14:02:46","date_gmt":"2026-03-12T14:02:46","guid":{"rendered":"https:\/\/trade.colart.com\/fr\/product\/lefranc-bourgeois-dorure-75ml-vernis-sous-couche\/"},"modified":"2026-04-13T09:56:09","modified_gmt":"2026-04-13T09:56:09","slug":"lefranc-bourgeois-dorure-75ml-vernis-sous-couche","status":"publish","type":"product","link":"https:\/\/trade.colart.com\/fr\/product\/lefranc-bourgeois-dorure-75ml-vernis-sous-couche\/","title":{"rendered":"Lefranc Bourgeois Dorure 75ml Vernis Sous Couche"},"content":{"rendered":"<p>Vitrifiez vos surfaces et prot\u00e9gez votre dorure avec notre vernis de base liquide pour dorure. Ce produit pour dorure \u00e0 l&#8217;eau vitrifie les supports, notamment le bois, le pl\u00e2tre et la c\u00e9ramique. vernis, il prot\u00e8ge votre dorure des produits chimiques et des abrasions.<\/p>\n<p>En sous-couche, ce produit conf\u00e8re \u00e0 vos \u00e9l\u00e9ments dor\u00e9s une finition plus brillante. Si vous l&#8217;utilisez comme vernis, ne l&#8217;appliquez que 48 heures apr\u00e8s le s\u00e9chage.<\/p>\n","protected":false},"excerpt":{"rendered":"<p>Vitrifiez vos surfaces et prot\u00e9gez votre dorure avec notre vernis de base liquide pour dorure. Ce produit pour dorure \u00e0 l&#8217;eau vitrifie les supports, notamment le bois, le pl\u00e2tre et la c\u00e9ramique. vernis, il prot\u00e8ge votre dorure des produits chimiques et des abrasions.<\/p>\n<p>En sous-couche, ce produit conf\u00e8re \u00e0 vos \u00e9l\u00e9ments dor\u00e9s une finition plus brillante. Si vous l&#8217;utilisez comme vernis, ne l&#8217;appliquez que 48 heures apr\u00e8s le s\u00e9chage. <span class=\"more_dots\">&#8230;<\/span><\/p>\n<p><a class=\"btn btn-secondary understrap-read-more-link\" href=\"https:\/\/trade.colart.com\/fr\/product\/lefranc-bourgeois-dorure-75ml-vernis-sous-couche\/\">Read More&#8230;<span class=\"screen-reader-text\"> from Lefranc Bourgeois Dorure 75ml Vernis Sous Couche<\/span><\/a><\/p>\n","protected":false},"featured_media":13646,"comment_status":"closed","ping_status":"closed","template":"","meta":{"_acf_changed":false},"product_brand":[],"product_cat":[2861],"product_tag":[],"class_list":{"0":"post-12943","1":"product","2":"type-product","3":"status-publish","4":"has-post-thumbnail","6":"product_cat-lefranc-bourgeois-beaux-arts-dorure-additifs-dorure","8":"first","9":"instock","10":"shipping-taxable","11":"purchasable","12":"product-type-simple"},"acf":[],"_links":{"self":[{"href":"https:\/\/trade.colart.com\/fr\/wp-json\/wp\/v2\/product\/12943","targetHints":{"allow":["GET"]}}],"collection":[{"href":"https:\/\/trade.colart.com\/fr\/wp-json\/wp\/v2\/product"}],"about":[{"href":"https:\/\/trade.colart.com\/fr\/wp-json\/wp\/v2\/types\/product"}],"replies":[{"embeddable":true,"href":"https:\/\/trade.colart.com\/fr\/wp-json\/wp\/v2\/comments?post=12943"}],"wp:featuredmedia":[{"embeddable":true,"href":"https:\/\/trade.colart.com\/fr\/wp-json\/wp\/v2\/media\/13646"}],"wp:attachment":[{"href":"https:\/\/trade.colart.com\/fr\/wp-json\/wp\/v2\/media?parent=12943"}],"wp:term":[{"taxonomy":"product_brand","embeddable":true,"href":"https:\/\/trade.colart.com\/fr\/wp-json\/wp\/v2\/product_brand?post=12943"},{"taxonomy":"product_cat","embeddable":true,"href":"https:\/\/trade.colart.com\/fr\/wp-json\/wp\/v2\/product_cat?post=12943"},{"taxonomy":"product_tag","embeddable":true,"href":"https:\/\/trade.colart.com\/fr\/wp-json\/wp\/v2\/product_tag?post=12943"}],"curies":[{"name":"wp","href":"https:\/\/api.w.org\/{rel}","templated":true}]}}