{"id":12944,"date":"2026-03-12T14:02:36","date_gmt":"2026-03-12T14:02:36","guid":{"rendered":"https:\/\/trade.colart.com\/fr\/product\/lefranc-bourgeois-dorure-75ml-diluant-nettoyant\/"},"modified":"2026-04-16T14:22:41","modified_gmt":"2026-04-16T14:22:41","slug":"lefranc-bourgeois-dorure-75ml-diluant-nettoyant","status":"publish","type":"product","link":"https:\/\/trade.colart.com\/fr\/product\/lefranc-bourgeois-dorure-75ml-diluant-nettoyant\/","title":{"rendered":"Lefranc Bourgeois Dorure 75ml Diluant Nettoyant"},"content":{"rendered":"<p>A base de solvant, notre diluant nettoyant pour liquide \u00e0 dorure vous permet d&#8217;ajuster la consistance de votre dorure, de rectifier d&#8217;anciennes dorures et de nettoyer vos outils.<br \/>\nLorsqu&#8217;il est utilis\u00e9 comme diluant, ne le m\u00e9langez pas avec des solutions contenant plus de 20% de Diluant Nettoyant Liquide pour Dorure. Il est efficace pour enlever la p\u00e2te \u00e0 dorure de vos supports et de votre mat\u00e9riel.<\/p>\n","protected":false},"excerpt":{"rendered":"<p>A base de solvant, notre diluant nettoyant pour liquide \u00e0 dorure vous permet d&#8217;ajuster la consistance de votre dorure, de rectifier d&#8217;anciennes dorures et de nettoyer vos outils.<br \/>\nLorsqu&#8217;il est utilis\u00e9 comme diluant, ne le m\u00e9langez pas avec des solutions contenant plus de 20% de Diluant Nettoyant Liquide pour Dorure. Il est efficace pour enlever la p\u00e2te \u00e0 dorure de vos supports et de votre mat\u00e9riel. <span class=\"more_dots\">&#8230;<\/span><\/p>\n<p><a class=\"btn btn-secondary understrap-read-more-link\" href=\"https:\/\/trade.colart.com\/fr\/product\/lefranc-bourgeois-dorure-75ml-diluant-nettoyant\/\">Read More&#8230;<span class=\"screen-reader-text\"> from Lefranc Bourgeois Dorure 75ml Diluant Nettoyant<\/span><\/a><\/p>\n","protected":false},"featured_media":13647,"comment_status":"closed","ping_status":"closed","template":"","meta":{"_acf_changed":false},"product_brand":[],"product_cat":[2861],"product_tag":[],"class_list":{"0":"post-12944","1":"product","2":"type-product","3":"status-publish","4":"has-post-thumbnail","6":"product_cat-lefranc-bourgeois-beaux-arts-dorure-additifs-dorure","8":"first","9":"instock","10":"shipping-taxable","11":"purchasable","12":"product-type-simple"},"acf":[],"_links":{"self":[{"href":"https:\/\/trade.colart.com\/fr\/wp-json\/wp\/v2\/product\/12944","targetHints":{"allow":["GET"]}}],"collection":[{"href":"https:\/\/trade.colart.com\/fr\/wp-json\/wp\/v2\/product"}],"about":[{"href":"https:\/\/trade.colart.com\/fr\/wp-json\/wp\/v2\/types\/product"}],"replies":[{"embeddable":true,"href":"https:\/\/trade.colart.com\/fr\/wp-json\/wp\/v2\/comments?post=12944"}],"wp:featuredmedia":[{"embeddable":true,"href":"https:\/\/trade.colart.com\/fr\/wp-json\/wp\/v2\/media\/13647"}],"wp:attachment":[{"href":"https:\/\/trade.colart.com\/fr\/wp-json\/wp\/v2\/media?parent=12944"}],"wp:term":[{"taxonomy":"product_brand","embeddable":true,"href":"https:\/\/trade.colart.com\/fr\/wp-json\/wp\/v2\/product_brand?post=12944"},{"taxonomy":"product_cat","embeddable":true,"href":"https:\/\/trade.colart.com\/fr\/wp-json\/wp\/v2\/product_cat?post=12944"},{"taxonomy":"product_tag","embeddable":true,"href":"https:\/\/trade.colart.com\/fr\/wp-json\/wp\/v2\/product_tag?post=12944"}],"curies":[{"name":"wp","href":"https:\/\/api.w.org\/{rel}","templated":true}]}}