{"id":12945,"date":"2026-01-17T04:10:29","date_gmt":"2026-01-17T04:10:29","guid":{"rendered":"https:\/\/trade.colart.com\/fr\/product\/lefranc-bourgeois-nettoyant-vitrailceramic-50ml\/"},"modified":"2026-04-10T14:25:36","modified_gmt":"2026-04-10T14:25:36","slug":"lefranc-bourgeois-nettoyant-vitrail-et-c%c3%a9ramique","status":"publish","type":"product","link":"https:\/\/trade.colart.com\/fr\/product\/lefranc-bourgeois-nettoyant-vitrail-et-c%c3%a9ramique\/","title":{"rendered":"Lefranc Bourgeois Nettoyant Vitrail et C\u00e9ramique"},"content":{"rendered":"<p>Diluez vos peintures pour Vitrail et C\u00e9ramique, tout en nettoyant vos supports et \u00e9quipements avec notre diluant nettoyant Vitrail.<\/p>\n<p>Con\u00e7u pour les peintures Vitrail et C\u00e9ramique, ce nettoyant et diluant vous aide \u00e0 obtenir une consistance parfaite. Polyvalent, il vous assurer que vos supports sont parfaitement propres avant de peindre et nettoie vos outils apr\u00e8s utilisation.<\/p>\n","protected":false},"excerpt":{"rendered":"<p>Diluez vos peintures pour Vitrail et C\u00e9ramique, tout en nettoyant vos supports et \u00e9quipements avec notre diluant nettoyant Vitrail.<\/p>\n<p>Con\u00e7u pour les peintures Vitrail et C\u00e9ramique, ce nettoyant et diluant vous aide \u00e0 obtenir une consistance parfaite. Polyvalent, il vous assurer que vos supports sont parfaitement propres avant de peindre et nettoie vos outils apr\u00e8s utilisation. <span class=\"more_dots\">&#8230;<\/span><\/p>\n<p><a class=\"btn btn-secondary understrap-read-more-link\" href=\"https:\/\/trade.colart.com\/fr\/product\/lefranc-bourgeois-nettoyant-vitrail-et-c%c3%a9ramique\/\">Read More&#8230;<span class=\"screen-reader-text\"> from Lefranc Bourgeois Nettoyant Vitrail et C\u00e9ramique<\/span><\/a><\/p>\n","protected":false},"featured_media":13648,"comment_status":"closed","ping_status":"closed","template":"","meta":{"_acf_changed":false},"product_brand":[],"product_cat":[2878],"product_tag":[],"class_list":{"0":"post-12945","1":"product","2":"type-product","3":"status-publish","4":"has-post-thumbnail","6":"product_cat-lefranc-bourgeois-loisirs-additifs","8":"first","9":"instock","10":"shipping-taxable","11":"purchasable","12":"product-type-simple"},"acf":[],"_links":{"self":[{"href":"https:\/\/trade.colart.com\/fr\/wp-json\/wp\/v2\/product\/12945","targetHints":{"allow":["GET"]}}],"collection":[{"href":"https:\/\/trade.colart.com\/fr\/wp-json\/wp\/v2\/product"}],"about":[{"href":"https:\/\/trade.colart.com\/fr\/wp-json\/wp\/v2\/types\/product"}],"replies":[{"embeddable":true,"href":"https:\/\/trade.colart.com\/fr\/wp-json\/wp\/v2\/comments?post=12945"}],"wp:featuredmedia":[{"embeddable":true,"href":"https:\/\/trade.colart.com\/fr\/wp-json\/wp\/v2\/media\/13648"}],"wp:attachment":[{"href":"https:\/\/trade.colart.com\/fr\/wp-json\/wp\/v2\/media?parent=12945"}],"wp:term":[{"taxonomy":"product_brand","embeddable":true,"href":"https:\/\/trade.colart.com\/fr\/wp-json\/wp\/v2\/product_brand?post=12945"},{"taxonomy":"product_cat","embeddable":true,"href":"https:\/\/trade.colart.com\/fr\/wp-json\/wp\/v2\/product_cat?post=12945"},{"taxonomy":"product_tag","embeddable":true,"href":"https:\/\/trade.colart.com\/fr\/wp-json\/wp\/v2\/product_tag?post=12945"}],"curies":[{"name":"wp","href":"https:\/\/api.w.org\/{rel}","templated":true}]}}