{"id":12947,"date":"2026-03-12T08:43:45","date_gmt":"2026-03-12T08:43:45","guid":{"rendered":"https:\/\/trade.colart.com\/fr\/product\/lefranc-bourgeois-toile-coton-synthetique-fine-10x1m\/"},"modified":"2026-04-03T10:18:43","modified_gmt":"2026-04-03T10:18:43","slug":"lefranc-bourgeois-toile-coton-synthetique-fine-10x1m","status":"publish","type":"product","link":"https:\/\/trade.colart.com\/fr\/product\/lefranc-bourgeois-toile-coton-synthetique-fine-10x1m\/","title":{"rendered":"Lefranc Bourgeois Toile Coton Synthetique Fine 10x1m"},"content":{"rendered":"<p>Tendez vos toiles vous-m\u00eame en utilisant nos rouleaux de toile de coton. Ce rouleau de toile 100% coton, de qualit\u00e9 archive, est fabriqu\u00e9 en Italie. Pr\u00eat \u00e0 peindre une fois \u00e9tir\u00e9, appr\u00eat\u00e9 avec un gesso au dioxyde de titane hautement pigment\u00e9, ce mat\u00e9riaux est id\u00e9al pour les huiles et les acryliques.<\/p>\n<p>La texture extra-fine du tissu, tiss\u00e9 serr\u00e9, s&#8217;\u00e9tire sans effort, pour vous permettre de commencer \u00e0 peindre plus rapidement.<\/p>\n","protected":false},"excerpt":{"rendered":"<p>Tendez vos toiles vous-m\u00eame en utilisant nos rouleaux de toile de coton. Ce rouleau de toile 100% coton, de qualit\u00e9 archive, est fabriqu\u00e9 en Italie. Pr\u00eat \u00e0 peindre une fois \u00e9tir\u00e9, appr\u00eat\u00e9 avec un gesso au dioxyde de titane hautement pigment\u00e9, ce mat\u00e9riaux est id\u00e9al pour les huiles et les acryliques.<\/p>\n<p>La texture extra-fine du tissu, tiss\u00e9 serr\u00e9, s&#8217;\u00e9tire sans effort, pour vous permettre de commencer \u00e0 peindre plus rapidement. <span class=\"more_dots\">&#8230;<\/span><\/p>\n<p><a class=\"btn btn-secondary understrap-read-more-link\" href=\"https:\/\/trade.colart.com\/fr\/product\/lefranc-bourgeois-toile-coton-synthetique-fine-10x1m\/\">Read More&#8230;<span class=\"screen-reader-text\"> from Lefranc Bourgeois Toile Coton Synthetique Fine 10x1m<\/span><\/a><\/p>\n","protected":false},"featured_media":68217,"comment_status":"closed","ping_status":"closed","template":"","meta":{"_acf_changed":false},"product_brand":[],"product_cat":[2849],"product_tag":[],"class_list":{"0":"post-12947","1":"product","2":"type-product","3":"status-publish","4":"has-post-thumbnail","6":"product_cat-lefranc-bourgeois-beaux-arts-supports-chassis-coton-toiles-en-rouleaux","8":"first","9":"instock","10":"shipping-taxable","11":"purchasable","12":"product-type-simple"},"acf":[],"_links":{"self":[{"href":"https:\/\/trade.colart.com\/fr\/wp-json\/wp\/v2\/product\/12947","targetHints":{"allow":["GET"]}}],"collection":[{"href":"https:\/\/trade.colart.com\/fr\/wp-json\/wp\/v2\/product"}],"about":[{"href":"https:\/\/trade.colart.com\/fr\/wp-json\/wp\/v2\/types\/product"}],"replies":[{"embeddable":true,"href":"https:\/\/trade.colart.com\/fr\/wp-json\/wp\/v2\/comments?post=12947"}],"wp:featuredmedia":[{"embeddable":true,"href":"https:\/\/trade.colart.com\/fr\/wp-json\/wp\/v2\/media\/68217"}],"wp:attachment":[{"href":"https:\/\/trade.colart.com\/fr\/wp-json\/wp\/v2\/media?parent=12947"}],"wp:term":[{"taxonomy":"product_brand","embeddable":true,"href":"https:\/\/trade.colart.com\/fr\/wp-json\/wp\/v2\/product_brand?post=12947"},{"taxonomy":"product_cat","embeddable":true,"href":"https:\/\/trade.colart.com\/fr\/wp-json\/wp\/v2\/product_cat?post=12947"},{"taxonomy":"product_tag","embeddable":true,"href":"https:\/\/trade.colart.com\/fr\/wp-json\/wp\/v2\/product_tag?post=12947"}],"curies":[{"name":"wp","href":"https:\/\/api.w.org\/{rel}","templated":true}]}}