{"id":12951,"date":"2026-03-12T09:52:07","date_gmt":"2026-03-12T09:52:07","guid":{"rendered":"https:\/\/trade.colart.com\/fr\/product\/lefranc-bourgeois-fine-acrylique-pinceau-synth%c3%a9tique-spalter-50-mm\/"},"modified":"2026-04-17T10:52:43","modified_gmt":"2026-04-17T10:52:43","slug":"lefranc-bourgeois-pinceau-spalter-pour-acrylique-fine-%c3%a0-manche-court","status":"publish","type":"product","link":"https:\/\/trade.colart.com\/fr\/product\/lefranc-bourgeois-pinceau-spalter-pour-acrylique-fine-%c3%a0-manche-court\/","title":{"rendered":"Lefranc Bourgeois Pinceau Spalter pour Acrylique Fine \u00e0 Manche Court"},"content":{"rendered":"<p>Ce pinceau synth\u00e9tique spalter et sa largeur de 50 mm vous permet de r\u00e9aliser de superbes fonds \u00e0 l&#8217;acrylique ou aussi au gesso. Sa souplesse et son ergonomie lib\u00e8re votre geste et votre cr\u00e9ativit\u00e9.<\/p>\n","protected":false},"excerpt":{"rendered":"<p>Ce pinceau synth\u00e9tique spalter et sa largeur de 50 mm vous permet de r\u00e9aliser de superbes fonds \u00e0 l&#8217;acrylique ou aussi au gesso. Sa souplesse et son ergonomie lib\u00e8re votre geste et votre cr\u00e9ativit\u00e9. <span class=\"more_dots\">&#8230;<\/span><\/p>\n<p><a class=\"btn btn-secondary understrap-read-more-link\" href=\"https:\/\/trade.colart.com\/fr\/product\/lefranc-bourgeois-pinceau-spalter-pour-acrylique-fine-%c3%a0-manche-court\/\">Read More&#8230;<span class=\"screen-reader-text\"> from Lefranc Bourgeois Pinceau Spalter pour Acrylique Fine \u00e0 Manche Court<\/span><\/a><\/p>\n","protected":false},"featured_media":57072,"comment_status":"closed","ping_status":"closed","template":"","meta":{"_acf_changed":false},"product_brand":[],"product_cat":[2853],"product_tag":[],"class_list":{"0":"post-12951","1":"product","2":"type-product","3":"status-publish","4":"has-post-thumbnail","6":"product_cat-lefranc-bourgeois-beaux-arts-applicateurs-pinceaux-pinceaux-huile-acrylique","8":"first","9":"instock","10":"shipping-taxable","11":"purchasable","12":"product-type-simple"},"acf":[],"_links":{"self":[{"href":"https:\/\/trade.colart.com\/fr\/wp-json\/wp\/v2\/product\/12951","targetHints":{"allow":["GET"]}}],"collection":[{"href":"https:\/\/trade.colart.com\/fr\/wp-json\/wp\/v2\/product"}],"about":[{"href":"https:\/\/trade.colart.com\/fr\/wp-json\/wp\/v2\/types\/product"}],"replies":[{"embeddable":true,"href":"https:\/\/trade.colart.com\/fr\/wp-json\/wp\/v2\/comments?post=12951"}],"wp:featuredmedia":[{"embeddable":true,"href":"https:\/\/trade.colart.com\/fr\/wp-json\/wp\/v2\/media\/57072"}],"wp:attachment":[{"href":"https:\/\/trade.colart.com\/fr\/wp-json\/wp\/v2\/media?parent=12951"}],"wp:term":[{"taxonomy":"product_brand","embeddable":true,"href":"https:\/\/trade.colart.com\/fr\/wp-json\/wp\/v2\/product_brand?post=12951"},{"taxonomy":"product_cat","embeddable":true,"href":"https:\/\/trade.colart.com\/fr\/wp-json\/wp\/v2\/product_cat?post=12951"},{"taxonomy":"product_tag","embeddable":true,"href":"https:\/\/trade.colart.com\/fr\/wp-json\/wp\/v2\/product_tag?post=12951"}],"curies":[{"name":"wp","href":"https:\/\/api.w.org\/{rel}","templated":true}]}}