{"id":12952,"date":"2026-03-12T12:18:28","date_gmt":"2026-03-12T12:18:28","guid":{"rendered":"https:\/\/trade.colart.com\/fr\/product\/lefranc-bourgeois-studio-canvas-20x20cm-x3\/"},"modified":"2026-04-17T11:05:40","modified_gmt":"2026-04-17T11:05:40","slug":"lefranc-bourgeois-pack-de-3-toiles-etudestudio-20x20cm","status":"publish","type":"product","link":"https:\/\/trade.colart.com\/fr\/product\/lefranc-bourgeois-pack-de-3-toiles-etudestudio-20x20cm\/","title":{"rendered":"Lefranc Bourgeois Pack de 3 Toiles Etude\/Studio 20x20cm"},"content":{"rendered":"<p>Ce set de 3 fines toiles de qualit\u00e9 en 100% coton sont pr\u00eates \u00e0 l&#8217;emploi avec leur gesso appliqu\u00e9 en 2 couches. Ce sont des supports parfaits pour peindre \u00e0 la gouache, \u00e0 l&#8217;acrylique ou encore \u00e0 l&#8217;huile. Les toiles Lefranc Bourgois sont \u00e9galement adapt\u00e9es aux techniques de peinture s\u00e8che.<\/p>\n","protected":false},"excerpt":{"rendered":"<p>Ce set de 3 fines toiles de qualit\u00e9 en 100% coton sont pr\u00eates \u00e0 l&#8217;emploi avec leur gesso appliqu\u00e9 en 2 couches. Ce sont des supports parfaits pour peindre \u00e0 la gouache, \u00e0 l&#8217;acrylique ou encore \u00e0 l&#8217;huile. Les toiles Lefranc Bourgois sont \u00e9galement adapt\u00e9es aux techniques de peinture s\u00e8che. <span class=\"more_dots\">&#8230;<\/span><\/p>\n<p><a class=\"btn btn-secondary understrap-read-more-link\" href=\"https:\/\/trade.colart.com\/fr\/product\/lefranc-bourgeois-pack-de-3-toiles-etudestudio-20x20cm\/\">Read More&#8230;<span class=\"screen-reader-text\"> from Lefranc Bourgeois Pack de 3 Toiles Etude\/Studio 20x20cm<\/span><\/a><\/p>\n","protected":false},"featured_media":13659,"comment_status":"closed","ping_status":"closed","template":"","meta":{"_acf_changed":false},"product_brand":[],"product_cat":[2848],"product_tag":[],"class_list":{"0":"post-12952","1":"product","2":"type-product","3":"status-publish","4":"has-post-thumbnail","6":"product_cat-lefranc-bourgeois-beaux-arts-supports-chassis-coton-chassis-etude-studio","8":"first","9":"instock","10":"shipping-taxable","11":"purchasable","12":"product-type-simple"},"acf":[],"_links":{"self":[{"href":"https:\/\/trade.colart.com\/fr\/wp-json\/wp\/v2\/product\/12952","targetHints":{"allow":["GET"]}}],"collection":[{"href":"https:\/\/trade.colart.com\/fr\/wp-json\/wp\/v2\/product"}],"about":[{"href":"https:\/\/trade.colart.com\/fr\/wp-json\/wp\/v2\/types\/product"}],"replies":[{"embeddable":true,"href":"https:\/\/trade.colart.com\/fr\/wp-json\/wp\/v2\/comments?post=12952"}],"wp:featuredmedia":[{"embeddable":true,"href":"https:\/\/trade.colart.com\/fr\/wp-json\/wp\/v2\/media\/13659"}],"wp:attachment":[{"href":"https:\/\/trade.colart.com\/fr\/wp-json\/wp\/v2\/media?parent=12952"}],"wp:term":[{"taxonomy":"product_brand","embeddable":true,"href":"https:\/\/trade.colart.com\/fr\/wp-json\/wp\/v2\/product_brand?post=12952"},{"taxonomy":"product_cat","embeddable":true,"href":"https:\/\/trade.colart.com\/fr\/wp-json\/wp\/v2\/product_cat?post=12952"},{"taxonomy":"product_tag","embeddable":true,"href":"https:\/\/trade.colart.com\/fr\/wp-json\/wp\/v2\/product_tag?post=12952"}],"curies":[{"name":"wp","href":"https:\/\/api.w.org\/{rel}","templated":true}]}}