{"id":12965,"date":"2026-03-12T12:20:19","date_gmt":"2026-03-12T12:20:19","guid":{"rendered":"https:\/\/trade.colart.com\/fr\/product\/lefranc-bourgeois-studio-canvas-6f-x3\/"},"modified":"2026-04-07T14:10:31","modified_gmt":"2026-04-07T14:10:31","slug":"lefranc-bourgeois-pack-de-3-toiles-etudestudio-6f","status":"publish","type":"product","link":"https:\/\/trade.colart.com\/fr\/product\/lefranc-bourgeois-pack-de-3-toiles-etudestudio-6f\/","title":{"rendered":"Lefranc Bourgeois Pack de 3 Toiles Etude\/Studio 6F"},"content":{"rendered":"<p>Passer au niveau sup\u00e9rieur gr\u00e2ce \u00e0 nos ensembles de toiles Atelier. Ces trois toiles de haute performance, 100% coton, ont un rapport qualit\u00e9-prix in\u00e9gal\u00e9. Pr\u00eates \u00e0 l&#8217;emploi, chaque toile a une texture interm\u00e9diaire, adapt\u00e9e \u00e0 la peinture acrylique, \u00e0 l&#8217;huile, \u00e0 la gouache et \u00e0 la peinture s\u00e8che.<\/p>\n<p>Avec un cadre en \u00e9pic\u00e9a issu de for\u00eats durables, chaque toile a une profondeur de 18 mm, agraf\u00e9e \u00e0 l&#8217;arri\u00e8re pour des bords ininterrompus. Id\u00e9ales pour les \u00e9tudiants et les artistes.<br \/>\n280 g\/m\u00b2<\/p>\n","protected":false},"excerpt":{"rendered":"<p>Passer au niveau sup\u00e9rieur gr\u00e2ce \u00e0 nos ensembles de toiles Atelier. Ces trois toiles de haute performance, 100% coton, ont un rapport qualit\u00e9-prix in\u00e9gal\u00e9. Pr\u00eates \u00e0 l&#8217;emploi, chaque toile a une texture interm\u00e9diaire, adapt\u00e9e \u00e0 la peinture acrylique, \u00e0 l&#8217;huile, \u00e0 la gouache et \u00e0 la peinture s\u00e8che.<\/p>\n<p>Avec un cadre en \u00e9pic\u00e9a issu de for\u00eats durables, chaque toile a une profondeur de 18 mm, agraf\u00e9e \u00e0 l&#8217;arri\u00e8re pour des bords ininterrompus. Id\u00e9ales pour les \u00e9tudiants et les artistes.<br \/>\n280 g\/m\u00b2 <span class=\"more_dots\">&#8230;<\/span><\/p>\n<p><a class=\"btn btn-secondary understrap-read-more-link\" href=\"https:\/\/trade.colart.com\/fr\/product\/lefranc-bourgeois-pack-de-3-toiles-etudestudio-6f\/\">Read More&#8230;<span class=\"screen-reader-text\"> from Lefranc Bourgeois Pack de 3 Toiles Etude\/Studio 6F<\/span><\/a><\/p>\n","protected":false},"featured_media":13705,"comment_status":"closed","ping_status":"closed","template":"","meta":{"_acf_changed":false},"product_brand":[],"product_cat":[2848],"product_tag":[],"class_list":{"0":"post-12965","1":"product","2":"type-product","3":"status-publish","4":"has-post-thumbnail","6":"product_cat-lefranc-bourgeois-beaux-arts-supports-chassis-coton-chassis-etude-studio","8":"first","9":"instock","10":"shipping-taxable","11":"purchasable","12":"product-type-simple"},"acf":[],"_links":{"self":[{"href":"https:\/\/trade.colart.com\/fr\/wp-json\/wp\/v2\/product\/12965","targetHints":{"allow":["GET"]}}],"collection":[{"href":"https:\/\/trade.colart.com\/fr\/wp-json\/wp\/v2\/product"}],"about":[{"href":"https:\/\/trade.colart.com\/fr\/wp-json\/wp\/v2\/types\/product"}],"replies":[{"embeddable":true,"href":"https:\/\/trade.colart.com\/fr\/wp-json\/wp\/v2\/comments?post=12965"}],"wp:featuredmedia":[{"embeddable":true,"href":"https:\/\/trade.colart.com\/fr\/wp-json\/wp\/v2\/media\/13705"}],"wp:attachment":[{"href":"https:\/\/trade.colart.com\/fr\/wp-json\/wp\/v2\/media?parent=12965"}],"wp:term":[{"taxonomy":"product_brand","embeddable":true,"href":"https:\/\/trade.colart.com\/fr\/wp-json\/wp\/v2\/product_brand?post=12965"},{"taxonomy":"product_cat","embeddable":true,"href":"https:\/\/trade.colart.com\/fr\/wp-json\/wp\/v2\/product_cat?post=12965"},{"taxonomy":"product_tag","embeddable":true,"href":"https:\/\/trade.colart.com\/fr\/wp-json\/wp\/v2\/product_tag?post=12965"}],"curies":[{"name":"wp","href":"https:\/\/api.w.org\/{rel}","templated":true}]}}