{"id":13774,"date":"2026-03-12T15:54:38","date_gmt":"2026-03-12T15:54:38","guid":{"rendered":"https:\/\/trade.colart.com\/fr\/product\/cont%c3%a9-%c3%a0-paris-carre-esquisse-noir-b-pour-recharge\/"},"modified":"2026-04-17T07:02:33","modified_gmt":"2026-04-17T07:02:33","slug":"cont%c3%a9-%c3%a0-paris-carr%c3%a9-esquisse-noir-b-pour-recharge","status":"publish","type":"product","link":"https:\/\/trade.colart.com\/fr\/product\/cont%c3%a9-%c3%a0-paris-carr%c3%a9-esquisse-noir-b-pour-recharge\/","title":{"rendered":"Cont\u00e9 \u00e0 Paris Carr\u00e9 Esquisse Noir B Pour Recharge"},"content":{"rendered":"","protected":false},"excerpt":{"rendered":"<p> <span class=\"more_dots\">&#8230;<\/span><\/p>\n<p><a class=\"btn btn-secondary understrap-read-more-link\" href=\"https:\/\/trade.colart.com\/fr\/product\/cont%c3%a9-%c3%a0-paris-carr%c3%a9-esquisse-noir-b-pour-recharge\/\">Read More&#8230;<span class=\"screen-reader-text\"> from Cont\u00e9 \u00e0 Paris Carr\u00e9 Esquisse Noir B Pour Recharge<\/span><\/a><\/p>\n","protected":false},"featured_media":0,"comment_status":"closed","ping_status":"closed","template":"","meta":{"_acf_changed":false},"product_brand":[],"product_cat":[1421],"product_tag":[],"class_list":{"0":"post-13774","1":"product","2":"type-product","3":"status-publish","5":"product_cat-conte-a-paris-les-carres-esquisse","7":"first","8":"instock","9":"shipping-taxable","10":"purchasable","11":"product-type-simple"},"acf":[],"_links":{"self":[{"href":"https:\/\/trade.colart.com\/fr\/wp-json\/wp\/v2\/product\/13774","targetHints":{"allow":["GET"]}}],"collection":[{"href":"https:\/\/trade.colart.com\/fr\/wp-json\/wp\/v2\/product"}],"about":[{"href":"https:\/\/trade.colart.com\/fr\/wp-json\/wp\/v2\/types\/product"}],"replies":[{"embeddable":true,"href":"https:\/\/trade.colart.com\/fr\/wp-json\/wp\/v2\/comments?post=13774"}],"wp:attachment":[{"href":"https:\/\/trade.colart.com\/fr\/wp-json\/wp\/v2\/media?parent=13774"}],"wp:term":[{"taxonomy":"product_brand","embeddable":true,"href":"https:\/\/trade.colart.com\/fr\/wp-json\/wp\/v2\/product_brand?post=13774"},{"taxonomy":"product_cat","embeddable":true,"href":"https:\/\/trade.colart.com\/fr\/wp-json\/wp\/v2\/product_cat?post=13774"},{"taxonomy":"product_tag","embeddable":true,"href":"https:\/\/trade.colart.com\/fr\/wp-json\/wp\/v2\/product_tag?post=13774"}],"curies":[{"name":"wp","href":"https:\/\/api.w.org\/{rel}","templated":true}]}}