{"id":13776,"date":"2026-03-12T15:56:02","date_gmt":"2026-03-12T15:56:02","guid":{"rendered":"https:\/\/trade.colart.com\/fr\/product\/cont%c3%a9-%c3%a0-paris-carre-esquisse-brun-portrait-pour-recharge\/"},"modified":"2026-04-16T15:42:18","modified_gmt":"2026-04-16T15:42:18","slug":"cont%c3%a9-%c3%a0-paris-carr%c3%a9-esquisse-brun-portrait-pour-recharge","status":"publish","type":"product","link":"https:\/\/trade.colart.com\/fr\/product\/cont%c3%a9-%c3%a0-paris-carr%c3%a9-esquisse-brun-portrait-pour-recharge\/","title":{"rendered":"Cont\u00e9 \u00e0 Paris Carr\u00e9 Esquisse Brun Portrait Pour Recharge"},"content":{"rendered":"","protected":false},"excerpt":{"rendered":"<p> <span class=\"more_dots\">&#8230;<\/span><\/p>\n<p><a class=\"btn btn-secondary understrap-read-more-link\" href=\"https:\/\/trade.colart.com\/fr\/product\/cont%c3%a9-%c3%a0-paris-carr%c3%a9-esquisse-brun-portrait-pour-recharge\/\">Read More&#8230;<span class=\"screen-reader-text\"> from Cont\u00e9 \u00e0 Paris Carr\u00e9 Esquisse Brun Portrait Pour Recharge<\/span><\/a><\/p>\n","protected":false},"featured_media":68882,"comment_status":"closed","ping_status":"closed","template":"","meta":{"_acf_changed":false},"product_brand":[],"product_cat":[1421],"product_tag":[],"class_list":{"0":"post-13776","1":"product","2":"type-product","3":"status-publish","4":"has-post-thumbnail","6":"product_cat-conte-a-paris-les-carres-esquisse","8":"first","9":"instock","10":"shipping-taxable","11":"purchasable","12":"product-type-simple"},"acf":[],"_links":{"self":[{"href":"https:\/\/trade.colart.com\/fr\/wp-json\/wp\/v2\/product\/13776","targetHints":{"allow":["GET"]}}],"collection":[{"href":"https:\/\/trade.colart.com\/fr\/wp-json\/wp\/v2\/product"}],"about":[{"href":"https:\/\/trade.colart.com\/fr\/wp-json\/wp\/v2\/types\/product"}],"replies":[{"embeddable":true,"href":"https:\/\/trade.colart.com\/fr\/wp-json\/wp\/v2\/comments?post=13776"}],"wp:featuredmedia":[{"embeddable":true,"href":"https:\/\/trade.colart.com\/fr\/wp-json\/wp\/v2\/media\/68882"}],"wp:attachment":[{"href":"https:\/\/trade.colart.com\/fr\/wp-json\/wp\/v2\/media?parent=13776"}],"wp:term":[{"taxonomy":"product_brand","embeddable":true,"href":"https:\/\/trade.colart.com\/fr\/wp-json\/wp\/v2\/product_brand?post=13776"},{"taxonomy":"product_cat","embeddable":true,"href":"https:\/\/trade.colart.com\/fr\/wp-json\/wp\/v2\/product_cat?post=13776"},{"taxonomy":"product_tag","embeddable":true,"href":"https:\/\/trade.colart.com\/fr\/wp-json\/wp\/v2\/product_tag?post=13776"}],"curies":[{"name":"wp","href":"https:\/\/api.w.org\/{rel}","templated":true}]}}