{"id":13791,"date":"2026-03-12T16:00:44","date_gmt":"2026-03-12T16:00:44","guid":{"rendered":"https:\/\/trade.colart.com\/fr\/product\/cont%c3%a9-%c3%a0-paris-estompe-diam%c3%a8tre-95mm\/"},"modified":"2026-04-13T09:56:20","modified_gmt":"2026-04-13T09:56:20","slug":"cont%c3%a9-%c3%a0-paris-estompe-diam%c3%a8tre-95mm","status":"publish","type":"product","link":"https:\/\/trade.colart.com\/fr\/product\/cont%c3%a9-%c3%a0-paris-estompe-diam%c3%a8tre-95mm\/","title":{"rendered":"Cont\u00e9 \u00e0 Paris Estompe Diam\u00e8tre 9,5mm"},"content":{"rendered":"","protected":false},"excerpt":{"rendered":"<p> <span class=\"more_dots\">&#8230;<\/span><\/p>\n<p><a class=\"btn btn-secondary understrap-read-more-link\" href=\"https:\/\/trade.colart.com\/fr\/product\/cont%c3%a9-%c3%a0-paris-estompe-diam%c3%a8tre-95mm\/\">Read More&#8230;<span class=\"screen-reader-text\"> from Cont\u00e9 \u00e0 Paris Estompe Diam\u00e8tre 9,5mm<\/span><\/a><\/p>\n","protected":false},"featured_media":66482,"comment_status":"closed","ping_status":"closed","template":"","meta":{"_acf_changed":false},"product_brand":[],"product_cat":[1424],"product_tag":[],"class_list":{"0":"post-13791","1":"product","2":"type-product","3":"status-publish","4":"has-post-thumbnail","6":"product_cat-conte-a-paris-les-produits-complementaires","8":"first","9":"instock","10":"shipping-taxable","11":"purchasable","12":"product-type-simple"},"acf":[],"_links":{"self":[{"href":"https:\/\/trade.colart.com\/fr\/wp-json\/wp\/v2\/product\/13791","targetHints":{"allow":["GET"]}}],"collection":[{"href":"https:\/\/trade.colart.com\/fr\/wp-json\/wp\/v2\/product"}],"about":[{"href":"https:\/\/trade.colart.com\/fr\/wp-json\/wp\/v2\/types\/product"}],"replies":[{"embeddable":true,"href":"https:\/\/trade.colart.com\/fr\/wp-json\/wp\/v2\/comments?post=13791"}],"wp:featuredmedia":[{"embeddable":true,"href":"https:\/\/trade.colart.com\/fr\/wp-json\/wp\/v2\/media\/66482"}],"wp:attachment":[{"href":"https:\/\/trade.colart.com\/fr\/wp-json\/wp\/v2\/media?parent=13791"}],"wp:term":[{"taxonomy":"product_brand","embeddable":true,"href":"https:\/\/trade.colart.com\/fr\/wp-json\/wp\/v2\/product_brand?post=13791"},{"taxonomy":"product_cat","embeddable":true,"href":"https:\/\/trade.colart.com\/fr\/wp-json\/wp\/v2\/product_cat?post=13791"},{"taxonomy":"product_tag","embeddable":true,"href":"https:\/\/trade.colart.com\/fr\/wp-json\/wp\/v2\/product_tag?post=13791"}],"curies":[{"name":"wp","href":"https:\/\/api.w.org\/{rel}","templated":true}]}}