{"id":13861,"date":"2025-01-24T00:27:34","date_gmt":"2025-01-24T00:27:34","guid":{"rendered":"https:\/\/trade.colart.com\/fr\/product\/charbonnel-encre-aquawash\/"},"modified":"2025-12-10T16:39:41","modified_gmt":"2025-12-10T16:39:41","slug":"charbonnel-encre-aquawash","status":"publish","type":"product","link":"https:\/\/trade.colart.com\/fr\/product\/charbonnel-encre-aquawash\/","title":{"rendered":"Encre Aquawash"},"content":{"rendered":"<p>.<\/p>\n","protected":false},"excerpt":{"rendered":"<p>La gamme Aqua Wash est une encre non toxique extra pigment\u00e9e r\u00e9pondant \u00e0 tous les crit\u00e8res d\u2019une qualit\u00e9 extrafine. Elle pr\u00e9sente une concentration pigmentaire \u00e9lev\u00e9e, identique \u00e0 celle des encres classiques.<br \/>\n\u2022 A base d\u2019huiles \u00e9mulsionn\u00e9es hydrosolubles (ne contiennent pas d\u2019eau)<br \/>\n\u2022 Lavage des mains et du mat\u00e9riel \u00e0 l\u2019eau savonneuse<br \/>\n\u2022 Concentration pigmentaire \u00e9lev\u00e9e (comparable aux encres classiques)<br \/>\n\u2022 Haute tenue lumi\u00e8re<br \/>\n\u2022 Miscibilit\u00e9 de toutes les couleurs entre elles<br \/>\n\u2022 Collantes et faciles \u00e0 essuyer<br \/>\n\u2022 Utilisation sur un papier moins humide que sur celui des encres classiques<br \/>\n\u2022 S\u00e9chage identique \u00e0 celui des encres classiques<br \/>\n\u2022 Ind\u00e9trempables une fois s\u00e8ches <span class=\"more_dots\">&#8230;<\/span><\/p>\n<p><a class=\"btn btn-secondary understrap-read-more-link\" href=\"https:\/\/trade.colart.com\/fr\/product\/charbonnel-encre-aquawash\/\">Read More&#8230;<span class=\"screen-reader-text\"> from Encre Aquawash<\/span><\/a><\/p>\n","protected":false},"featured_media":13951,"comment_status":"closed","ping_status":"closed","template":"","meta":{"_acf_changed":false},"product_brand":[],"product_cat":[1654],"product_tag":[],"class_list":{"0":"post-13861","1":"product","2":"type-product","3":"status-publish","4":"has-post-thumbnail","6":"product_cat-charbonnel-encre-sans-solvant-aquawash","7":"no-variations-price","8":"d-none","10":"first","11":"outofstock","12":"shipping-taxable","13":"purchasable","14":"product-type-variable"},"acf":[],"_links":{"self":[{"href":"https:\/\/trade.colart.com\/fr\/wp-json\/wp\/v2\/product\/13861","targetHints":{"allow":["GET"]}}],"collection":[{"href":"https:\/\/trade.colart.com\/fr\/wp-json\/wp\/v2\/product"}],"about":[{"href":"https:\/\/trade.colart.com\/fr\/wp-json\/wp\/v2\/types\/product"}],"replies":[{"embeddable":true,"href":"https:\/\/trade.colart.com\/fr\/wp-json\/wp\/v2\/comments?post=13861"}],"wp:featuredmedia":[{"embeddable":true,"href":"https:\/\/trade.colart.com\/fr\/wp-json\/wp\/v2\/media\/13951"}],"wp:attachment":[{"href":"https:\/\/trade.colart.com\/fr\/wp-json\/wp\/v2\/media?parent=13861"}],"wp:term":[{"taxonomy":"product_brand","embeddable":true,"href":"https:\/\/trade.colart.com\/fr\/wp-json\/wp\/v2\/product_brand?post=13861"},{"taxonomy":"product_cat","embeddable":true,"href":"https:\/\/trade.colart.com\/fr\/wp-json\/wp\/v2\/product_cat?post=13861"},{"taxonomy":"product_tag","embeddable":true,"href":"https:\/\/trade.colart.com\/fr\/wp-json\/wp\/v2\/product_tag?post=13861"}],"curies":[{"name":"wp","href":"https:\/\/api.w.org\/{rel}","templated":true}]}}