{"id":13929,"date":"2025-01-24T01:02:35","date_gmt":"2025-01-24T01:02:35","guid":{"rendered":"https:\/\/trade.colart.com\/fr\/product\/charbonnel-encre-lithographique\/"},"modified":"2026-04-15T13:12:08","modified_gmt":"2026-04-15T13:12:08","slug":"charbonnel-encre-lithographique","status":"publish","type":"product","link":"https:\/\/trade.colart.com\/fr\/product\/charbonnel-encre-lithographique\/","title":{"rendered":"Encre Lithographique"},"content":{"rendered":"","protected":false},"excerpt":{"rendered":"<p>Encre d&#8217;impression lithographique d&#8217;intensit\u00e9 l\u00e9g\u00e8re \u00e0 base d&#8217;huile de lin, <span class=\"more_dots\">&#8230;<\/span><\/p>\n<p><a class=\"btn btn-secondary understrap-read-more-link\" href=\"https:\/\/trade.colart.com\/fr\/product\/charbonnel-encre-lithographique\/\">Read More&#8230;<span class=\"screen-reader-text\"> from Encre Lithographique<\/span><\/a><\/p>\n","protected":false},"featured_media":14028,"comment_status":"closed","ping_status":"closed","template":"","meta":{"_acf_changed":false},"product_brand":[],"product_cat":[1488],"product_tag":[],"class_list":{"0":"post-13929","1":"product","2":"type-product","3":"status-publish","4":"has-post-thumbnail","6":"product_cat-charbonnel-encres-litho","8":"first","9":"instock","10":"shipping-taxable","11":"purchasable","12":"product-type-variable"},"acf":[],"_links":{"self":[{"href":"https:\/\/trade.colart.com\/fr\/wp-json\/wp\/v2\/product\/13929","targetHints":{"allow":["GET"]}}],"collection":[{"href":"https:\/\/trade.colart.com\/fr\/wp-json\/wp\/v2\/product"}],"about":[{"href":"https:\/\/trade.colart.com\/fr\/wp-json\/wp\/v2\/types\/product"}],"replies":[{"embeddable":true,"href":"https:\/\/trade.colart.com\/fr\/wp-json\/wp\/v2\/comments?post=13929"}],"wp:featuredmedia":[{"embeddable":true,"href":"https:\/\/trade.colart.com\/fr\/wp-json\/wp\/v2\/media\/14028"}],"wp:attachment":[{"href":"https:\/\/trade.colart.com\/fr\/wp-json\/wp\/v2\/media?parent=13929"}],"wp:term":[{"taxonomy":"product_brand","embeddable":true,"href":"https:\/\/trade.colart.com\/fr\/wp-json\/wp\/v2\/product_brand?post=13929"},{"taxonomy":"product_cat","embeddable":true,"href":"https:\/\/trade.colart.com\/fr\/wp-json\/wp\/v2\/product_cat?post=13929"},{"taxonomy":"product_tag","embeddable":true,"href":"https:\/\/trade.colart.com\/fr\/wp-json\/wp\/v2\/product_tag?post=13929"}],"curies":[{"name":"wp","href":"https:\/\/api.w.org\/{rel}","templated":true}]}}