{"id":16016,"date":"2025-02-26T05:49:10","date_gmt":"2025-02-26T05:49:10","guid":{"rendered":"https:\/\/trade.colart.com\/fr\/product\/winsor-newton-papier-pour-huile-acrylique\/"},"modified":"2026-04-17T09:26:13","modified_gmt":"2026-04-17T09:26:13","slug":"winsor-newton-papier-pour-huile-acrylique","status":"publish","type":"product","link":"https:\/\/trade.colart.com\/fr\/product\/winsor-newton-papier-pour-huile-acrylique\/","title":{"rendered":"Papier pour Huile &amp; Acrylique"},"content":{"rendered":"","protected":false},"excerpt":{"rendered":"<p>Les blocs de papier pour huile et acrylique ont une surface textur\u00e9e semblable \u00e0 de la toile, sp\u00e9cialement con\u00e7us pour \u00eatre utilis\u00e9s avec des couleurs \u00e0 l&#8217;huile et acryliques. Sp\u00e9cialement con\u00e7u, ce papier offre le niveau d&#8217;absorption ad\u00e9quat pour les applications \u00e0 l&#8217;huile. Populaire pour le croquis en ext\u00e9rieur et en atelier, il convient aux artistes qui pr\u00e9f\u00e8rent utiliser du papier plut\u00f4t que de la toile. <span class=\"more_dots\">&#8230;<\/span><\/p>\n<p><a class=\"btn btn-secondary understrap-read-more-link\" href=\"https:\/\/trade.colart.com\/fr\/product\/winsor-newton-papier-pour-huile-acrylique\/\">Read More&#8230;<span class=\"screen-reader-text\"> from Papier pour Huile &amp; Acrylique<\/span><\/a><\/p>\n","protected":false},"featured_media":19801,"comment_status":"closed","ping_status":"closed","template":"","meta":{"_acf_changed":false},"product_brand":[],"product_cat":[475],"product_tag":[],"class_list":{"0":"post-16016","1":"product","2":"type-product","3":"status-publish","4":"has-post-thumbnail","6":"product_cat-winsor-newton-papier-papier-pour-huile-acrylique","8":"first","9":"instock","10":"shipping-taxable","11":"purchasable","12":"product-type-variable"},"acf":[],"_links":{"self":[{"href":"https:\/\/trade.colart.com\/fr\/wp-json\/wp\/v2\/product\/16016","targetHints":{"allow":["GET"]}}],"collection":[{"href":"https:\/\/trade.colart.com\/fr\/wp-json\/wp\/v2\/product"}],"about":[{"href":"https:\/\/trade.colart.com\/fr\/wp-json\/wp\/v2\/types\/product"}],"replies":[{"embeddable":true,"href":"https:\/\/trade.colart.com\/fr\/wp-json\/wp\/v2\/comments?post=16016"}],"wp:featuredmedia":[{"embeddable":true,"href":"https:\/\/trade.colart.com\/fr\/wp-json\/wp\/v2\/media\/19801"}],"wp:attachment":[{"href":"https:\/\/trade.colart.com\/fr\/wp-json\/wp\/v2\/media?parent=16016"}],"wp:term":[{"taxonomy":"product_brand","embeddable":true,"href":"https:\/\/trade.colart.com\/fr\/wp-json\/wp\/v2\/product_brand?post=16016"},{"taxonomy":"product_cat","embeddable":true,"href":"https:\/\/trade.colart.com\/fr\/wp-json\/wp\/v2\/product_cat?post=16016"},{"taxonomy":"product_tag","embeddable":true,"href":"https:\/\/trade.colart.com\/fr\/wp-json\/wp\/v2\/product_tag?post=16016"}],"curies":[{"name":"wp","href":"https:\/\/api.w.org\/{rel}","templated":true}]}}