{"id":17914,"date":"2026-03-12T22:27:35","date_gmt":"2026-03-12T22:27:35","guid":{"rendered":"https:\/\/trade.colart.com\/fr\/product\/winsor-newton-papier-pour-pastel\/"},"modified":"2026-04-16T14:51:34","modified_gmt":"2026-04-16T14:51:34","slug":"winsor-newton-papier-pour-pastel-bloc-6-couleurs-terre-160g-229x305-24-feuilles","status":"publish","type":"product","link":"https:\/\/trade.colart.com\/fr\/product\/winsor-newton-papier-pour-pastel-bloc-6-couleurs-terre-160g-229x305-24-feuilles\/","title":{"rendered":"Winsor &amp; Newton Papier Pour Pastel Bloc 6 Couleurs Terre 160g 22,9&#215;30,5 24 Feuilles"},"content":{"rendered":"<p>Ce bloc de papier pour Pastel offre un papier de haute qualit\u00e9, color\u00e9 et adapt\u00e9 \u00e0 l&#8217;utilisation avec le pastel, le crayon, le fusain et d&#8217;autres outils cr\u00e9atifs. Il existe deux versions des blocs contenant 6 couleurs assorties. Le papier pour pastel Winsor &amp; Newton est sans acide, r\u00e9sistant \u00e0 la lumi\u00e8re, et pr\u00e9sente une surface \u00e0 grain attrayante d&#8217;un c\u00f4t\u00e9 et une surface plus lisse de l&#8217;autre.<\/p>\n","protected":false},"excerpt":{"rendered":"<p>Ce bloc de papier pour Pastel offre un papier de haute qualit\u00e9, color\u00e9 et adapt\u00e9 \u00e0 l&#8217;utilisation avec le pastel, le crayon, le fusain et d&#8217;autres outils cr\u00e9atifs. Il existe deux versions des blocs contenant 6 couleurs assorties. Le papier pour pastel Winsor &amp; Newton est sans acide, r\u00e9sistant \u00e0 la lumi\u00e8re, et pr\u00e9sente une surface \u00e0 grain attrayante d&#8217;un c\u00f4t\u00e9 et une surface plus lisse de l&#8217;autre.<\/p>\n<p> <span class=\"more_dots\">&#8230;<\/span><\/p>\n<p><a class=\"btn btn-secondary understrap-read-more-link\" href=\"https:\/\/trade.colart.com\/fr\/product\/winsor-newton-papier-pour-pastel-bloc-6-couleurs-terre-160g-229x305-24-feuilles\/\">Read More&#8230;<span class=\"screen-reader-text\"> from Winsor &amp; Newton Papier Pour Pastel Bloc 6 Couleurs Terre 160g 22,9&#215;30,5 24 Feuilles<\/span><\/a><\/p>\n","protected":false},"featured_media":17916,"comment_status":"closed","ping_status":"closed","template":"","meta":{"_acf_changed":false},"product_brand":[],"product_cat":[136],"product_tag":[],"class_list":{"0":"post-17914","1":"product","2":"type-product","3":"status-publish","4":"has-post-thumbnail","6":"product_cat-winsor-newton-papier-papier-pour-pastel","8":"first","9":"instock","10":"shipping-taxable","11":"purchasable","12":"product-type-simple"},"acf":[],"_links":{"self":[{"href":"https:\/\/trade.colart.com\/fr\/wp-json\/wp\/v2\/product\/17914","targetHints":{"allow":["GET"]}}],"collection":[{"href":"https:\/\/trade.colart.com\/fr\/wp-json\/wp\/v2\/product"}],"about":[{"href":"https:\/\/trade.colart.com\/fr\/wp-json\/wp\/v2\/types\/product"}],"replies":[{"embeddable":true,"href":"https:\/\/trade.colart.com\/fr\/wp-json\/wp\/v2\/comments?post=17914"}],"wp:featuredmedia":[{"embeddable":true,"href":"https:\/\/trade.colart.com\/fr\/wp-json\/wp\/v2\/media\/17916"}],"wp:attachment":[{"href":"https:\/\/trade.colart.com\/fr\/wp-json\/wp\/v2\/media?parent=17914"}],"wp:term":[{"taxonomy":"product_brand","embeddable":true,"href":"https:\/\/trade.colart.com\/fr\/wp-json\/wp\/v2\/product_brand?post=17914"},{"taxonomy":"product_cat","embeddable":true,"href":"https:\/\/trade.colart.com\/fr\/wp-json\/wp\/v2\/product_cat?post=17914"},{"taxonomy":"product_tag","embeddable":true,"href":"https:\/\/trade.colart.com\/fr\/wp-json\/wp\/v2\/product_tag?post=17914"}],"curies":[{"name":"wp","href":"https:\/\/api.w.org\/{rel}","templated":true}]}}