{"id":17943,"date":"2026-03-12T22:28:55","date_gmt":"2026-03-12T22:28:55","guid":{"rendered":"https:\/\/trade.colart.com\/fr\/product\/winsor-newton-papier-bristol\/"},"modified":"2026-04-07T07:41:41","modified_gmt":"2026-04-07T07:41:41","slug":"winsor-newton-papier-bristol-bloc-250g-356x432cm-20-feuilles","status":"publish","type":"product","link":"https:\/\/trade.colart.com\/fr\/product\/winsor-newton-papier-bristol-bloc-250g-356x432cm-20-feuilles\/","title":{"rendered":"Winsor &amp; Newton Papier Bristol Bloc 250g 35,6&#215;43,2cm 20 Feuilles"},"content":{"rendered":"<p>La gamme de papiers Bristol a un grammage de 250 g\/m\u00b2 avec une surface extra lisse et d&#8217;un blanc \u00e9clatant. Elle est id\u00e9ale pour les dessins de d\u00e9tails fins et les illustrations r\u00e9alis\u00e9s au crayon, au stylo technique, \u00e0 l&#8217;encre et \u00e0 l&#8217;a\u00e9rographe. Composition sans acide et sans bois, le papier Bristol offre une surface r\u00e9sistante pour un travail et des gommages r\u00e9p\u00e9t\u00e9s et convient aux l\u00e9gers lavis sans d\u00e9formation.<\/p>\n","protected":false},"excerpt":{"rendered":"<p>La gamme de papiers Bristol a un grammage de 250 g\/m\u00b2 avec une surface extra lisse et d&#8217;un blanc \u00e9clatant. Elle est id\u00e9ale pour les dessins de d\u00e9tails fins et les illustrations r\u00e9alis\u00e9s au crayon, au stylo technique, \u00e0 l&#8217;encre et \u00e0 l&#8217;a\u00e9rographe. Composition sans acide et sans bois, le papier Bristol offre une surface r\u00e9sistante pour un travail et des gommages r\u00e9p\u00e9t\u00e9s et convient aux l\u00e9gers lavis sans d\u00e9formation. <span class=\"more_dots\">&#8230;<\/span><\/p>\n<p><a class=\"btn btn-secondary understrap-read-more-link\" href=\"https:\/\/trade.colart.com\/fr\/product\/winsor-newton-papier-bristol-bloc-250g-356x432cm-20-feuilles\/\">Read More&#8230;<span class=\"screen-reader-text\"> from Winsor &amp; Newton Papier Bristol Bloc 250g 35,6&#215;43,2cm 20 Feuilles<\/span><\/a><\/p>\n","protected":false},"featured_media":17944,"comment_status":"closed","ping_status":"closed","template":"","meta":{"_acf_changed":false},"product_brand":[],"product_cat":[137],"product_tag":[],"class_list":{"0":"post-17943","1":"product","2":"type-product","3":"status-publish","4":"has-post-thumbnail","6":"product_cat-winsor-newton-papier-papier-bristol","8":"first","9":"instock","10":"shipping-taxable","11":"purchasable","12":"product-type-simple"},"acf":[],"_links":{"self":[{"href":"https:\/\/trade.colart.com\/fr\/wp-json\/wp\/v2\/product\/17943","targetHints":{"allow":["GET"]}}],"collection":[{"href":"https:\/\/trade.colart.com\/fr\/wp-json\/wp\/v2\/product"}],"about":[{"href":"https:\/\/trade.colart.com\/fr\/wp-json\/wp\/v2\/types\/product"}],"replies":[{"embeddable":true,"href":"https:\/\/trade.colart.com\/fr\/wp-json\/wp\/v2\/comments?post=17943"}],"wp:featuredmedia":[{"embeddable":true,"href":"https:\/\/trade.colart.com\/fr\/wp-json\/wp\/v2\/media\/17944"}],"wp:attachment":[{"href":"https:\/\/trade.colart.com\/fr\/wp-json\/wp\/v2\/media?parent=17943"}],"wp:term":[{"taxonomy":"product_brand","embeddable":true,"href":"https:\/\/trade.colart.com\/fr\/wp-json\/wp\/v2\/product_brand?post=17943"},{"taxonomy":"product_cat","embeddable":true,"href":"https:\/\/trade.colart.com\/fr\/wp-json\/wp\/v2\/product_cat?post=17943"},{"taxonomy":"product_tag","embeddable":true,"href":"https:\/\/trade.colart.com\/fr\/wp-json\/wp\/v2\/product_tag?post=17943"}],"curies":[{"name":"wp","href":"https:\/\/api.w.org\/{rel}","templated":true}]}}