{"id":17962,"date":"2026-03-12T22:28:45","date_gmt":"2026-03-12T22:28:45","guid":{"rendered":"https:\/\/trade.colart.com\/fr\/product\/winsor-newton-papier-pour-dessins-et-croquis\/"},"modified":"2026-04-03T09:54:07","modified_gmt":"2026-04-03T09:54:07","slug":"winsor-newton-papier-esquisse-bloc-spirale-extra-blanc-110g-229x305cm-50-feuilles","status":"publish","type":"product","link":"https:\/\/trade.colart.com\/fr\/product\/winsor-newton-papier-esquisse-bloc-spirale-extra-blanc-110g-229x305cm-50-feuilles\/","title":{"rendered":"Winsor &amp; Newton Papier Esquisse Bloc Spirale Extra Blanc 110g 22,9&#215;30,5cm 50 Feuilles"},"content":{"rendered":"<p>Nos blocs de papier cartridge \u00e0 spirales \u00e0 texture moyenne sont id\u00e9aux pour le croquis et le dessin au crayon, pastel et fusain, retenant bien les lignes et les d\u00e9grad\u00e9s. Ils s&#8217;ouvrent parfaitement \u00e0 plat et incluent des feuilles micro-perfor\u00e9es faciles \u00e0 d\u00e9tacher.<\/p>\n","protected":false},"excerpt":{"rendered":"<p>Nos blocs de papier cartridge \u00e0 spirales \u00e0 texture moyenne sont id\u00e9aux pour le croquis et le dessin au crayon, pastel et fusain, retenant bien les lignes et les d\u00e9grad\u00e9s. Ils s&#8217;ouvrent parfaitement \u00e0 plat et incluent des feuilles micro-perfor\u00e9es faciles \u00e0 d\u00e9tacher. <span class=\"more_dots\">&#8230;<\/span><\/p>\n<p><a class=\"btn btn-secondary understrap-read-more-link\" href=\"https:\/\/trade.colart.com\/fr\/product\/winsor-newton-papier-esquisse-bloc-spirale-extra-blanc-110g-229x305cm-50-feuilles\/\">Read More&#8230;<span class=\"screen-reader-text\"> from Winsor &amp; Newton Papier Esquisse Bloc Spirale Extra Blanc 110g 22,9&#215;30,5cm 50 Feuilles<\/span><\/a><\/p>\n","protected":false},"featured_media":17963,"comment_status":"closed","ping_status":"closed","template":"","meta":{"_acf_changed":false},"product_brand":[],"product_cat":[140],"product_tag":[],"class_list":{"0":"post-17962","1":"product","2":"type-product","3":"status-publish","4":"has-post-thumbnail","6":"product_cat-winsor-newton-papier-papier-pour-dessins-et-croquis","8":"first","9":"instock","10":"shipping-taxable","11":"purchasable","12":"product-type-simple"},"acf":[],"_links":{"self":[{"href":"https:\/\/trade.colart.com\/fr\/wp-json\/wp\/v2\/product\/17962","targetHints":{"allow":["GET"]}}],"collection":[{"href":"https:\/\/trade.colart.com\/fr\/wp-json\/wp\/v2\/product"}],"about":[{"href":"https:\/\/trade.colart.com\/fr\/wp-json\/wp\/v2\/types\/product"}],"replies":[{"embeddable":true,"href":"https:\/\/trade.colart.com\/fr\/wp-json\/wp\/v2\/comments?post=17962"}],"wp:featuredmedia":[{"embeddable":true,"href":"https:\/\/trade.colart.com\/fr\/wp-json\/wp\/v2\/media\/17963"}],"wp:attachment":[{"href":"https:\/\/trade.colart.com\/fr\/wp-json\/wp\/v2\/media?parent=17962"}],"wp:term":[{"taxonomy":"product_brand","embeddable":true,"href":"https:\/\/trade.colart.com\/fr\/wp-json\/wp\/v2\/product_brand?post=17962"},{"taxonomy":"product_cat","embeddable":true,"href":"https:\/\/trade.colart.com\/fr\/wp-json\/wp\/v2\/product_cat?post=17962"},{"taxonomy":"product_tag","embeddable":true,"href":"https:\/\/trade.colart.com\/fr\/wp-json\/wp\/v2\/product_tag?post=17962"}],"curies":[{"name":"wp","href":"https:\/\/api.w.org\/{rel}","templated":true}]}}