{"id":17982,"date":"2026-01-17T11:19:05","date_gmt":"2026-01-17T11:19:05","guid":{"rendered":"https:\/\/trade.colart.com\/fr\/product\/winsor-newton-cahiers-de-croquis-avec-dos-cartonn%c3%a9\/"},"modified":"2026-04-14T10:42:33","modified_gmt":"2026-04-14T10:42:33","slug":"winsor-newton-papier-esquisse-cahier-de-croquis-spirale-170g-a6-50-feuilles","status":"publish","type":"product","link":"https:\/\/trade.colart.com\/fr\/product\/winsor-newton-papier-esquisse-cahier-de-croquis-spirale-170g-a6-50-feuilles\/","title":{"rendered":"Winsor &amp; Newton Papier Esquisse Cahier De Croquis Spirale 170g A6 50 Feuilles"},"content":{"rendered":"<p>Ces cahiers de croquis \u00e0 papier \u00e9pais conviennent au crayon, au stylo et \u00e0 l&#8217;encre, ainsi qu&#8217;\u00e0 de l\u00e9gers lavis d&#8217;aquarelle. Fabriqu\u00e9s avec du papier sans acide de 170 g\/m\u00b2 pour une longue dur\u00e9e de vie, chaque feuille est perfor\u00e9e le long du bord pour permettre un retrait facile. Cette gamme de cahiers de croquis \u00e0 couverture rigide est disponible en deux styles : l&#8217;un est \u00e0 reliure rigide avec une couverture noire \u00e0 effet cuir classique, et l&#8217;autre est un cahier de croquis \u00e0 reliure spirale. Les deux styles sont disponibles dans une vari\u00e9t\u00e9 de tailles diff\u00e9rentes.<\/p>\n","protected":false},"excerpt":{"rendered":"<p>Ces cahiers de croquis \u00e0 papier \u00e9pais conviennent au crayon, au stylo et \u00e0 l&#8217;encre, ainsi qu&#8217;\u00e0 de l\u00e9gers lavis d&#8217;aquarelle. Fabriqu\u00e9s avec du papier sans acide de 170 g\/m\u00b2 pour une longue dur\u00e9e de vie, chaque feuille est perfor\u00e9e le long du bord pour permettre un retrait facile. Cette gamme de cahiers de croquis \u00e0 couverture rigide est disponible en deux styles : l&#8217;un est \u00e0 reliure rigide avec une couverture noire \u00e0 effet cuir classique, et l&#8217;autre est un cahier de croquis \u00e0 reliure spirale. Les deux styles sont disponibles dans une vari\u00e9t\u00e9 de tailles diff\u00e9rentes. <span class=\"more_dots\">&#8230;<\/span><\/p>\n<p><a class=\"btn btn-secondary understrap-read-more-link\" href=\"https:\/\/trade.colart.com\/fr\/product\/winsor-newton-papier-esquisse-cahier-de-croquis-spirale-170g-a6-50-feuilles\/\">Read More&#8230;<span class=\"screen-reader-text\"> from Winsor &amp; Newton Papier Esquisse Cahier De Croquis Spirale 170g A6 50 Feuilles<\/span><\/a><\/p>\n","protected":false},"featured_media":17986,"comment_status":"closed","ping_status":"closed","template":"","meta":{"_acf_changed":false},"product_brand":[],"product_cat":[140],"product_tag":[],"class_list":{"0":"post-17982","1":"product","2":"type-product","3":"status-publish","4":"has-post-thumbnail","6":"product_cat-winsor-newton-papier-papier-pour-dessins-et-croquis","8":"first","9":"instock","10":"shipping-taxable","11":"purchasable","12":"product-type-simple"},"acf":[],"_links":{"self":[{"href":"https:\/\/trade.colart.com\/fr\/wp-json\/wp\/v2\/product\/17982","targetHints":{"allow":["GET"]}}],"collection":[{"href":"https:\/\/trade.colart.com\/fr\/wp-json\/wp\/v2\/product"}],"about":[{"href":"https:\/\/trade.colart.com\/fr\/wp-json\/wp\/v2\/types\/product"}],"replies":[{"embeddable":true,"href":"https:\/\/trade.colart.com\/fr\/wp-json\/wp\/v2\/comments?post=17982"}],"wp:featuredmedia":[{"embeddable":true,"href":"https:\/\/trade.colart.com\/fr\/wp-json\/wp\/v2\/media\/17986"}],"wp:attachment":[{"href":"https:\/\/trade.colart.com\/fr\/wp-json\/wp\/v2\/media?parent=17982"}],"wp:term":[{"taxonomy":"product_brand","embeddable":true,"href":"https:\/\/trade.colart.com\/fr\/wp-json\/wp\/v2\/product_brand?post=17982"},{"taxonomy":"product_cat","embeddable":true,"href":"https:\/\/trade.colart.com\/fr\/wp-json\/wp\/v2\/product_cat?post=17982"},{"taxonomy":"product_tag","embeddable":true,"href":"https:\/\/trade.colart.com\/fr\/wp-json\/wp\/v2\/product_tag?post=17982"}],"curies":[{"name":"wp","href":"https:\/\/api.w.org\/{rel}","templated":true}]}}