{"id":18023,"date":"2026-03-12T22:33:03","date_gmt":"2026-03-12T22:33:03","guid":{"rendered":"https:\/\/trade.colart.com\/fr\/product\/winsor-newton-cahiers-de-croquis-avec-dos-cartonn%c3%a9\/"},"modified":"2026-04-07T07:41:50","modified_gmt":"2026-04-07T07:41:50","slug":"winsor-newton-papier-esquisse-cahier-de-croquis-spirale-110g-279x356cm-80-feuilles","status":"publish","type":"product","link":"https:\/\/trade.colart.com\/fr\/product\/winsor-newton-papier-esquisse-cahier-de-croquis-spirale-110g-279x356cm-80-feuilles\/","title":{"rendered":"Winsor &amp; Newton Papier Esquisse Cahier De Croquis Spirale 110g 27,9&#215;35,6cm 80 Feuilles"},"content":{"rendered":"<p>Ces cahiers de croquis sont fabriqu\u00e9s avec du papier sans acide de 110 g\/m\u00b2, pour assurer leur long\u00e9vit\u00e9. Chaque feuille est perfor\u00e9e le long du bord pour permettre un retrait facile. Ils conviennent \u00e0 une utilisation avec du crayon, du stylo et de l&#8217;encre, ainsi que pour de l\u00e9gers lavis d&#8217;aquarelle. Ces cahiers de croquis \u00e0 couverture rigide de haute qualit\u00e9 sont disponibles en deux styles : l&#8217;un est \u00e0 reliure rigide avec une couverture noire \u00e0 effet cuir classique, et l&#8217;autre est un cahier de croquis \u00e0 reliure spirale. Les deux styles contiennent 80 feuilles perfor\u00e9es de papier \u00e0 dessin de 110 g\/m\u00b2.<\/p>\n","protected":false},"excerpt":{"rendered":"<p>Ces cahiers de croquis sont fabriqu\u00e9s avec du papier sans acide de 110 g\/m\u00b2, pour assurer leur long\u00e9vit\u00e9. Chaque feuille est perfor\u00e9e le long du bord pour permettre un retrait facile. Ils conviennent \u00e0 une utilisation avec du crayon, du stylo et de l&#8217;encre, ainsi que pour de l\u00e9gers lavis d&#8217;aquarelle. Ces cahiers de croquis \u00e0 couverture rigide de haute qualit\u00e9 sont disponibles en deux styles : l&#8217;un est \u00e0 reliure rigide avec une couverture noire \u00e0 effet cuir classique, et l&#8217;autre est un cahier de croquis \u00e0 reliure spirale. Les deux styles contiennent 80 feuilles perfor\u00e9es de papier \u00e0 dessin de 110 g\/m\u00b2. <span class=\"more_dots\">&#8230;<\/span><\/p>\n<p><a class=\"btn btn-secondary understrap-read-more-link\" href=\"https:\/\/trade.colart.com\/fr\/product\/winsor-newton-papier-esquisse-cahier-de-croquis-spirale-110g-279x356cm-80-feuilles\/\">Read More&#8230;<span class=\"screen-reader-text\"> from Winsor &amp; Newton Papier Esquisse Cahier De Croquis Spirale 110g 27,9&#215;35,6cm 80 Feuilles<\/span><\/a><\/p>\n","protected":false},"featured_media":18024,"comment_status":"closed","ping_status":"closed","template":"","meta":{"_acf_changed":false},"product_brand":[],"product_cat":[140],"product_tag":[],"class_list":{"0":"post-18023","1":"product","2":"type-product","3":"status-publish","4":"has-post-thumbnail","6":"product_cat-winsor-newton-papier-papier-pour-dessins-et-croquis","8":"first","9":"instock","10":"shipping-taxable","11":"purchasable","12":"product-type-simple"},"acf":[],"_links":{"self":[{"href":"https:\/\/trade.colart.com\/fr\/wp-json\/wp\/v2\/product\/18023","targetHints":{"allow":["GET"]}}],"collection":[{"href":"https:\/\/trade.colart.com\/fr\/wp-json\/wp\/v2\/product"}],"about":[{"href":"https:\/\/trade.colart.com\/fr\/wp-json\/wp\/v2\/types\/product"}],"replies":[{"embeddable":true,"href":"https:\/\/trade.colart.com\/fr\/wp-json\/wp\/v2\/comments?post=18023"}],"wp:featuredmedia":[{"embeddable":true,"href":"https:\/\/trade.colart.com\/fr\/wp-json\/wp\/v2\/media\/18024"}],"wp:attachment":[{"href":"https:\/\/trade.colart.com\/fr\/wp-json\/wp\/v2\/media?parent=18023"}],"wp:term":[{"taxonomy":"product_brand","embeddable":true,"href":"https:\/\/trade.colart.com\/fr\/wp-json\/wp\/v2\/product_brand?post=18023"},{"taxonomy":"product_cat","embeddable":true,"href":"https:\/\/trade.colart.com\/fr\/wp-json\/wp\/v2\/product_cat?post=18023"},{"taxonomy":"product_tag","embeddable":true,"href":"https:\/\/trade.colart.com\/fr\/wp-json\/wp\/v2\/product_tag?post=18023"}],"curies":[{"name":"wp","href":"https:\/\/api.w.org\/{rel}","templated":true}]}}