{"id":18057,"date":"2026-03-12T22:29:27","date_gmt":"2026-03-12T22:29:27","guid":{"rendered":"https:\/\/trade.colart.com\/fr\/product\/winsor-newton-papier-pour-dessins-et-croquis\/"},"modified":"2026-04-03T09:54:13","modified_gmt":"2026-04-03T09:54:13","slug":"winsor-newton-papier-dessin-bloc-spirale-grain-fin-150g-457x610cm-25-feuilles","status":"publish","type":"product","link":"https:\/\/trade.colart.com\/fr\/product\/winsor-newton-papier-dessin-bloc-spirale-grain-fin-150g-457x610cm-25-feuilles\/","title":{"rendered":"Winsor &amp; Newton Papier Dessin Bloc Spirale Grain Fin 150g 45,7&#215;61,0cm 25 Feuilles"},"content":{"rendered":"<p>Le papier \u00e0 dessin \u00e0 grain fin est adapt\u00e9 \u00e0 une vari\u00e9t\u00e9 de techniques de dessin et de croquis telles que la calligraphie, le stylo technique et les techniques de crayon de couleur. Les grammages du papier varient de 150 \u00e0 220 g\/m\u00b2 et sont disponibles en blocs encoll\u00e9s et spirales, en feuilles et en rouleaux.<\/p>\n","protected":false},"excerpt":{"rendered":"<p>Le papier \u00e0 dessin \u00e0 grain fin est adapt\u00e9 \u00e0 une vari\u00e9t\u00e9 de techniques de dessin et de croquis telles que la calligraphie, le stylo technique et les techniques de crayon de couleur. Les grammages du papier varient de 150 \u00e0 220 g\/m\u00b2 et sont disponibles en blocs encoll\u00e9s et spirales, en feuilles et en rouleaux. <span class=\"more_dots\">&#8230;<\/span><\/p>\n<p><a class=\"btn btn-secondary understrap-read-more-link\" href=\"https:\/\/trade.colart.com\/fr\/product\/winsor-newton-papier-dessin-bloc-spirale-grain-fin-150g-457x610cm-25-feuilles\/\">Read More&#8230;<span class=\"screen-reader-text\"> from Winsor &amp; Newton Papier Dessin Bloc Spirale Grain Fin 150g 45,7&#215;61,0cm 25 Feuilles<\/span><\/a><\/p>\n","protected":false},"featured_media":18058,"comment_status":"closed","ping_status":"closed","template":"","meta":{"_acf_changed":false},"product_brand":[],"product_cat":[140],"product_tag":[],"class_list":{"0":"post-18057","1":"product","2":"type-product","3":"status-publish","4":"has-post-thumbnail","6":"product_cat-winsor-newton-papier-papier-pour-dessins-et-croquis","8":"first","9":"instock","10":"shipping-taxable","11":"purchasable","12":"product-type-simple"},"acf":[],"_links":{"self":[{"href":"https:\/\/trade.colart.com\/fr\/wp-json\/wp\/v2\/product\/18057","targetHints":{"allow":["GET"]}}],"collection":[{"href":"https:\/\/trade.colart.com\/fr\/wp-json\/wp\/v2\/product"}],"about":[{"href":"https:\/\/trade.colart.com\/fr\/wp-json\/wp\/v2\/types\/product"}],"replies":[{"embeddable":true,"href":"https:\/\/trade.colart.com\/fr\/wp-json\/wp\/v2\/comments?post=18057"}],"wp:featuredmedia":[{"embeddable":true,"href":"https:\/\/trade.colart.com\/fr\/wp-json\/wp\/v2\/media\/18058"}],"wp:attachment":[{"href":"https:\/\/trade.colart.com\/fr\/wp-json\/wp\/v2\/media?parent=18057"}],"wp:term":[{"taxonomy":"product_brand","embeddable":true,"href":"https:\/\/trade.colart.com\/fr\/wp-json\/wp\/v2\/product_brand?post=18057"},{"taxonomy":"product_cat","embeddable":true,"href":"https:\/\/trade.colart.com\/fr\/wp-json\/wp\/v2\/product_cat?post=18057"},{"taxonomy":"product_tag","embeddable":true,"href":"https:\/\/trade.colart.com\/fr\/wp-json\/wp\/v2\/product_tag?post=18057"}],"curies":[{"name":"wp","href":"https:\/\/api.w.org\/{rel}","templated":true}]}}