{"id":18239,"date":"2026-03-12T22:20:18","date_gmt":"2026-03-12T22:20:18","guid":{"rendered":"https:\/\/trade.colart.com\/fr\/product\/winsor-newton-papier-pour-aquarelle\/"},"modified":"2026-03-24T09:40:24","modified_gmt":"2026-03-24T09:40:24","slug":"winsor-newton-papier-aquarelle-rouleau-grain-fin-300g-150x1000","status":"publish","type":"product","link":"https:\/\/trade.colart.com\/fr\/product\/winsor-newton-papier-aquarelle-rouleau-grain-fin-300g-150x1000\/","title":{"rendered":"Winsor &amp; Newton Papier Aquarelle Rouleau Grain Fin 300g 150&#215;1000"},"content":{"rendered":"<p>Ce papier grain fin a un grain moyen et est r\u00e9put\u00e9 pour permettre de r\u00e9aliser les oeuvres aquarelle les plus \u00e9clatantes. Cela est d\u00fb au fait que la surface refl\u00e8te davantage de lumi\u00e8re. Tous nos papiers pour aquarelle sont con\u00e7us pour r\u00e9sister \u00e0 la saturation, vous pouvez donc \u00eatre s\u00fbr que le papier ne gondolera pas.<\/p>\n","protected":false},"excerpt":{"rendered":"<p>Ce papier grain fin a un grain moyen et est r\u00e9put\u00e9 pour permettre de r\u00e9aliser les oeuvres aquarelle les plus \u00e9clatantes. Cela est d\u00fb au fait que la surface refl\u00e8te davantage de lumi\u00e8re. Tous nos papiers pour aquarelle sont con\u00e7us pour r\u00e9sister \u00e0 la saturation, vous pouvez donc \u00eatre s\u00fbr que le papier ne gondolera pas. <span class=\"more_dots\">&#8230;<\/span><\/p>\n<p><a class=\"btn btn-secondary understrap-read-more-link\" href=\"https:\/\/trade.colart.com\/fr\/product\/winsor-newton-papier-aquarelle-rouleau-grain-fin-300g-150x1000\/\">Read More&#8230;<span class=\"screen-reader-text\"> from Winsor &amp; Newton Papier Aquarelle Rouleau Grain Fin 300g 150&#215;1000<\/span><\/a><\/p>\n","protected":false},"featured_media":18212,"comment_status":"closed","ping_status":"closed","template":"","meta":{"_acf_changed":false},"product_brand":[],"product_cat":[302],"product_tag":[],"class_list":{"0":"post-18239","1":"product","2":"type-product","3":"status-publish","4":"has-post-thumbnail","6":"product_cat-winsor-newton-papier-papier-pour-aquarelle","8":"first","9":"outofstock","10":"shipping-taxable","11":"purchasable","12":"product-type-simple"},"acf":[],"_links":{"self":[{"href":"https:\/\/trade.colart.com\/fr\/wp-json\/wp\/v2\/product\/18239","targetHints":{"allow":["GET"]}}],"collection":[{"href":"https:\/\/trade.colart.com\/fr\/wp-json\/wp\/v2\/product"}],"about":[{"href":"https:\/\/trade.colart.com\/fr\/wp-json\/wp\/v2\/types\/product"}],"replies":[{"embeddable":true,"href":"https:\/\/trade.colart.com\/fr\/wp-json\/wp\/v2\/comments?post=18239"}],"wp:featuredmedia":[{"embeddable":true,"href":"https:\/\/trade.colart.com\/fr\/wp-json\/wp\/v2\/media\/18212"}],"wp:attachment":[{"href":"https:\/\/trade.colart.com\/fr\/wp-json\/wp\/v2\/media?parent=18239"}],"wp:term":[{"taxonomy":"product_brand","embeddable":true,"href":"https:\/\/trade.colart.com\/fr\/wp-json\/wp\/v2\/product_brand?post=18239"},{"taxonomy":"product_cat","embeddable":true,"href":"https:\/\/trade.colart.com\/fr\/wp-json\/wp\/v2\/product_cat?post=18239"},{"taxonomy":"product_tag","embeddable":true,"href":"https:\/\/trade.colart.com\/fr\/wp-json\/wp\/v2\/product_tag?post=18239"}],"curies":[{"name":"wp","href":"https:\/\/api.w.org\/{rel}","templated":true}]}}