{"id":20214,"date":"2026-03-12T13:55:37","date_gmt":"2026-03-12T13:55:37","guid":{"rendered":"https:\/\/trade.colart.com\/fr\/product\/charbonnel-bitume-pulvertisee-500g\/"},"modified":"2026-04-07T15:09:07","modified_gmt":"2026-04-07T15:09:07","slug":"charbonnel-bitume-pulvertisee-500g","status":"publish","type":"product","link":"https:\/\/trade.colart.com\/fr\/product\/charbonnel-bitume-pulvertisee-500g\/","title":{"rendered":"Charbonnel Bitume Pulvertisee 500g"},"content":{"rendered":"<p>Utilis\u00e9 pour le grainage en aquatinte ou pour la confection de vernis pour l&#8217;eau-forte.Soluble \u00e0 l&#8217;essence de t\u00e9r\u00e9benthine (ou white spririt).<\/p>\n","protected":false},"excerpt":{"rendered":"<p>Utilis\u00e9 pour le grainage en aquatinte ou pour la confection de vernis pour l&#8217;eau-forte.Soluble \u00e0 l&#8217;essence de t\u00e9r\u00e9benthine (ou white spririt). <span class=\"more_dots\">&#8230;<\/span><\/p>\n<p><a class=\"btn btn-secondary understrap-read-more-link\" href=\"https:\/\/trade.colart.com\/fr\/product\/charbonnel-bitume-pulvertisee-500g\/\">Read More&#8230;<span class=\"screen-reader-text\"> from Charbonnel Bitume Pulvertisee 500g<\/span><\/a><\/p>\n","protected":false},"featured_media":20215,"comment_status":"closed","ping_status":"closed","template":"","meta":{"_acf_changed":false},"product_brand":[],"product_cat":[1467],"product_tag":[],"class_list":{"0":"post-20214","1":"product","2":"type-product","3":"status-publish","4":"has-post-thumbnail","6":"product_cat-charbonnel-additifs","8":"first","9":"instock","10":"shipping-taxable","11":"purchasable","12":"product-type-simple"},"acf":[],"_links":{"self":[{"href":"https:\/\/trade.colart.com\/fr\/wp-json\/wp\/v2\/product\/20214","targetHints":{"allow":["GET"]}}],"collection":[{"href":"https:\/\/trade.colart.com\/fr\/wp-json\/wp\/v2\/product"}],"about":[{"href":"https:\/\/trade.colart.com\/fr\/wp-json\/wp\/v2\/types\/product"}],"replies":[{"embeddable":true,"href":"https:\/\/trade.colart.com\/fr\/wp-json\/wp\/v2\/comments?post=20214"}],"wp:featuredmedia":[{"embeddable":true,"href":"https:\/\/trade.colart.com\/fr\/wp-json\/wp\/v2\/media\/20215"}],"wp:attachment":[{"href":"https:\/\/trade.colart.com\/fr\/wp-json\/wp\/v2\/media?parent=20214"}],"wp:term":[{"taxonomy":"product_brand","embeddable":true,"href":"https:\/\/trade.colart.com\/fr\/wp-json\/wp\/v2\/product_brand?post=20214"},{"taxonomy":"product_cat","embeddable":true,"href":"https:\/\/trade.colart.com\/fr\/wp-json\/wp\/v2\/product_cat?post=20214"},{"taxonomy":"product_tag","embeddable":true,"href":"https:\/\/trade.colart.com\/fr\/wp-json\/wp\/v2\/product_tag?post=20214"}],"curies":[{"name":"wp","href":"https:\/\/api.w.org\/{rel}","templated":true}]}}