{"id":20483,"date":"2026-03-12T06:45:45","date_gmt":"2026-03-12T06:45:45","guid":{"rendered":"https:\/\/trade.colart.com\/fr\/product\/liquitex-basics-set-de-6-brosses\/"},"modified":"2026-04-17T07:58:43","modified_gmt":"2026-04-17T07:58:43","slug":"liquitex-basics-set-de-6-brosses","status":"publish","type":"product","link":"https:\/\/trade.colart.com\/fr\/product\/liquitex-basics-set-de-6-brosses\/","title":{"rendered":"Liquitex Basics Set De 6 Brosses"},"content":{"rendered":"<p>Basics est notre gamme de qualit\u00e9 fine, con\u00e7ue pour une utilisation quotidienne par tous les artistes. Ce set contient six pinceaux \u00e0 poils en nylon qui vous donnent la r\u00e9activit\u00e9 id\u00e9ale pour les acryliques \u00e0 texture souple ou de viscosit\u00e9 moyenne.<\/p>\n","protected":false},"excerpt":{"rendered":"<p>Basics est notre gamme de qualit\u00e9 fine, con\u00e7ue pour une utilisation quotidienne par tous les artistes. Ce set contient six pinceaux \u00e0 poils en nylon qui vous donnent la r\u00e9activit\u00e9 id\u00e9ale pour les acryliques \u00e0 texture souple ou de viscosit\u00e9 moyenne. <span class=\"more_dots\">&#8230;<\/span><\/p>\n<p><a class=\"btn btn-secondary understrap-read-more-link\" href=\"https:\/\/trade.colart.com\/fr\/product\/liquitex-basics-set-de-6-brosses\/\">Read More&#8230;<span class=\"screen-reader-text\"> from Liquitex Basics Set De 6 Brosses<\/span><\/a><\/p>\n","protected":false},"featured_media":20484,"comment_status":"closed","ping_status":"closed","template":"","meta":{"_acf_changed":false},"product_brand":[],"product_cat":[1089],"product_tag":[],"class_list":{"0":"post-20483","1":"product","2":"type-product","3":"status-publish","4":"has-post-thumbnail","6":"product_cat-liquitex-produit-gamme-acrylique-basics-sets-basics-sets-outils-basics","8":"first","9":"instock","10":"shipping-taxable","11":"purchasable","12":"product-type-simple"},"acf":[],"_links":{"self":[{"href":"https:\/\/trade.colart.com\/fr\/wp-json\/wp\/v2\/product\/20483","targetHints":{"allow":["GET"]}}],"collection":[{"href":"https:\/\/trade.colart.com\/fr\/wp-json\/wp\/v2\/product"}],"about":[{"href":"https:\/\/trade.colart.com\/fr\/wp-json\/wp\/v2\/types\/product"}],"replies":[{"embeddable":true,"href":"https:\/\/trade.colart.com\/fr\/wp-json\/wp\/v2\/comments?post=20483"}],"wp:featuredmedia":[{"embeddable":true,"href":"https:\/\/trade.colart.com\/fr\/wp-json\/wp\/v2\/media\/20484"}],"wp:attachment":[{"href":"https:\/\/trade.colart.com\/fr\/wp-json\/wp\/v2\/media?parent=20483"}],"wp:term":[{"taxonomy":"product_brand","embeddable":true,"href":"https:\/\/trade.colart.com\/fr\/wp-json\/wp\/v2\/product_brand?post=20483"},{"taxonomy":"product_cat","embeddable":true,"href":"https:\/\/trade.colart.com\/fr\/wp-json\/wp\/v2\/product_cat?post=20483"},{"taxonomy":"product_tag","embeddable":true,"href":"https:\/\/trade.colart.com\/fr\/wp-json\/wp\/v2\/product_tag?post=20483"}],"curies":[{"name":"wp","href":"https:\/\/api.w.org\/{rel}","templated":true}]}}