{"id":20497,"date":"2026-03-12T07:56:23","date_gmt":"2026-03-12T07:56:23","guid":{"rendered":"https:\/\/trade.colart.com\/fr\/product\/liquitex-set-de-4-brosses-free-style\/"},"modified":"2026-04-10T13:59:40","modified_gmt":"2026-04-10T13:59:40","slug":"liquitex-set-de-4-brosses-free-style","status":"publish","type":"product","link":"https:\/\/trade.colart.com\/fr\/product\/liquitex-set-de-4-brosses-free-style\/","title":{"rendered":"Liquitex Set De 4 Brosses Free Style"},"content":{"rendered":"<p>Ce set contient quatre pinceaux de qualit\u00e9 professionnelle \u00e0 manche long. Cet assortiment vous offre un pinceau de chaque forme essentielle, avec des t\u00eates de pinceau en nylon synth\u00e9tique de haute qualit\u00e9 et des manches ergonomiques et \u00e9quilibr\u00e9s.<\/p>\n","protected":false},"excerpt":{"rendered":"<p>Ce set contient quatre pinceaux de qualit\u00e9 professionnelle \u00e0 manche long. Cet assortiment vous offre un pinceau de chaque forme essentielle, avec des t\u00eates de pinceau en nylon synth\u00e9tique de haute qualit\u00e9 et des manches ergonomiques et \u00e9quilibr\u00e9s. <span class=\"more_dots\">&#8230;<\/span><\/p>\n<p><a class=\"btn btn-secondary understrap-read-more-link\" href=\"https:\/\/trade.colart.com\/fr\/product\/liquitex-set-de-4-brosses-free-style\/\">Read More&#8230;<span class=\"screen-reader-text\"> from Liquitex Set De 4 Brosses Free Style<\/span><\/a><\/p>\n","protected":false},"featured_media":20500,"comment_status":"closed","ping_status":"closed","template":"","meta":{"_acf_changed":false},"product_brand":[],"product_cat":[1032,2338,1033,1100],"product_tag":[],"class_list":{"0":"post-20497","1":"product","2":"type-product","3":"status-publish","4":"has-post-thumbnail","6":"product_cat-liquitex-produit-gamme-acrylique-professionnelle-outils-pinceaux-voir-tout","7":"product_cat-liquitex-produit-gamme-acrylique-professionnelle-sets-sets-outils","8":"product_cat-liquitex-produit-gamme-acrylique-professionnelle-outils-pinceaux-brosses-free-style","9":"product_cat-liquitex-produit-gamme-acrylique-professionnelle-sets-voir-tout","11":"first","12":"instock","13":"shipping-taxable","14":"purchasable","15":"product-type-simple"},"acf":[],"_links":{"self":[{"href":"https:\/\/trade.colart.com\/fr\/wp-json\/wp\/v2\/product\/20497","targetHints":{"allow":["GET"]}}],"collection":[{"href":"https:\/\/trade.colart.com\/fr\/wp-json\/wp\/v2\/product"}],"about":[{"href":"https:\/\/trade.colart.com\/fr\/wp-json\/wp\/v2\/types\/product"}],"replies":[{"embeddable":true,"href":"https:\/\/trade.colart.com\/fr\/wp-json\/wp\/v2\/comments?post=20497"}],"wp:featuredmedia":[{"embeddable":true,"href":"https:\/\/trade.colart.com\/fr\/wp-json\/wp\/v2\/media\/20500"}],"wp:attachment":[{"href":"https:\/\/trade.colart.com\/fr\/wp-json\/wp\/v2\/media?parent=20497"}],"wp:term":[{"taxonomy":"product_brand","embeddable":true,"href":"https:\/\/trade.colart.com\/fr\/wp-json\/wp\/v2\/product_brand?post=20497"},{"taxonomy":"product_cat","embeddable":true,"href":"https:\/\/trade.colart.com\/fr\/wp-json\/wp\/v2\/product_cat?post=20497"},{"taxonomy":"product_tag","embeddable":true,"href":"https:\/\/trade.colart.com\/fr\/wp-json\/wp\/v2\/product_tag?post=20497"}],"curies":[{"name":"wp","href":"https:\/\/api.w.org\/{rel}","templated":true}]}}