{"id":20516,"date":"2026-03-12T08:43:35","date_gmt":"2026-03-12T08:43:35","guid":{"rendered":"https:\/\/trade.colart.com\/fr\/product\/lefranc-bourgeois-etui-5-fusains-petit-buisson\/"},"modified":"2026-04-17T08:24:32","modified_gmt":"2026-04-17T08:24:32","slug":"lefranc-bourgeois-etui-de-5-fusains-petit-buisson","status":"publish","type":"product","link":"https:\/\/trade.colart.com\/fr\/product\/lefranc-bourgeois-etui-de-5-fusains-petit-buisson\/","title":{"rendered":"Lefranc Bourgeois Etui de 5 Fusains Petit Buisson"},"content":{"rendered":"<p>L\u2019\u00e9tui de 5 fusains petit buisson de forme ronde offre une grande facilit\u00e9 d\u2019utilisation. Laissez libre cours \u00e0 votre cr\u00e9ativit\u00e9 en travaillant une mati\u00e8re riche que ce soit en d\u00e9grad\u00e9 ou en aplat, technique pour laquelle il est particuli\u00e8rement recommand\u00e9.<\/p>\n","protected":false},"excerpt":{"rendered":"<p>L\u2019\u00e9tui de 5 fusains petit buisson de forme ronde offre une grande facilit\u00e9 d\u2019utilisation. Laissez libre cours \u00e0 votre cr\u00e9ativit\u00e9 en travaillant une mati\u00e8re riche que ce soit en d\u00e9grad\u00e9 ou en aplat, technique pour laquelle il est particuli\u00e8rement recommand\u00e9. <span class=\"more_dots\">&#8230;<\/span><\/p>\n<p><a class=\"btn btn-secondary understrap-read-more-link\" href=\"https:\/\/trade.colart.com\/fr\/product\/lefranc-bourgeois-etui-de-5-fusains-petit-buisson\/\">Read More&#8230;<span class=\"screen-reader-text\"> from Lefranc Bourgeois Etui de 5 Fusains Petit Buisson<\/span><\/a><\/p>\n","protected":false},"featured_media":20517,"comment_status":"closed","ping_status":"closed","template":"","meta":{"_acf_changed":false},"product_brand":[],"product_cat":[2864],"product_tag":[],"class_list":{"0":"post-20516","1":"product","2":"type-product","3":"status-publish","4":"has-post-thumbnail","6":"product_cat-lefranc-bourgeois-beaux-arts-accessoires-fusains-fixatif","8":"first","9":"instock","10":"shipping-taxable","11":"purchasable","12":"product-type-simple"},"acf":[],"_links":{"self":[{"href":"https:\/\/trade.colart.com\/fr\/wp-json\/wp\/v2\/product\/20516","targetHints":{"allow":["GET"]}}],"collection":[{"href":"https:\/\/trade.colart.com\/fr\/wp-json\/wp\/v2\/product"}],"about":[{"href":"https:\/\/trade.colart.com\/fr\/wp-json\/wp\/v2\/types\/product"}],"replies":[{"embeddable":true,"href":"https:\/\/trade.colart.com\/fr\/wp-json\/wp\/v2\/comments?post=20516"}],"wp:featuredmedia":[{"embeddable":true,"href":"https:\/\/trade.colart.com\/fr\/wp-json\/wp\/v2\/media\/20517"}],"wp:attachment":[{"href":"https:\/\/trade.colart.com\/fr\/wp-json\/wp\/v2\/media?parent=20516"}],"wp:term":[{"taxonomy":"product_brand","embeddable":true,"href":"https:\/\/trade.colart.com\/fr\/wp-json\/wp\/v2\/product_brand?post=20516"},{"taxonomy":"product_cat","embeddable":true,"href":"https:\/\/trade.colart.com\/fr\/wp-json\/wp\/v2\/product_cat?post=20516"},{"taxonomy":"product_tag","embeddable":true,"href":"https:\/\/trade.colart.com\/fr\/wp-json\/wp\/v2\/product_tag?post=20516"}],"curies":[{"name":"wp","href":"https:\/\/api.w.org\/{rel}","templated":true}]}}