{"id":20518,"date":"2026-03-12T08:43:40","date_gmt":"2026-03-12T08:43:40","guid":{"rendered":"https:\/\/trade.colart.com\/fr\/product\/lefranc-bourgeois-etui-5-fusains-venitiens\/"},"modified":"2026-04-15T10:19:45","modified_gmt":"2026-04-15T10:19:45","slug":"lefranc-bourgeois-etui-de-5-fusains-v%c3%a9nitiens","status":"publish","type":"product","link":"https:\/\/trade.colart.com\/fr\/product\/lefranc-bourgeois-etui-de-5-fusains-v%c3%a9nitiens\/","title":{"rendered":"Lefranc Bourgeois Etui de 5 Fusains V\u00e9nitiens"},"content":{"rendered":"<p>Cet \u00e9tui de 5 fusains v\u00e9nitiens en bois tendre naturel de forme carr\u00e9e vous permet de cr\u00e9er des ombr\u00e9s et des d\u00e9grad\u00e9s ainsi que des trac\u00e9s pr\u00e9cis. La longueur d\u2019un b\u00e2tonnet de 15 cm et son c\u00f4t\u00e9 de 6 mm en fait un outil de cr\u00e9ation pratique dans sa prise en main.<\/p>\n","protected":false},"excerpt":{"rendered":"<p>Cet \u00e9tui de 5 fusains v\u00e9nitiens en bois tendre naturel de forme carr\u00e9e vous permet de cr\u00e9er des ombr\u00e9s et des d\u00e9grad\u00e9s ainsi que des trac\u00e9s pr\u00e9cis. La longueur d\u2019un b\u00e2tonnet de 15 cm et son c\u00f4t\u00e9 de 6 mm en fait un outil de cr\u00e9ation pratique dans sa prise en main. <span class=\"more_dots\">&#8230;<\/span><\/p>\n<p><a class=\"btn btn-secondary understrap-read-more-link\" href=\"https:\/\/trade.colart.com\/fr\/product\/lefranc-bourgeois-etui-de-5-fusains-v%c3%a9nitiens\/\">Read More&#8230;<span class=\"screen-reader-text\"> from Lefranc Bourgeois Etui de 5 Fusains V\u00e9nitiens<\/span><\/a><\/p>\n","protected":false},"featured_media":20520,"comment_status":"closed","ping_status":"closed","template":"","meta":{"_acf_changed":false},"product_brand":[],"product_cat":[2864],"product_tag":[],"class_list":{"0":"post-20518","1":"product","2":"type-product","3":"status-publish","4":"has-post-thumbnail","6":"product_cat-lefranc-bourgeois-beaux-arts-accessoires-fusains-fixatif","8":"first","9":"instock","10":"shipping-taxable","11":"purchasable","12":"product-type-simple"},"acf":[],"_links":{"self":[{"href":"https:\/\/trade.colart.com\/fr\/wp-json\/wp\/v2\/product\/20518","targetHints":{"allow":["GET"]}}],"collection":[{"href":"https:\/\/trade.colart.com\/fr\/wp-json\/wp\/v2\/product"}],"about":[{"href":"https:\/\/trade.colart.com\/fr\/wp-json\/wp\/v2\/types\/product"}],"replies":[{"embeddable":true,"href":"https:\/\/trade.colart.com\/fr\/wp-json\/wp\/v2\/comments?post=20518"}],"wp:featuredmedia":[{"embeddable":true,"href":"https:\/\/trade.colart.com\/fr\/wp-json\/wp\/v2\/media\/20520"}],"wp:attachment":[{"href":"https:\/\/trade.colart.com\/fr\/wp-json\/wp\/v2\/media?parent=20518"}],"wp:term":[{"taxonomy":"product_brand","embeddable":true,"href":"https:\/\/trade.colart.com\/fr\/wp-json\/wp\/v2\/product_brand?post=20518"},{"taxonomy":"product_cat","embeddable":true,"href":"https:\/\/trade.colart.com\/fr\/wp-json\/wp\/v2\/product_cat?post=20518"},{"taxonomy":"product_tag","embeddable":true,"href":"https:\/\/trade.colart.com\/fr\/wp-json\/wp\/v2\/product_tag?post=20518"}],"curies":[{"name":"wp","href":"https:\/\/api.w.org\/{rel}","templated":true}]}}