{"id":20523,"date":"2026-03-12T09:23:40","date_gmt":"2026-03-12T09:23:40","guid":{"rendered":"https:\/\/trade.colart.com\/fr\/product\/lefranc-bourgeois-enfants-pack-42-maxi-crayons-6-couleurs-x7\/"},"modified":"2026-04-02T09:43:04","modified_gmt":"2026-04-02T09:43:04","slug":"lefranc-bourgeois-enfants-assortiment-de-42-maxi-crayons-6-coloris","status":"publish","type":"product","link":"https:\/\/trade.colart.com\/fr\/product\/lefranc-bourgeois-enfants-assortiment-de-42-maxi-crayons-6-coloris\/","title":{"rendered":"Lefranc Bourgeois Enfants Assortiment de 42 Maxi Crayons 6 Coloris"},"content":{"rendered":"<p>D\u00e9couvrez des crayons de couleur faits pour les petites mains avec notre Kids School Pack &#8211; Jumbo Crayons. 42 crayons de cire brillants et de haute qualit\u00e9 pour les enfants. Chaque crayon a une poign\u00e9e ergonomique en forme de champignon pour une meilleure prise en main et une meilleure manipulation. Pr\u00eats \u00e0 l&#8217;emploi, ces crayons sont parfaits sur le papier et le carton.<\/p>\n<p>Facile \u00e0 ranger, ces crayons sont empilables. Une excellente fa\u00e7on d&#8217;initier les enfants \u00e0 la couleur en classe. Pour les enfants de 18 mois et plus<\/p>\n","protected":false},"excerpt":{"rendered":"<p>D\u00e9couvrez des crayons de couleur faits pour les petites mains avec notre Kids School Pack &#8211; Jumbo Crayons. 42 crayons de cire brillants et de haute qualit\u00e9 pour les enfants. Chaque crayon a une poign\u00e9e ergonomique en forme de champignon pour une meilleure prise en main et une meilleure manipulation. Pr\u00eats \u00e0 l&#8217;emploi, ces crayons sont parfaits sur le papier et le carton.<\/p>\n<p>Facile \u00e0 ranger, ces crayons sont empilables. Une excellente fa\u00e7on d&#8217;initier les enfants \u00e0 la couleur en classe. Pour les enfants de 18 mois et plus <span class=\"more_dots\">&#8230;<\/span><\/p>\n<p><a class=\"btn btn-secondary understrap-read-more-link\" href=\"https:\/\/trade.colart.com\/fr\/product\/lefranc-bourgeois-enfants-assortiment-de-42-maxi-crayons-6-coloris\/\">Read More&#8230;<span class=\"screen-reader-text\"> from Lefranc Bourgeois Enfants Assortiment de 42 Maxi Crayons 6 Coloris<\/span><\/a><\/p>\n","protected":false},"featured_media":20524,"comment_status":"closed","ping_status":"closed","template":"","meta":{"_acf_changed":false},"product_brand":[],"product_cat":[2805],"product_tag":[],"class_list":{"0":"post-20523","1":"product","2":"type-product","3":"status-publish","4":"has-post-thumbnail","6":"product_cat-lefranc-bourgeois-enfants-school-packs","8":"first","9":"instock","10":"shipping-taxable","11":"purchasable","12":"product-type-simple"},"acf":[],"_links":{"self":[{"href":"https:\/\/trade.colart.com\/fr\/wp-json\/wp\/v2\/product\/20523","targetHints":{"allow":["GET"]}}],"collection":[{"href":"https:\/\/trade.colart.com\/fr\/wp-json\/wp\/v2\/product"}],"about":[{"href":"https:\/\/trade.colart.com\/fr\/wp-json\/wp\/v2\/types\/product"}],"replies":[{"embeddable":true,"href":"https:\/\/trade.colart.com\/fr\/wp-json\/wp\/v2\/comments?post=20523"}],"wp:featuredmedia":[{"embeddable":true,"href":"https:\/\/trade.colart.com\/fr\/wp-json\/wp\/v2\/media\/20524"}],"wp:attachment":[{"href":"https:\/\/trade.colart.com\/fr\/wp-json\/wp\/v2\/media?parent=20523"}],"wp:term":[{"taxonomy":"product_brand","embeddable":true,"href":"https:\/\/trade.colart.com\/fr\/wp-json\/wp\/v2\/product_brand?post=20523"},{"taxonomy":"product_cat","embeddable":true,"href":"https:\/\/trade.colart.com\/fr\/wp-json\/wp\/v2\/product_cat?post=20523"},{"taxonomy":"product_tag","embeddable":true,"href":"https:\/\/trade.colart.com\/fr\/wp-json\/wp\/v2\/product_tag?post=20523"}],"curies":[{"name":"wp","href":"https:\/\/api.w.org\/{rel}","templated":true}]}}