{"id":20554,"date":"2026-03-12T14:11:03","date_gmt":"2026-03-12T14:11:03","guid":{"rendered":"https:\/\/trade.colart.com\/fr\/product\/lefranc-bourgeois-set-6-couteaux-a-peindre\/"},"modified":"2026-04-17T11:06:42","modified_gmt":"2026-04-17T11:06:42","slug":"lefranc-bourgeois-set-de-6-couteaux-%c3%a0-peindre","status":"publish","type":"product","link":"https:\/\/trade.colart.com\/fr\/product\/lefranc-bourgeois-set-de-6-couteaux-%c3%a0-peindre\/","title":{"rendered":"Lefranc Bourgeois Set de 6 Couteaux \u00e0 Peindre"},"content":{"rendered":"<p>L\u00e9gers et ergonomiques, ces couteaux vous permettent de m\u00e9langer vos couleurs, d&#8217;incorporer des additifs et d&#8217;appliquer de l&#8217;acrylique et de l&#8217;huile sur votre toile.<\/p>\n<p>Chaque couteau est dot\u00e9 d&#8217;une lame flexible en acier inoxydable et d&#8217;un manche en bois de 10 cm. Outils indispensables \u00e0 la pratique de tout artiste, ce lot comprend six lames de formes et de tailles diff\u00e9rentes, qui vous aideront \u00e0 lib\u00e9rer votre cr\u00e9ativit\u00e9.<\/p>\n","protected":false},"excerpt":{"rendered":"<p>L\u00e9gers et ergonomiques, ces couteaux vous permettent de m\u00e9langer vos couleurs, d&#8217;incorporer des additifs et d&#8217;appliquer de l&#8217;acrylique et de l&#8217;huile sur votre toile.<\/p>\n<p>Chaque couteau est dot\u00e9 d&#8217;une lame flexible en acier inoxydable et d&#8217;un manche en bois de 10 cm. Outils indispensables \u00e0 la pratique de tout artiste, ce lot comprend six lames de formes et de tailles diff\u00e9rentes, qui vous aideront \u00e0 lib\u00e9rer votre cr\u00e9ativit\u00e9. <span class=\"more_dots\">&#8230;<\/span><\/p>\n<p><a class=\"btn btn-secondary understrap-read-more-link\" href=\"https:\/\/trade.colart.com\/fr\/product\/lefranc-bourgeois-set-de-6-couteaux-%c3%a0-peindre\/\">Read More&#8230;<span class=\"screen-reader-text\"> from Lefranc Bourgeois Set de 6 Couteaux \u00e0 Peindre<\/span><\/a><\/p>\n","protected":false},"featured_media":20555,"comment_status":"closed","ping_status":"closed","template":"","meta":{"_acf_changed":false},"product_brand":[],"product_cat":[2856],"product_tag":[],"class_list":{"0":"post-20554","1":"product","2":"type-product","3":"status-publish","4":"has-post-thumbnail","6":"product_cat-lefranc-bourgeois-beaux-arts-applicateurs-couteaux-sets-de-couteaux","8":"first","9":"instock","10":"shipping-taxable","11":"purchasable","12":"product-type-simple"},"acf":[],"_links":{"self":[{"href":"https:\/\/trade.colart.com\/fr\/wp-json\/wp\/v2\/product\/20554","targetHints":{"allow":["GET"]}}],"collection":[{"href":"https:\/\/trade.colart.com\/fr\/wp-json\/wp\/v2\/product"}],"about":[{"href":"https:\/\/trade.colart.com\/fr\/wp-json\/wp\/v2\/types\/product"}],"replies":[{"embeddable":true,"href":"https:\/\/trade.colart.com\/fr\/wp-json\/wp\/v2\/comments?post=20554"}],"wp:featuredmedia":[{"embeddable":true,"href":"https:\/\/trade.colart.com\/fr\/wp-json\/wp\/v2\/media\/20555"}],"wp:attachment":[{"href":"https:\/\/trade.colart.com\/fr\/wp-json\/wp\/v2\/media?parent=20554"}],"wp:term":[{"taxonomy":"product_brand","embeddable":true,"href":"https:\/\/trade.colart.com\/fr\/wp-json\/wp\/v2\/product_brand?post=20554"},{"taxonomy":"product_cat","embeddable":true,"href":"https:\/\/trade.colart.com\/fr\/wp-json\/wp\/v2\/product_cat?post=20554"},{"taxonomy":"product_tag","embeddable":true,"href":"https:\/\/trade.colart.com\/fr\/wp-json\/wp\/v2\/product_tag?post=20554"}],"curies":[{"name":"wp","href":"https:\/\/api.w.org\/{rel}","templated":true}]}}