{"id":20563,"date":"2026-03-12T16:52:30","date_gmt":"2026-03-12T16:52:30","guid":{"rendered":"https:\/\/trade.colart.com\/fr\/product\/lefranc-bourgeois-enfants-assortiment-baby-crayon-x6\/"},"modified":"2026-04-17T11:03:34","modified_gmt":"2026-04-17T11:03:34","slug":"lefranc-bourgeois-enfants-assortiment-de-6-maxi-crayons-%c3%a0-la-cire","status":"publish","type":"product","link":"https:\/\/trade.colart.com\/fr\/product\/lefranc-bourgeois-enfants-assortiment-de-6-maxi-crayons-%c3%a0-la-cire\/","title":{"rendered":"Lefranc Bourgeois Enfants Assortiment de 6 Maxi Crayons \u00e0 la Cire"},"content":{"rendered":"<p>D\u00e9couvrez des crayons faits pour les petites mains avec nos Kids Jumbo Crayons x6. Six crayons de cire brillants et de haute qualit\u00e9 pour les enfants. Chaque crayon a une poign\u00e9e ergonomique en forme de champignon pour une meilleure prise en main et une meilleure manipulation. Pr\u00eats \u00e0 l&#8217;emploi, ces crayons sont parfaits sur le papier et le carton.<\/p>\n<p>Faciles \u00e0 ranger, ces crayons peuvent \u00eatre empil\u00e9s. Une excellente fa\u00e7on d&#8217;initier les enfants \u00e0 la couleur \u00e0 la maison ou \u00e0 la cr\u00e8che. Pour les enfants de 18 mois et plus.<\/p>\n","protected":false},"excerpt":{"rendered":"<p>D\u00e9couvrez des crayons faits pour les petites mains avec nos Kids Jumbo Crayons x6. Six crayons de cire brillants et de haute qualit\u00e9 pour les enfants. Chaque crayon a une poign\u00e9e ergonomique en forme de champignon pour une meilleure prise en main et une meilleure manipulation. Pr\u00eats \u00e0 l&#8217;emploi, ces crayons sont parfaits sur le papier et le carton.<\/p>\n<p>Faciles \u00e0 ranger, ces crayons peuvent \u00eatre empil\u00e9s. Une excellente fa\u00e7on d&#8217;initier les enfants \u00e0 la couleur \u00e0 la maison ou \u00e0 la cr\u00e8che. Pour les enfants de 18 mois et plus. <span class=\"more_dots\">&#8230;<\/span><\/p>\n<p><a class=\"btn btn-secondary understrap-read-more-link\" href=\"https:\/\/trade.colart.com\/fr\/product\/lefranc-bourgeois-enfants-assortiment-de-6-maxi-crayons-%c3%a0-la-cire\/\">Read More&#8230;<span class=\"screen-reader-text\"> from Lefranc Bourgeois Enfants Assortiment de 6 Maxi Crayons \u00e0 la Cire<\/span><\/a><\/p>\n","protected":false},"featured_media":20564,"comment_status":"closed","ping_status":"closed","template":"","meta":{"_acf_changed":false},"product_brand":[],"product_cat":[2448],"product_tag":[],"class_list":{"0":"post-20563","1":"product","2":"type-product","3":"status-publish","4":"has-post-thumbnail","6":"product_cat-lefranc-bourgeois-enfants-18m-decouverte-artistique-les-premieres-couleurs","8":"first","9":"instock","10":"shipping-taxable","11":"purchasable","12":"product-type-simple"},"acf":[],"_links":{"self":[{"href":"https:\/\/trade.colart.com\/fr\/wp-json\/wp\/v2\/product\/20563","targetHints":{"allow":["GET"]}}],"collection":[{"href":"https:\/\/trade.colart.com\/fr\/wp-json\/wp\/v2\/product"}],"about":[{"href":"https:\/\/trade.colart.com\/fr\/wp-json\/wp\/v2\/types\/product"}],"replies":[{"embeddable":true,"href":"https:\/\/trade.colart.com\/fr\/wp-json\/wp\/v2\/comments?post=20563"}],"wp:featuredmedia":[{"embeddable":true,"href":"https:\/\/trade.colart.com\/fr\/wp-json\/wp\/v2\/media\/20564"}],"wp:attachment":[{"href":"https:\/\/trade.colart.com\/fr\/wp-json\/wp\/v2\/media?parent=20563"}],"wp:term":[{"taxonomy":"product_brand","embeddable":true,"href":"https:\/\/trade.colart.com\/fr\/wp-json\/wp\/v2\/product_brand?post=20563"},{"taxonomy":"product_cat","embeddable":true,"href":"https:\/\/trade.colart.com\/fr\/wp-json\/wp\/v2\/product_cat?post=20563"},{"taxonomy":"product_tag","embeddable":true,"href":"https:\/\/trade.colart.com\/fr\/wp-json\/wp\/v2\/product_tag?post=20563"}],"curies":[{"name":"wp","href":"https:\/\/api.w.org\/{rel}","templated":true}]}}