{"id":20578,"date":"2026-03-12T16:53:32","date_gmt":"2026-03-12T16:53:32","guid":{"rendered":"https:\/\/trade.colart.com\/fr\/product\/lefranc-bourgeois-enfants-colle-paillet%c3%a9e-6x55ml-couleurs-classiques\/"},"modified":"2026-04-03T08:56:30","modified_gmt":"2026-04-03T08:56:30","slug":"lefranc-bourgeois-enfants-assortiment-de-6-colles-paillet%c3%a9es","status":"publish","type":"product","link":"https:\/\/trade.colart.com\/fr\/product\/lefranc-bourgeois-enfants-assortiment-de-6-colles-paillet%c3%a9es\/","title":{"rendered":"Lefranc Bourgeois Enfants Assortiment de 6 Colles Paillet\u00e9es"},"content":{"rendered":"<p>Rendez vos d\u00e9corations \u00e9blouissantes avec notre set de colles paillet\u00e9es pour enfants 5ml. Ces six colles paillet\u00e9es brillantes et \u00e9clatantes sont pr\u00e9sent\u00e9es dans des tubes pr\u00eats \u00e0 l&#8217;emploi. Fortement adh\u00e9sives, vous pouvez les utiliser sur presque toutes les surfaces, des sculptures aux peintures et en passant par les cartes.<\/p>\n<p>Lavables en machine \u00e0 60\u00b0C, elles sont id\u00e9ales pour la maison et l&#8217;\u00e9cole. Recommand\u00e9 \u00e0 partir de 3 ans.<\/p>\n","protected":false},"excerpt":{"rendered":"<p>Rendez vos d\u00e9corations \u00e9blouissantes avec notre set de colles paillet\u00e9es pour enfants 5ml. Ces six colles paillet\u00e9es brillantes et \u00e9clatantes sont pr\u00e9sent\u00e9es dans des tubes pr\u00eats \u00e0 l&#8217;emploi. Fortement adh\u00e9sives, vous pouvez les utiliser sur presque toutes les surfaces, des sculptures aux peintures et en passant par les cartes.<\/p>\n<p>Lavables en machine \u00e0 60\u00b0C, elles sont id\u00e9ales pour la maison et l&#8217;\u00e9cole. Recommand\u00e9 \u00e0 partir de 3 ans. <span class=\"more_dots\">&#8230;<\/span><\/p>\n<p><a class=\"btn btn-secondary understrap-read-more-link\" href=\"https:\/\/trade.colart.com\/fr\/product\/lefranc-bourgeois-enfants-assortiment-de-6-colles-paillet%c3%a9es\/\">Read More&#8230;<span class=\"screen-reader-text\"> from Lefranc Bourgeois Enfants Assortiment de 6 Colles Paillet\u00e9es<\/span><\/a><\/p>\n","protected":false},"featured_media":20580,"comment_status":"closed","ping_status":"closed","template":"","meta":{"_acf_changed":false},"product_brand":[],"product_cat":[2767],"product_tag":[],"class_list":{"0":"post-20578","1":"product","2":"type-product","3":"status-publish","4":"has-post-thumbnail","6":"product_cat-lefranc-bourgeois-enfants-4-ans-eveil-artistique-couleurs-pailletees","8":"first","9":"instock","10":"shipping-taxable","11":"purchasable","12":"product-type-simple"},"acf":[],"_links":{"self":[{"href":"https:\/\/trade.colart.com\/fr\/wp-json\/wp\/v2\/product\/20578","targetHints":{"allow":["GET"]}}],"collection":[{"href":"https:\/\/trade.colart.com\/fr\/wp-json\/wp\/v2\/product"}],"about":[{"href":"https:\/\/trade.colart.com\/fr\/wp-json\/wp\/v2\/types\/product"}],"replies":[{"embeddable":true,"href":"https:\/\/trade.colart.com\/fr\/wp-json\/wp\/v2\/comments?post=20578"}],"wp:featuredmedia":[{"embeddable":true,"href":"https:\/\/trade.colart.com\/fr\/wp-json\/wp\/v2\/media\/20580"}],"wp:attachment":[{"href":"https:\/\/trade.colart.com\/fr\/wp-json\/wp\/v2\/media?parent=20578"}],"wp:term":[{"taxonomy":"product_brand","embeddable":true,"href":"https:\/\/trade.colart.com\/fr\/wp-json\/wp\/v2\/product_brand?post=20578"},{"taxonomy":"product_cat","embeddable":true,"href":"https:\/\/trade.colart.com\/fr\/wp-json\/wp\/v2\/product_cat?post=20578"},{"taxonomy":"product_tag","embeddable":true,"href":"https:\/\/trade.colart.com\/fr\/wp-json\/wp\/v2\/product_tag?post=20578"}],"curies":[{"name":"wp","href":"https:\/\/api.w.org\/{rel}","templated":true}]}}