{"id":20582,"date":"2026-01-05T20:29:25","date_gmt":"2026-01-05T20:29:25","guid":{"rendered":"https:\/\/trade.colart.com\/fr\/product\/lefranc-bourgeois-enfants-pinceaux-fun-filles-soie-porc-assortiment-n10121418\/"},"modified":"2026-04-10T11:46:53","modified_gmt":"2026-04-10T11:46:53","slug":"lefranc-bourgeois-enfants-assortiment-de-pinceaux-fun-en-soie-de-porc-n10121418","status":"publish","type":"product","link":"https:\/\/trade.colart.com\/fr\/product\/lefranc-bourgeois-enfants-assortiment-de-pinceaux-fun-en-soie-de-porc-n10121418\/","title":{"rendered":"Lefranc Bourgeois Enfants Assortiment de Pinceaux Fun en Soie de Porc (N\u00b010\/12\/14\/18)"},"content":{"rendered":"<p>Ajoutez un peu de magie \u00e0 votre peinture avec notre set de pinceaux \u00e0 paillettes pour enfants. Ce set contient quatre pinceaux assortis en fibres naturelles, deux plats (N\u00b010 &amp; N\u00b014) et deux ronds (N\u00b012 &amp; N\u00b018). Dot\u00e9s de poign\u00e9es paillet\u00e9es \u00e9blouissantes et faciles \u00e0 tenir, ils sont faits pour les enfants.<\/p>\n<p>Gr\u00e2ce \u00e0 leurs poils durables, ces pinceaux sont adapt\u00e9s \u00e0 l&#8217;acrylique, l&#8217;aquarelle et la gouache. Recommand\u00e9 pour les 4 ans et plus<\/p>\n","protected":false},"excerpt":{"rendered":"<p>Ajoutez un peu de magie \u00e0 votre peinture avec notre set de pinceaux \u00e0 paillettes pour enfants. Ce set contient quatre pinceaux assortis en fibres naturelles, deux plats (N\u00b010 &amp; N\u00b014) et deux ronds (N\u00b012 &amp; N\u00b018). Dot\u00e9s de poign\u00e9es paillet\u00e9es \u00e9blouissantes et faciles \u00e0 tenir, ils sont faits pour les enfants.<\/p>\n<p>Gr\u00e2ce \u00e0 leurs poils durables, ces pinceaux sont adapt\u00e9s \u00e0 l&#8217;acrylique, l&#8217;aquarelle et la gouache. Recommand\u00e9 pour les 4 ans et plus <span class=\"more_dots\">&#8230;<\/span><\/p>\n<p><a class=\"btn btn-secondary understrap-read-more-link\" href=\"https:\/\/trade.colart.com\/fr\/product\/lefranc-bourgeois-enfants-assortiment-de-pinceaux-fun-en-soie-de-porc-n10121418\/\">Read More&#8230;<span class=\"screen-reader-text\"> from Lefranc Bourgeois Enfants Assortiment de Pinceaux Fun en Soie de Porc (N\u00b010\/12\/14\/18)<\/span><\/a><\/p>\n","protected":false},"featured_media":20583,"comment_status":"closed","ping_status":"closed","template":"","meta":{"_acf_changed":false},"product_brand":[],"product_cat":[2802],"product_tag":[],"class_list":{"0":"post-20582","1":"product","2":"type-product","3":"status-publish","4":"has-post-thumbnail","6":"product_cat-lefranc-bourgeois-enfants-10-ans-education-artistique-brosses-pinceaux-pinceaux-fun","8":"first","9":"instock","10":"shipping-taxable","11":"purchasable","12":"product-type-simple"},"acf":[],"_links":{"self":[{"href":"https:\/\/trade.colart.com\/fr\/wp-json\/wp\/v2\/product\/20582","targetHints":{"allow":["GET"]}}],"collection":[{"href":"https:\/\/trade.colart.com\/fr\/wp-json\/wp\/v2\/product"}],"about":[{"href":"https:\/\/trade.colart.com\/fr\/wp-json\/wp\/v2\/types\/product"}],"replies":[{"embeddable":true,"href":"https:\/\/trade.colart.com\/fr\/wp-json\/wp\/v2\/comments?post=20582"}],"wp:featuredmedia":[{"embeddable":true,"href":"https:\/\/trade.colart.com\/fr\/wp-json\/wp\/v2\/media\/20583"}],"wp:attachment":[{"href":"https:\/\/trade.colart.com\/fr\/wp-json\/wp\/v2\/media?parent=20582"}],"wp:term":[{"taxonomy":"product_brand","embeddable":true,"href":"https:\/\/trade.colart.com\/fr\/wp-json\/wp\/v2\/product_brand?post=20582"},{"taxonomy":"product_cat","embeddable":true,"href":"https:\/\/trade.colart.com\/fr\/wp-json\/wp\/v2\/product_cat?post=20582"},{"taxonomy":"product_tag","embeddable":true,"href":"https:\/\/trade.colart.com\/fr\/wp-json\/wp\/v2\/product_tag?post=20582"}],"curies":[{"name":"wp","href":"https:\/\/api.w.org\/{rel}","templated":true}]}}