{"id":20599,"date":"2026-03-12T17:01:22","date_gmt":"2026-03-12T17:01:22","guid":{"rendered":"https:\/\/trade.colart.com\/fr\/product\/lefranc-bourgeois-enfants-boite-carton-pegbordable-gouache-10x10ml\/"},"modified":"2026-04-16T08:26:01","modified_gmt":"2026-04-16T08:26:01","slug":"lefranc-bourgeois-set-de-gouaches-sup%c3%a9rieures-10-tubes-10ml","status":"publish","type":"product","link":"https:\/\/trade.colart.com\/fr\/product\/lefranc-bourgeois-set-de-gouaches-sup%c3%a9rieures-10-tubes-10ml\/","title":{"rendered":"Lefranc Bourgeois Set de Gouaches Sup\u00e9rieures 10 tubes (10ml)"},"content":{"rendered":"<p>Nourrissez la cr\u00e9ativit\u00e9 de vos jeunes artistes avec nos sets de gouache de haute qualit\u00e9 pour enfants. Approuv\u00e9e par les enseignants, cette gamme propose des kits de peinture gouache pour l&#8217;\u00e9cole. <\/p>\n<p>Chaque set contient une s\u00e9lection de gouaches de haute qualit\u00e9, et certains incluent \u00e9galement un pinceau rond. Id\u00e9ale pour pratiquer la technique, notre gouache contient des pigments de qualit\u00e9 pour un meilleur m\u00e9lange des couleurs. Pr\u00e9sent\u00e9e dans des tubes robustes de 10 et 20 ml. Pour les 10 ans et plus<\/p>\n","protected":false},"excerpt":{"rendered":"<p>Nourrissez la cr\u00e9ativit\u00e9 de vos jeunes artistes avec nos sets de gouache de haute qualit\u00e9 pour enfants. Approuv\u00e9e par les enseignants, cette gamme propose des kits de peinture gouache pour l&#8217;\u00e9cole. <\/p>\n<p>Chaque set contient une s\u00e9lection de gouaches de haute qualit\u00e9, et certains incluent \u00e9galement un pinceau rond. Id\u00e9ale pour pratiquer la technique, notre gouache contient des pigments de qualit\u00e9 pour un meilleur m\u00e9lange des couleurs. Pr\u00e9sent\u00e9e dans des tubes robustes de 10 et 20 ml. Pour les 10 ans et plus <span class=\"more_dots\">&#8230;<\/span><\/p>\n<p><a class=\"btn btn-secondary understrap-read-more-link\" href=\"https:\/\/trade.colart.com\/fr\/product\/lefranc-bourgeois-set-de-gouaches-sup%c3%a9rieures-10-tubes-10ml\/\">Read More&#8230;<span class=\"screen-reader-text\"> from Lefranc Bourgeois Set de Gouaches Sup\u00e9rieures 10 tubes (10ml)<\/span><\/a><\/p>\n","protected":false},"featured_media":52959,"comment_status":"closed","ping_status":"closed","template":"","meta":{"_acf_changed":false},"product_brand":[],"product_cat":[2792],"product_tag":[],"class_list":{"0":"post-20599","1":"product","2":"type-product","3":"status-publish","4":"has-post-thumbnail","6":"product_cat-lefranc-bourgeois-enfants-10-ans-education-artistique-gouache-en-tubes-boites","8":"first","9":"outofstock","10":"shipping-taxable","11":"purchasable","12":"product-type-simple"},"acf":[],"_links":{"self":[{"href":"https:\/\/trade.colart.com\/fr\/wp-json\/wp\/v2\/product\/20599","targetHints":{"allow":["GET"]}}],"collection":[{"href":"https:\/\/trade.colart.com\/fr\/wp-json\/wp\/v2\/product"}],"about":[{"href":"https:\/\/trade.colart.com\/fr\/wp-json\/wp\/v2\/types\/product"}],"replies":[{"embeddable":true,"href":"https:\/\/trade.colart.com\/fr\/wp-json\/wp\/v2\/comments?post=20599"}],"wp:featuredmedia":[{"embeddable":true,"href":"https:\/\/trade.colart.com\/fr\/wp-json\/wp\/v2\/media\/52959"}],"wp:attachment":[{"href":"https:\/\/trade.colart.com\/fr\/wp-json\/wp\/v2\/media?parent=20599"}],"wp:term":[{"taxonomy":"product_brand","embeddable":true,"href":"https:\/\/trade.colart.com\/fr\/wp-json\/wp\/v2\/product_brand?post=20599"},{"taxonomy":"product_cat","embeddable":true,"href":"https:\/\/trade.colart.com\/fr\/wp-json\/wp\/v2\/product_cat?post=20599"},{"taxonomy":"product_tag","embeddable":true,"href":"https:\/\/trade.colart.com\/fr\/wp-json\/wp\/v2\/product_tag?post=20599"}],"curies":[{"name":"wp","href":"https:\/\/api.w.org\/{rel}","templated":true}]}}