{"id":20753,"date":"2026-03-12T21:42:29","date_gmt":"2026-03-12T21:42:29","guid":{"rendered":"https:\/\/trade.colart.com\/fr\/product\/winsor-newton-set-de-4-crayons-graphite-gomme\/"},"modified":"2026-04-16T12:30:48","modified_gmt":"2026-04-16T12:30:48","slug":"winsor-newton-set-de-4-crayons-graphite-gomme","status":"publish","type":"product","link":"https:\/\/trade.colart.com\/fr\/product\/winsor-newton-set-de-4-crayons-graphite-gomme\/","title":{"rendered":"Winsor &amp; Newton Set de 4 crayons graphite &#8211; gomme"},"content":{"rendered":"<p>Id\u00e9aux pour capturer le mouvement ou l&#8217;inspiration en d\u00e9placement, les crayons sont disponibles dans une gamme de duret\u00e9s adapt\u00e9es \u00e0 diverses trac\u00e9s et nuances. Les gradations H sont les mieux adapt\u00e9es pour les dessins d\u00e9licats et complexes, tandis que les gradations B plus doux et plus sombres sont parfaits pour l&#8217;ombrage et une couverture homog\u00e8ne de grandes surfaces.<\/p>\n<p>Disponibles en blister, parfaits pour les \u00e9tudiants et les d\u00e9butants.<\/p>\n","protected":false},"excerpt":{"rendered":"<p>Id\u00e9aux pour capturer le mouvement ou l&#8217;inspiration en d\u00e9placement, les crayons sont disponibles dans une gamme de duret\u00e9s adapt\u00e9es \u00e0 diverses trac\u00e9s et nuances. Les gradations H sont les mieux adapt\u00e9es pour les dessins d\u00e9licats et complexes, tandis que les gradations B plus doux et plus sombres sont parfaits pour l&#8217;ombrage et une couverture homog\u00e8ne de grandes surfaces.<\/p>\n<p>Disponibles en blister, parfaits pour les \u00e9tudiants et les d\u00e9butants. <span class=\"more_dots\">&#8230;<\/span><\/p>\n<p><a class=\"btn btn-secondary understrap-read-more-link\" href=\"https:\/\/trade.colart.com\/fr\/product\/winsor-newton-set-de-4-crayons-graphite-gomme\/\">Read More&#8230;<span class=\"screen-reader-text\"> from Winsor &amp; Newton Set de 4 crayons graphite &#8211; gomme<\/span><\/a><\/p>\n","protected":false},"featured_media":55921,"comment_status":"closed","ping_status":"closed","template":"","meta":{"_acf_changed":false},"product_brand":[],"product_cat":[311,309],"product_tag":[],"class_list":{"0":"post-20753","1":"product","2":"type-product","3":"status-publish","4":"has-post-thumbnail","6":"product_cat-winsor-newton-arts-graphiques-crayons-studio-collection-crayons-graphite-studio-collection","7":"product_cat-winsor-newton-coffrets-sets-crayons-studio-collection","9":"first","10":"instock","11":"shipping-taxable","12":"purchasable","13":"product-type-simple"},"acf":[],"_links":{"self":[{"href":"https:\/\/trade.colart.com\/fr\/wp-json\/wp\/v2\/product\/20753","targetHints":{"allow":["GET"]}}],"collection":[{"href":"https:\/\/trade.colart.com\/fr\/wp-json\/wp\/v2\/product"}],"about":[{"href":"https:\/\/trade.colart.com\/fr\/wp-json\/wp\/v2\/types\/product"}],"replies":[{"embeddable":true,"href":"https:\/\/trade.colart.com\/fr\/wp-json\/wp\/v2\/comments?post=20753"}],"wp:featuredmedia":[{"embeddable":true,"href":"https:\/\/trade.colart.com\/fr\/wp-json\/wp\/v2\/media\/55921"}],"wp:attachment":[{"href":"https:\/\/trade.colart.com\/fr\/wp-json\/wp\/v2\/media?parent=20753"}],"wp:term":[{"taxonomy":"product_brand","embeddable":true,"href":"https:\/\/trade.colart.com\/fr\/wp-json\/wp\/v2\/product_brand?post=20753"},{"taxonomy":"product_cat","embeddable":true,"href":"https:\/\/trade.colart.com\/fr\/wp-json\/wp\/v2\/product_cat?post=20753"},{"taxonomy":"product_tag","embeddable":true,"href":"https:\/\/trade.colart.com\/fr\/wp-json\/wp\/v2\/product_tag?post=20753"}],"curies":[{"name":"wp","href":"https:\/\/api.w.org\/{rel}","templated":true}]}}