{"id":20758,"date":"2026-03-12T21:42:48","date_gmt":"2026-03-12T21:42:48","guid":{"rendered":"https:\/\/trade.colart.com\/fr\/product\/winsor-newton-dessin-craylons-x4-gomme\/"},"modified":"2026-04-16T12:30:56","modified_gmt":"2026-04-16T12:30:56","slug":"winsor-newton-dessin-craylons-x4-gomme","status":"publish","type":"product","link":"https:\/\/trade.colart.com\/fr\/product\/winsor-newton-dessin-craylons-x4-gomme\/","title":{"rendered":"Winsor &amp; Newton Dessin craylons x4 + gomme"},"content":{"rendered":"<p>Les crayons fusains classiques se m\u00e9langent facilement, ce qui les rend id\u00e9aux pour des dessins vivants saisissants et des natures mortes. Tr\u00e8s polyvalents, ces crayons de haute qualit\u00e9 sont \u00e9galement parfaits pour des esquisses spontan\u00e9es, vous permettant de capturer rapidement le mouvement et d&#8217;essayer de nouvelles id\u00e9es. Disponibles en blister, ils sont parfaits pour les \u00e9tudiants et les d\u00e9butants.<\/p>\n","protected":false},"excerpt":{"rendered":"<p>Les crayons fusains classiques se m\u00e9langent facilement, ce qui les rend id\u00e9aux pour des dessins vivants saisissants et des natures mortes. Tr\u00e8s polyvalents, ces crayons de haute qualit\u00e9 sont \u00e9galement parfaits pour des esquisses spontan\u00e9es, vous permettant de capturer rapidement le mouvement et d&#8217;essayer de nouvelles id\u00e9es. Disponibles en blister, ils sont parfaits pour les \u00e9tudiants et les d\u00e9butants. <span class=\"more_dots\">&#8230;<\/span><\/p>\n<p><a class=\"btn btn-secondary understrap-read-more-link\" href=\"https:\/\/trade.colart.com\/fr\/product\/winsor-newton-dessin-craylons-x4-gomme\/\">Read More&#8230;<span class=\"screen-reader-text\"> from Winsor &amp; Newton Dessin craylons x4 + gomme<\/span><\/a><\/p>\n","protected":false},"featured_media":54575,"comment_status":"closed","ping_status":"closed","template":"","meta":{"_acf_changed":false},"product_brand":[],"product_cat":[311,309],"product_tag":[],"class_list":{"0":"post-20758","1":"product","2":"type-product","3":"status-publish","4":"has-post-thumbnail","6":"product_cat-winsor-newton-arts-graphiques-crayons-studio-collection-crayons-graphite-studio-collection","7":"product_cat-winsor-newton-coffrets-sets-crayons-studio-collection","9":"first","10":"instock","11":"shipping-taxable","12":"purchasable","13":"product-type-simple"},"acf":[],"_links":{"self":[{"href":"https:\/\/trade.colart.com\/fr\/wp-json\/wp\/v2\/product\/20758","targetHints":{"allow":["GET"]}}],"collection":[{"href":"https:\/\/trade.colart.com\/fr\/wp-json\/wp\/v2\/product"}],"about":[{"href":"https:\/\/trade.colart.com\/fr\/wp-json\/wp\/v2\/types\/product"}],"replies":[{"embeddable":true,"href":"https:\/\/trade.colart.com\/fr\/wp-json\/wp\/v2\/comments?post=20758"}],"wp:featuredmedia":[{"embeddable":true,"href":"https:\/\/trade.colart.com\/fr\/wp-json\/wp\/v2\/media\/54575"}],"wp:attachment":[{"href":"https:\/\/trade.colart.com\/fr\/wp-json\/wp\/v2\/media?parent=20758"}],"wp:term":[{"taxonomy":"product_brand","embeddable":true,"href":"https:\/\/trade.colart.com\/fr\/wp-json\/wp\/v2\/product_brand?post=20758"},{"taxonomy":"product_cat","embeddable":true,"href":"https:\/\/trade.colart.com\/fr\/wp-json\/wp\/v2\/product_cat?post=20758"},{"taxonomy":"product_tag","embeddable":true,"href":"https:\/\/trade.colart.com\/fr\/wp-json\/wp\/v2\/product_tag?post=20758"}],"curies":[{"name":"wp","href":"https:\/\/api.w.org\/{rel}","templated":true}]}}