{"id":20763,"date":"2026-03-12T21:48:45","date_gmt":"2026-03-12T21:48:45","guid":{"rendered":"https:\/\/trade.colart.com\/fr\/product\/winsor-newton-fusain-crayon-x-6\/"},"modified":"2026-04-13T14:54:15","modified_gmt":"2026-04-13T14:54:15","slug":"winsor-newton-fusain-crayon-x-6","status":"publish","type":"product","link":"https:\/\/trade.colart.com\/fr\/product\/winsor-newton-fusain-crayon-x-6\/","title":{"rendered":"Winsor &amp; Newton Fusain crayon x 6"},"content":{"rendered":"<p>Red\u00e9couvrez les bases de l&#8217;esquisse avec ce set de fusains de diff\u00e9rentes duret\u00e9s. Les fusains tendre, moyen et dur sont parfaits pour cr\u00e9er une gamme d&#8217;effets traditionnels. Les b\u00e2tonnets en bois offrent une exp\u00e9rience de croquis pratique, r\u00e9duisant la poussi\u00e8re et permettant une pr\u00e9cision accrue qui donne vie \u00e0 vos esquisses.<\/p>\n","protected":false},"excerpt":{"rendered":"<p>Red\u00e9couvrez les bases de l&#8217;esquisse avec ce set de fusains de diff\u00e9rentes duret\u00e9s. Les fusains tendre, moyen et dur sont parfaits pour cr\u00e9er une gamme d&#8217;effets traditionnels. Les b\u00e2tonnets en bois offrent une exp\u00e9rience de croquis pratique, r\u00e9duisant la poussi\u00e8re et permettant une pr\u00e9cision accrue qui donne vie \u00e0 vos esquisses. <span class=\"more_dots\">&#8230;<\/span><\/p>\n<p><a class=\"btn btn-secondary understrap-read-more-link\" href=\"https:\/\/trade.colart.com\/fr\/product\/winsor-newton-fusain-crayon-x-6\/\">Read More&#8230;<span class=\"screen-reader-text\"> from Winsor &amp; Newton Fusain crayon x 6<\/span><\/a><\/p>\n","protected":false},"featured_media":53541,"comment_status":"closed","ping_status":"closed","template":"","meta":{"_acf_changed":false},"product_brand":[],"product_cat":[311,309],"product_tag":[],"class_list":{"0":"post-20763","1":"product","2":"type-product","3":"status-publish","4":"has-post-thumbnail","6":"product_cat-winsor-newton-arts-graphiques-crayons-studio-collection-crayons-graphite-studio-collection","7":"product_cat-winsor-newton-coffrets-sets-crayons-studio-collection","9":"first","10":"instock","11":"shipping-taxable","12":"purchasable","13":"product-type-simple"},"acf":[],"_links":{"self":[{"href":"https:\/\/trade.colart.com\/fr\/wp-json\/wp\/v2\/product\/20763","targetHints":{"allow":["GET"]}}],"collection":[{"href":"https:\/\/trade.colart.com\/fr\/wp-json\/wp\/v2\/product"}],"about":[{"href":"https:\/\/trade.colart.com\/fr\/wp-json\/wp\/v2\/types\/product"}],"replies":[{"embeddable":true,"href":"https:\/\/trade.colart.com\/fr\/wp-json\/wp\/v2\/comments?post=20763"}],"wp:featuredmedia":[{"embeddable":true,"href":"https:\/\/trade.colart.com\/fr\/wp-json\/wp\/v2\/media\/53541"}],"wp:attachment":[{"href":"https:\/\/trade.colart.com\/fr\/wp-json\/wp\/v2\/media?parent=20763"}],"wp:term":[{"taxonomy":"product_brand","embeddable":true,"href":"https:\/\/trade.colart.com\/fr\/wp-json\/wp\/v2\/product_brand?post=20763"},{"taxonomy":"product_cat","embeddable":true,"href":"https:\/\/trade.colart.com\/fr\/wp-json\/wp\/v2\/product_cat?post=20763"},{"taxonomy":"product_tag","embeddable":true,"href":"https:\/\/trade.colart.com\/fr\/wp-json\/wp\/v2\/product_tag?post=20763"}],"curies":[{"name":"wp","href":"https:\/\/api.w.org\/{rel}","templated":true}]}}